{"id":4963,"date":"2016-09-02T11:34:51","date_gmt":"2016-09-02T15:34:51","guid":{"rendered":"https:\/\/se.csbe.qc.ca\/universsocial\/?page_id=4963"},"modified":"2016-09-02T11:34:51","modified_gmt":"2016-09-02T15:34:51","slug":"planifications-globales-csbe-hec-1er-cycle-2016","status":"publish","type":"page","link":"https:\/\/se.csbe.qc.ca\/universsocial\/planifications-globales-csbe-hec-1er-cycle-2016\/","title":{"rendered":"Planifications globales CSBE &#8211; HEC, 1er cycle (2016)"},"content":{"rendered":"<div class=\"page-restrict-output\"><h2>Voici deux nouveaux mod\u00e8les de planification globale pouvant \u00eatre adapt\u00e9 \u00e0 votre r\u00e9alit\u00e9.<\/h2>\n<h2><a href=\"https:\/\/se.csbe.qc.ca\/universsocial\/files\/2016\/09\/HEC1.-Mod\u00e8le-de-planification-globale-CSBE.doc\">HEC1. Mod\u00e8le de planification globale &#8211; CSBE<\/a><\/h2>\n<h2><a href=\"https:\/\/se.csbe.qc.ca\/universsocial\/files\/2016\/09\/HEC2.-Mod\u00e8le-de-planification-globale-CSBE.doc\">HEC2. Mod\u00e8le de planification globale &#8211; CSBE<\/a><\/h2>\n<!-- WP Attachments -->\r\n        <div style=\"width:100%;margin:10px 0 10px 0;\">\r\n            <h3>Attachments<\/h3>\r\n        <ul class=\"post-attachments\"><li class=\"post-attachment mime-application-msword\"><a href=\"https:\/\/se.csbe.qc.ca\/universsocial\/files\/2016\/09\/HEC1.-Mod\u00e8le-de-planification-globale-CSBE.doc\">HEC1. Mod\u00e8le de planification globale - CSBE<\/a> <small>(136 kB)<\/small><\/li><li class=\"post-attachment mime-application-msword\"><a href=\"https:\/\/se.csbe.qc.ca\/universsocial\/files\/2016\/09\/HEC2.-Mod\u00e8le-de-planification-globale-CSBE.doc\">HEC2. Mod\u00e8le de planification globale - CSBE<\/a> <small>(142 kB)<\/small><\/li><\/ul><\/div><\/div>","protected":false},"excerpt":{"rendered":"<div class=\"page-restrict-output\"><p>Voici deux nouveaux mod\u00e8les de planification globale pouvant \u00eatre adapt\u00e9 \u00e0 votre r\u00e9alit\u00e9. HEC1. Mod\u00e8le de planification globale &#8211; CSBE HEC2. Mod\u00e8le de planification globale &#8211; CSBE Attachments HEC1. Mod\u00e8le de planification globale &#8211; CSBE (136 kB)HEC2. Mod\u00e8le de planification globale &#8211; CSBE (142 kB)<\/p>\n<\/div>","protected":false},"author":209,"featured_media":0,"parent":0,"menu_order":0,"comment_status":"closed","ping_status":"closed","template":"","meta":{"footnotes":""},"class_list":["post-4963","page","type-page","status-publish","hentry","nodate","item-wrap"],"_links":{"self":[{"href":"https:\/\/se.csbe.qc.ca\/universsocial\/wp-json\/wp\/v2\/pages\/4963","targetHints":{"allow":["GET"]}}],"collection":[{"href":"https:\/\/se.csbe.qc.ca\/universsocial\/wp-json\/wp\/v2\/pages"}],"about":[{"href":"https:\/\/se.csbe.qc.ca\/universsocial\/wp-json\/wp\/v2\/types\/page"}],"author":[{"embeddable":true,"href":"https:\/\/se.csbe.qc.ca\/universsocial\/wp-json\/wp\/v2\/users\/209"}],"replies":[{"embeddable":true,"href":"https:\/\/se.csbe.qc.ca\/universsocial\/wp-json\/wp\/v2\/comments?post=4963"}],"version-history":[{"count":1,"href":"https:\/\/se.csbe.qc.ca\/universsocial\/wp-json\/wp\/v2\/pages\/4963\/revisions"}],"predecessor-version":[{"id":4966,"href":"https:\/\/se.csbe.qc.ca\/universsocial\/wp-json\/wp\/v2\/pages\/4963\/revisions\/4966"}],"wp:attachment":[{"href":"https:\/\/se.csbe.qc.ca\/universsocial\/wp-json\/wp\/v2\/media?parent=4963"}],"curies":[{"name":"wp","href":"https:\/\/api.w.org\/{rel}","templated":true}]}}