{"id":4883,"date":"2016-06-21T14:44:42","date_gmt":"2016-06-21T18:44:42","guid":{"rendered":"https:\/\/se.csbe.qc.ca\/universsocial\/?page_id=4883"},"modified":"2017-08-22T09:30:13","modified_gmt":"2017-08-22T13:30:13","slug":"ressources-pedagogiques-education-financiere","status":"publish","type":"page","link":"https:\/\/se.csbe.qc.ca\/universsocial\/ressources-pedagogiques-education-financiere\/","title":{"rendered":"Ressources p\u00e9dagogiques &#8211; \u00c9ducation financi\u00e8re"},"content":{"rendered":"<div class=\"page-restrict-output\"><h4>Voici quelques liens vers des ressources en <em>\u00c9ducation financi\u00e8re<\/em>.<\/h4>\n<p>&nbsp;<\/p>\n<h3>Vid\u00e9o d&rsquo;introduction aux finances partag\u00e9e par Monsieur Ga\u00e9tan Cloutier, enseignant \u00e0 la PBV. \u00a0Merci Monsieur Cloutier!<\/h3>\n<div class=\"embed-container\"><iframe loading=\"lazy\" title=\"L&#039;\u00e9conomie, hier \u00e0 aujourd&#039;hui\" width=\"652\" height=\"367\" src=\"https:\/\/www.youtube.com\/embed\/334yj7CfVEg?feature=oembed\" frameborder=\"0\" allow=\"accelerometer; autoplay; clipboard-write; encrypted-media; gyroscope; picture-in-picture; web-share\" referrerpolicy=\"strict-origin-when-cross-origin\" allowfullscreen><\/iframe><\/div>\n<h4><strong>Groupes Facebook de partage :<\/strong><\/h4>\n<ul>\n<li id=\"seo_h1_tag\" class=\"_19s-\">\n<h4><a href=\"https:\/\/www.facebook.com\/groups\/381202698748529\/\">Enseignants du cours \u00c9ducation financi\u00e8re, \u00e9conomie et\/ou entrepreneuriat<\/a><\/h4>\n<\/li>\n<li>\n<h4>Sp\u00e9cialistes \u00e9ducation financi\u00e8re :\u00a0https:\/\/www.facebook.com\/groups\/1130256950341160\/ (groupe ferm\u00e9)<\/h4>\n<\/li>\n<\/ul>\n<p>&nbsp;<\/p>\n<p><strong>Fin\u00c9coLab : Jeux p\u00e9dagogiques interactifs<\/strong><\/p>\n<ul>\n<li>\n<h4>Vid\u00e9o de pr\u00e9sentation sur Youtube :\u00a0https:\/\/www.youtube.com\/watch?v=1v93D4mMaDI<\/h4>\n<\/li>\n<li>\n<h4>Adresse du site :\u00a0<a href=\"http:\/\/www.finecolab.com\/\" target=\"_blank\" rel=\"noopener noreferrer\">http:\/\/www.finecolab.com\/<\/a><\/h4>\n<\/li>\n<\/ul>\n<p>&nbsp;<\/p>\n<h4><strong>La Zone : Programme qui a\u00a0pour objectif de permettre aux jeunes d\u2019acqu\u00e9rir des connaissances financi\u00e8res de base, qui leur seront utiles pendant toute leur vie. <\/strong><\/h4>\n<ul>\n<li>\n<h4>http:\/\/www.themoneybelt.gc.ca\/thecity-lazone\/fra\/ouverture-fra.aspx<\/h4>\n<\/li>\n<\/ul>\n<p>&nbsp;<\/p>\n<h4 id=\"titrePage\"><strong>Mes finances, mes choix : un programme d&rsquo;\u00e9ducation financi\u00e8re pour jeunes adultes<\/strong><\/h4>\n<ul>\n<li>\n<h4><a href=\"https:\/\/www.desjardins.com\/coopmoi\/difference-desjardins\/mes-finances\/\">https:\/\/www.desjardins.com\/coopmoi\/difference-desjardins\/mes-finances\/<\/a><\/h4>\n<\/li>\n<\/ul>\n<p>&nbsp;<\/p>\n<h3><strong>\u00c9ducaloi<\/strong> :\u00a0<a href=\"https:\/\/www.educaloi.qc.ca\/services-et-ressources\/ressources-educatives\/education-financiere\" target=\"_blank\" rel=\"noopener\">https:\/\/www.educaloi.qc.ca\/services-et-ressources\/ressources-educatives\/education-financiere<\/a><\/h3>\n<h4 id=\"page-title\" style=\"padding-left: 30px\"><strong>Contrat de cellulaire: comment la loi te prot\u00e8ge<\/strong><\/h4>\n<p style=\"padding-left: 30px\">\n<h4 style=\"padding-left: 30px\"><a href=\"https:\/\/www.educaloi.qc.ca\/jeunesse\/capsules\/lachat-dun-cellulaire-ce-quil-faut-savoir\">https:\/\/www.educaloi.qc.ca\/jeunesse\/capsules\/lachat-dun-cellulaire-ce-quil-faut-savoir<\/a><\/h4>\n<p>&nbsp;<\/p>\n<h4><strong>Commission des normes, de l&rsquo;\u00e9quit\u00e9, de la sant\u00e9 et de la s\u00e9curit\u00e9 du travail<\/strong><\/h4>\n<ul>\n<li>\n<h4><a href=\"http:\/\/www.cnt.gouv.qc.ca\/boite-a-outils\/zone-enseignants\/index.html\">http:\/\/www.cnt.gouv.qc.ca\/boite-a-outils\/zone-enseignants\/index.html<\/a>(On indique dans le coin droit les activit\u00e9s qui sont en lien avec l&rsquo;\u00e9ducation financi\u00e8re.)<\/h4>\n<\/li>\n<\/ul>\n<p>&nbsp;<\/p>\n<h4><strong>Office de la protection du consommateur<\/strong><\/h4>\n<ul>\n<li>\n<h4><a href=\"http:\/\/www.opc.gouv.qc.ca\/a-propos\/zone-enseignants\/accueil\/\">http<\/a><a href=\"http:\/\/www.opc.gouv.qc.ca\/a-propos\/zone-enseignants\/accueil\/\">:\/\/www.opc.gouv.qc.ca\/a-propos\/zone-enseignants\/accueil\/<\/a><\/h4>\n<h4><\/h4>\n<\/li>\n<\/ul>\n<h4><strong>Programme Enseignons l&rsquo;imp\u00f4t (en lien avec les points 2.b et 3.b et 3.c. du programme)<\/strong><\/h4>\n<ul>\n<li>\n<h4><a href=\"http:\/\/www.cra-arc.gc.ca\/enseignons\/\" target=\"_blank\" rel=\"noopener noreferrer\">http:\/\/www.cra-arc.gc.ca\/enseignons\/<\/a><\/h4>\n<\/li>\n<\/ul>\n<p>&nbsp;<\/p>\n<h4><strong>Tes affaires.com<\/strong><\/h4>\n<ul>\n<li>\n<h4><a href=\"https:\/\/tesaffaires.com\/fr\/enseignants\/programme-deducation-financiere-au-secondaire\/?utm_source=Openfield&amp;utm_medium=LesBonnesQuestions&amp;utm_campaign=decembre2015\" target=\"_blank\" rel=\"noopener noreferrer\">https:\/\/tesaffaires.com\/fr\/enseignants\/programme-deducation-financiere-au-secondaire\/?utm_source=Openfield&amp;utm_medium=LesBonnesQuestions&amp;utm_campaign=decembre2015<\/a><\/h4>\n<\/li>\n<\/ul>\n<p>&nbsp;<\/p>\n<h4><strong>Revenu Qu\u00e9bec<\/strong><\/h4>\n<ul>\n<li>\n<h4>Mat\u00e9riel p\u00e9dagogique compl\u00e9mentaire au Programme d&rsquo;\u00e9ducation financi\u00e8re destin\u00e9 aux \u00e9l\u00e8ves du secondaire :\u00a0<a href=\"http:\/\/www.revenuquebec.ca\/fr\/education-financiere-secondaire\/default.aspx\" target=\"_blank\" rel=\"noopener\">http:\/\/www.revenuquebec.ca\/fr\/education-financiere-secondaire\/default.aspx<\/a><\/h4>\n<\/li>\n<\/ul>\n<p>&nbsp;<\/p>\n<\/div>","protected":false},"excerpt":{"rendered":"<div class=\"page-restrict-output\"><p>Voici quelques liens vers des ressources en \u00c9ducation financi\u00e8re. &nbsp; Vid\u00e9o d&rsquo;introduction aux finances partag\u00e9e par Monsieur Ga\u00e9tan Cloutier, enseignant \u00e0 la PBV. \u00a0Merci Monsieur Cloutier! Groupes Facebook de partage : Enseignants du cours \u00c9ducation financi\u00e8re, \u00e9conomie et\/ou entrepreneuriat Sp\u00e9cialistes \u00e9ducation financi\u00e8re :\u00a0https:\/\/www.facebook.com\/groups\/1130256950341160\/ (groupe ferm\u00e9) &nbsp; Fin\u00c9coLab : Jeux p\u00e9dagogiques interactifs Vid\u00e9o de pr\u00e9sentation sur &hellip; <\/p>\n<p><a class=\"more-link btn\" href=\"https:\/\/se.csbe.qc.ca\/universsocial\/ressources-pedagogiques-education-financiere\/\">Lire la suite<\/a><\/p>\n<\/div>","protected":false},"author":209,"featured_media":0,"parent":0,"menu_order":0,"comment_status":"closed","ping_status":"closed","template":"","meta":{"footnotes":""},"class_list":["post-4883","page","type-page","status-publish","hentry","nodate","item-wrap"],"_links":{"self":[{"href":"https:\/\/se.csbe.qc.ca\/universsocial\/wp-json\/wp\/v2\/pages\/4883","targetHints":{"allow":["GET"]}}],"collection":[{"href":"https:\/\/se.csbe.qc.ca\/universsocial\/wp-json\/wp\/v2\/pages"}],"about":[{"href":"https:\/\/se.csbe.qc.ca\/universsocial\/wp-json\/wp\/v2\/types\/page"}],"author":[{"embeddable":true,"href":"https:\/\/se.csbe.qc.ca\/universsocial\/wp-json\/wp\/v2\/users\/209"}],"replies":[{"embeddable":true,"href":"https:\/\/se.csbe.qc.ca\/universsocial\/wp-json\/wp\/v2\/comments?post=4883"}],"version-history":[{"count":7,"href":"https:\/\/se.csbe.qc.ca\/universsocial\/wp-json\/wp\/v2\/pages\/4883\/revisions"}],"predecessor-version":[{"id":6014,"href":"https:\/\/se.csbe.qc.ca\/universsocial\/wp-json\/wp\/v2\/pages\/4883\/revisions\/6014"}],"wp:attachment":[{"href":"https:\/\/se.csbe.qc.ca\/universsocial\/wp-json\/wp\/v2\/media?parent=4883"}],"curies":[{"name":"wp","href":"https:\/\/api.w.org\/{rel}","templated":true}]}}