{"id":4871,"date":"2016-06-14T10:52:29","date_gmt":"2016-06-14T14:52:29","guid":{"rendered":"https:\/\/se.csbe.qc.ca\/universsocial\/?page_id=4871"},"modified":"2016-06-14T10:52:29","modified_gmt":"2016-06-14T14:52:29","slug":"caracterise-la-societe-des-algonquiens-vers-1500-c1","status":"publish","type":"page","link":"https:\/\/se.csbe.qc.ca\/universsocial\/caracterise-la-societe-des-algonquiens-vers-1500-c1\/","title":{"rendered":"Caract\u00e9rise la soci\u00e9t\u00e9 des Algonquiens vers 1500 (C1)"},"content":{"rendered":"<div class=\"page-restrict-output\"><h2>Une t\u00e2che de comp\u00e9tence 1 qui am\u00e8ne l&rsquo;\u00e9l\u00e8ve \u00e0 caract\u00e9riser la soci\u00e9t\u00e9 des Algonquiens sous les aspects social et \u00e9conomique.<\/h2>\n<h2><a href=\"https:\/\/se.csbe.qc.ca\/universsocial\/files\/2016\/06\/HQC3_C1-Algonquiens.docx\">HQC3_C1-Algonquiens<\/a><\/h2>\n<p>&nbsp;<\/p>\n<!-- WP Attachments -->\r\n        <div style=\"width:100%;margin:10px 0 10px 0;\">\r\n            <h3>Attachments<\/h3>\r\n        <ul class=\"post-attachments\"><li class=\"post-attachment mime-application-vnd-openxmlformats-officedocument-wordprocessingml-document\"><a href=\"https:\/\/se.csbe.qc.ca\/universsocial\/files\/2016\/06\/HQC3_C1-Algonquiens.docx\">HQC3_C1-Algonquiens<\/a> <small>(2 MB)<\/small><\/li><\/ul><\/div><\/div>","protected":false},"excerpt":{"rendered":"<div class=\"page-restrict-output\"><p>Une t\u00e2che de comp\u00e9tence 1 qui am\u00e8ne l&rsquo;\u00e9l\u00e8ve \u00e0 caract\u00e9riser la soci\u00e9t\u00e9 des Algonquiens sous les aspects social et \u00e9conomique. HQC3_C1-Algonquiens &nbsp; Attachments HQC3_C1-Algonquiens (2 MB)<\/p>\n<\/div>","protected":false},"author":209,"featured_media":0,"parent":0,"menu_order":0,"comment_status":"closed","ping_status":"closed","template":"","meta":{"footnotes":""},"class_list":["post-4871","page","type-page","status-publish","hentry","nodate","item-wrap"],"_links":{"self":[{"href":"https:\/\/se.csbe.qc.ca\/universsocial\/wp-json\/wp\/v2\/pages\/4871","targetHints":{"allow":["GET"]}}],"collection":[{"href":"https:\/\/se.csbe.qc.ca\/universsocial\/wp-json\/wp\/v2\/pages"}],"about":[{"href":"https:\/\/se.csbe.qc.ca\/universsocial\/wp-json\/wp\/v2\/types\/page"}],"author":[{"embeddable":true,"href":"https:\/\/se.csbe.qc.ca\/universsocial\/wp-json\/wp\/v2\/users\/209"}],"replies":[{"embeddable":true,"href":"https:\/\/se.csbe.qc.ca\/universsocial\/wp-json\/wp\/v2\/comments?post=4871"}],"version-history":[{"count":1,"href":"https:\/\/se.csbe.qc.ca\/universsocial\/wp-json\/wp\/v2\/pages\/4871\/revisions"}],"predecessor-version":[{"id":4873,"href":"https:\/\/se.csbe.qc.ca\/universsocial\/wp-json\/wp\/v2\/pages\/4871\/revisions\/4873"}],"wp:attachment":[{"href":"https:\/\/se.csbe.qc.ca\/universsocial\/wp-json\/wp\/v2\/media?parent=4871"}],"curies":[{"name":"wp","href":"https:\/\/api.w.org\/{rel}","templated":true}]}}