{"id":4843,"date":"2016-06-07T09:20:38","date_gmt":"2016-06-07T13:20:38","guid":{"rendered":"https:\/\/se.csbe.qc.ca\/universsocial\/?page_id=4843"},"modified":"2016-09-01T10:27:21","modified_gmt":"2016-09-01T14:27:21","slug":"la-bande-dessinee-historique-avec-comic-life","status":"publish","type":"page","link":"https:\/\/se.csbe.qc.ca\/universsocial\/la-bande-dessinee-historique-avec-comic-life\/","title":{"rendered":"La bande dessin\u00e9e historique avec Comic Life"},"content":{"rendered":"<div class=\"page-restrict-output\"><h2>Voici un projet d&rsquo;innovation p\u00e9dagogique r\u00e9alis\u00e9 par Madame Dominique Boulet de la CSBE.<\/h2>\n<h2><span style=\"color: #333399;\"><em>C\u2019est bien connu, les jeunes sont fascin\u00e9s par les bandes dessin\u00e9es. Captivantes, ludiques et motivantes, elles favorisent le d\u00e9veloppement de la compr\u00e9hension de textes et s\u2019av\u00e8rent \u00eatre un outil p\u00e9dagogique pr\u00e9cieux\u2026 surtout pour les gar\u00e7ons. Pourquoi ne pas reprendre le concept de ce genre litt\u00e9raire et l\u2019int\u00e9grer \u00e0 mes cours d\u2019histoire du Qu\u00e9bec? Voil\u00e0 ma proposition: \u00e0 partir d\u2019une application accessible sur iPad (Comic Life), mes \u00e9l\u00e8ves r\u00e9investiront leurs connaissances acquises d\u2019un sujet historique en cr\u00e9ant ou en personnifiant une bande dessin\u00e9e. Pour ce faire, ils analyseront des faits, en feront ressortir les \u00e9l\u00e9ments importants et les transposeront sous forme de plusieurs images ou photos. En recr\u00e9ant les sc\u00e8nes historiques et en ayant la possibilit\u00e9 de personnifier eux-m\u00eames les acteurs du pass\u00e9, leur cr\u00e9ativit\u00e9 sera fortement stimul\u00e9e et l\u2019histoire sera, sans aucun doute, visualis\u00e9e autrement qu\u2019une simple s\u00e9rie d\u2019\u00e9v\u00e9nements s\u00e9quentiels.<\/em><\/span><\/h2>\n<h1><span style=\"color: #000000;\">Merci pour ce beau projet!<\/span><\/h1>\n<h2><strong><a href=\"https:\/\/se.csbe.qc.ca\/universsocial\/files\/2016\/06\/HEC3.BD-historique.2015-2016.docx\">HEC3.BD historique.2015-2016<\/a><\/strong><\/h2>\n<h2><\/h2>\n<h2><span style=\"color: #800000;\"><strong>NOUVELLE GRILLE D&rsquo;\u00c9VALUATION!<\/strong><\/span><\/h2>\n<h2><span style=\"color: #800000;\"><strong>Pour le nouveau programme Histoire du Qu\u00e9bec et du Canada de 3e secondaire :<\/strong><\/span><\/h2>\n<h2><span style=\"color: #800000;\"><strong><a style=\"color: #800000;\" href=\"https:\/\/se.csbe.qc.ca\/universsocial\/files\/2016\/06\/Projet-BD-historique-Grilles-HQC.docx\">Projet BD historique &#8211; Grilles (HQC)<\/a><\/strong><\/span><\/h2>\n<p>&nbsp;<\/p>\n<p>&nbsp;<\/p>\n<!-- WP Attachments -->\r\n        <div style=\"width:100%;margin:10px 0 10px 0;\">\r\n            <h3>Attachments<\/h3>\r\n        <ul class=\"post-attachments\"><li class=\"post-attachment mime-application-vnd-openxmlformats-officedocument-wordprocessingml-document\"><a href=\"https:\/\/se.csbe.qc.ca\/universsocial\/files\/2016\/06\/HEC3.BD-historique.2015-2016.docx\">HEC3.BD historique.2015-2016<\/a> <small>(37 MB)<\/small><\/li><li class=\"post-attachment mime-application-vnd-openxmlformats-officedocument-wordprocessingml-document\"><a href=\"https:\/\/se.csbe.qc.ca\/universsocial\/files\/2016\/06\/Projet-BD-historique-Grilles-HQC.docx\">Projet BD historique - Grilles (HQC)<\/a> <small>(37 kB)<\/small><\/li><\/ul><\/div><\/div>","protected":false},"excerpt":{"rendered":"<div class=\"page-restrict-output\"><p>Voici un projet d&rsquo;innovation p\u00e9dagogique r\u00e9alis\u00e9 par Madame Dominique Boulet de la CSBE. C\u2019est bien connu, les jeunes sont fascin\u00e9s par les bandes dessin\u00e9es. Captivantes, ludiques et motivantes, elles favorisent le d\u00e9veloppement de la compr\u00e9hension de textes et s\u2019av\u00e8rent \u00eatre un outil p\u00e9dagogique pr\u00e9cieux\u2026 surtout pour les gar\u00e7ons. Pourquoi ne pas reprendre le concept de &hellip; <\/p>\n<p><a class=\"more-link btn\" href=\"https:\/\/se.csbe.qc.ca\/universsocial\/la-bande-dessinee-historique-avec-comic-life\/\">Lire la suite<\/a><\/p>\n<\/div>","protected":false},"author":209,"featured_media":0,"parent":0,"menu_order":0,"comment_status":"closed","ping_status":"closed","template":"","meta":{"footnotes":""},"class_list":["post-4843","page","type-page","status-publish","hentry","nodate","item-wrap"],"_links":{"self":[{"href":"https:\/\/se.csbe.qc.ca\/universsocial\/wp-json\/wp\/v2\/pages\/4843","targetHints":{"allow":["GET"]}}],"collection":[{"href":"https:\/\/se.csbe.qc.ca\/universsocial\/wp-json\/wp\/v2\/pages"}],"about":[{"href":"https:\/\/se.csbe.qc.ca\/universsocial\/wp-json\/wp\/v2\/types\/page"}],"author":[{"embeddable":true,"href":"https:\/\/se.csbe.qc.ca\/universsocial\/wp-json\/wp\/v2\/users\/209"}],"replies":[{"embeddable":true,"href":"https:\/\/se.csbe.qc.ca\/universsocial\/wp-json\/wp\/v2\/comments?post=4843"}],"version-history":[{"count":3,"href":"https:\/\/se.csbe.qc.ca\/universsocial\/wp-json\/wp\/v2\/pages\/4843\/revisions"}],"predecessor-version":[{"id":4960,"href":"https:\/\/se.csbe.qc.ca\/universsocial\/wp-json\/wp\/v2\/pages\/4843\/revisions\/4960"}],"wp:attachment":[{"href":"https:\/\/se.csbe.qc.ca\/universsocial\/wp-json\/wp\/v2\/media?parent=4843"}],"curies":[{"name":"wp","href":"https:\/\/api.w.org\/{rel}","templated":true}]}}