{"id":4821,"date":"2016-05-31T13:34:34","date_gmt":"2016-05-31T17:34:34","guid":{"rendered":"https:\/\/se.csbe.qc.ca\/universsocial\/?page_id=4821"},"modified":"2017-05-18T11:40:42","modified_gmt":"2017-05-18T15:40:42","slug":"capsules-videos","status":"publish","type":"page","link":"https:\/\/se.csbe.qc.ca\/universsocial\/capsules-videos\/","title":{"rendered":"Capsules vid\u00e9os"},"content":{"rendered":"<div class=\"page-restrict-output\"><h2>Des liens vers des capsules vid\u00e9os en lien avec les r\u00e9alit\u00e9s sociales.<\/h2>\n<h2>Le document est EN CONSTRUCTION.<\/h2>\n<h2>Des mises \u00e0 jour seront faites dans les prochains mois.<\/h2>\n<h2><a href=\"https:\/\/se.csbe.qc.ca\/universsocial\/files\/2016\/05\/HQC3_Capsules-vid\u00e9os.docx\">HQC3_Capsules vid\u00e9os<\/a><\/h2>\n<!-- WP Attachments -->\r\n        <div style=\"width:100%;margin:10px 0 10px 0;\">\r\n            <h3>Attachments<\/h3>\r\n        <ul class=\"post-attachments\"><li class=\"post-attachment mime-application-vnd-openxmlformats-officedocument-wordprocessingml-document\"><a href=\"https:\/\/se.csbe.qc.ca\/universsocial\/files\/2016\/05\/HQC3_Capsules-vid\u00e9os.docx\">HQC3_Capsules vid\u00e9os<\/a> <small>(209 kB)<\/small><\/li><\/ul><\/div><\/div>","protected":false},"excerpt":{"rendered":"<div class=\"page-restrict-output\"><p>Des liens vers des capsules vid\u00e9os en lien avec les r\u00e9alit\u00e9s sociales. Le document est EN CONSTRUCTION. Des mises \u00e0 jour seront faites dans les prochains mois. HQC3_Capsules vid\u00e9os Attachments HQC3_Capsules vid\u00e9os (209 kB)<\/p>\n<\/div>","protected":false},"author":209,"featured_media":0,"parent":0,"menu_order":0,"comment_status":"closed","ping_status":"closed","template":"","meta":{"footnotes":""},"class_list":["post-4821","page","type-page","status-publish","hentry","nodate","item-wrap"],"_links":{"self":[{"href":"https:\/\/se.csbe.qc.ca\/universsocial\/wp-json\/wp\/v2\/pages\/4821","targetHints":{"allow":["GET"]}}],"collection":[{"href":"https:\/\/se.csbe.qc.ca\/universsocial\/wp-json\/wp\/v2\/pages"}],"about":[{"href":"https:\/\/se.csbe.qc.ca\/universsocial\/wp-json\/wp\/v2\/types\/page"}],"author":[{"embeddable":true,"href":"https:\/\/se.csbe.qc.ca\/universsocial\/wp-json\/wp\/v2\/users\/209"}],"replies":[{"embeddable":true,"href":"https:\/\/se.csbe.qc.ca\/universsocial\/wp-json\/wp\/v2\/comments?post=4821"}],"version-history":[{"count":2,"href":"https:\/\/se.csbe.qc.ca\/universsocial\/wp-json\/wp\/v2\/pages\/4821\/revisions"}],"predecessor-version":[{"id":5774,"href":"https:\/\/se.csbe.qc.ca\/universsocial\/wp-json\/wp\/v2\/pages\/4821\/revisions\/5774"}],"wp:attachment":[{"href":"https:\/\/se.csbe.qc.ca\/universsocial\/wp-json\/wp\/v2\/media?parent=4821"}],"curies":[{"name":"wp","href":"https:\/\/api.w.org\/{rel}","templated":true}]}}