{"id":4818,"date":"2016-05-31T13:32:37","date_gmt":"2016-05-31T17:32:37","guid":{"rendered":"https:\/\/se.csbe.qc.ca\/universsocial\/?page_id=4818"},"modified":"2017-01-24T08:13:43","modified_gmt":"2017-01-24T13:13:43","slug":"dossiers-documentaires-csbe","status":"publish","type":"page","link":"https:\/\/se.csbe.qc.ca\/universsocial\/dossiers-documentaires-csbe\/","title":{"rendered":"Dossiers documentaires (CSBE)"},"content":{"rendered":"<div class=\"page-restrict-output\"><h2>Voici des dossiers documentaires EN CONSTRUCTION pour les deux premi\u00e8res r\u00e9alit\u00e9s sociales.<\/h2>\n<h2><a href=\"https:\/\/se.csbe.qc.ca\/universsocial\/files\/2016\/05\/HQC3_DD_Lexp\u00e9rience-des-Am\u00e9rindiens.docx\" rel=\"\">HQC3_DD_L&rsquo;exp\u00e9rience des Am\u00e9rindiens<\/a><\/h2>\n<h2><a href=\"https:\/\/se.csbe.qc.ca\/universsocial\/files\/2016\/05\/HQC3_DD_L\u00e9volution-de-la-soci\u00e9t\u00e9-coloniale.docx\" rel=\"\">HQC3_DD_L&rsquo;\u00e9volution de la soci\u00e9t\u00e9 coloniale<\/a><\/h2>\n<!-- WP Attachments -->\r\n        <div style=\"width:100%;margin:10px 0 10px 0;\">\r\n            <h3>Attachments<\/h3>\r\n        <ul class=\"post-attachments\"><li class=\"post-attachment mime-application-vnd-openxmlformats-officedocument-wordprocessingml-document\"><a href=\"https:\/\/se.csbe.qc.ca\/universsocial\/files\/2016\/05\/HQC3_DD_L\u00e9volution-de-la-soci\u00e9t\u00e9-coloniale.docx\">HQC3_DD_L'\u00e9volution de la soci\u00e9t\u00e9 coloniale<\/a> <small>(11 MB)<\/small><\/li><\/ul><\/div><\/div>","protected":false},"excerpt":{"rendered":"<div class=\"page-restrict-output\"><p>Voici des dossiers documentaires EN CONSTRUCTION pour les deux premi\u00e8res r\u00e9alit\u00e9s sociales. HQC3_DD_L&rsquo;exp\u00e9rience des Am\u00e9rindiens HQC3_DD_L&rsquo;\u00e9volution de la soci\u00e9t\u00e9 coloniale Attachments HQC3_DD_L&rsquo;\u00e9volution de la soci\u00e9t\u00e9 coloniale (11 MB)<\/p>\n<\/div>","protected":false},"author":209,"featured_media":0,"parent":0,"menu_order":0,"comment_status":"closed","ping_status":"closed","template":"","meta":{"footnotes":""},"class_list":["post-4818","page","type-page","status-publish","hentry","nodate","item-wrap"],"_links":{"self":[{"href":"https:\/\/se.csbe.qc.ca\/universsocial\/wp-json\/wp\/v2\/pages\/4818","targetHints":{"allow":["GET"]}}],"collection":[{"href":"https:\/\/se.csbe.qc.ca\/universsocial\/wp-json\/wp\/v2\/pages"}],"about":[{"href":"https:\/\/se.csbe.qc.ca\/universsocial\/wp-json\/wp\/v2\/types\/page"}],"author":[{"embeddable":true,"href":"https:\/\/se.csbe.qc.ca\/universsocial\/wp-json\/wp\/v2\/users\/209"}],"replies":[{"embeddable":true,"href":"https:\/\/se.csbe.qc.ca\/universsocial\/wp-json\/wp\/v2\/comments?post=4818"}],"version-history":[{"count":2,"href":"https:\/\/se.csbe.qc.ca\/universsocial\/wp-json\/wp\/v2\/pages\/4818\/revisions"}],"predecessor-version":[{"id":5308,"href":"https:\/\/se.csbe.qc.ca\/universsocial\/wp-json\/wp\/v2\/pages\/4818\/revisions\/5308"}],"wp:attachment":[{"href":"https:\/\/se.csbe.qc.ca\/universsocial\/wp-json\/wp\/v2\/media?parent=4818"}],"curies":[{"name":"wp","href":"https:\/\/api.w.org\/{rel}","templated":true}]}}