{"id":4807,"date":"2016-05-31T09:50:31","date_gmt":"2016-05-31T13:50:31","guid":{"rendered":"https:\/\/se.csbe.qc.ca\/universsocial\/?page_id=4807"},"modified":"2016-05-31T09:50:31","modified_gmt":"2016-05-31T13:50:31","slug":"tableau-synthese-caracteriser-1760-1791","status":"publish","type":"page","link":"https:\/\/se.csbe.qc.ca\/universsocial\/tableau-synthese-caracteriser-1760-1791\/","title":{"rendered":"Tableau synth\u00e8se : caract\u00e9riser 1760-1791"},"content":{"rendered":"<div class=\"page-restrict-output\"><h2>Une frise ou ruban du temps pour la p\u00e9riode 1760-1791. \u00a0Peut servir de r\u00e9vision ou d&rsquo;\u00e9valuation.<\/h2>\n<h2>T\u00e2che qui touche autant \u00e0 la caract\u00e9risation de la p\u00e9riode (comp\u00e9tence 1) qu&rsquo;\u00e0 la comp\u00e9tence 2 (changements\/continuit\u00e9s).<\/h2>\n<h2>Merci \u00e0 \u00c9tienne B\u00e9dard pour ce partage!<\/h2>\n<h2><a href=\"https:\/\/se.csbe.qc.ca\/universsocial\/files\/2016\/05\/Tableau-Synth\u00e8seCaract\u00e9riser-1760-1791.docx\" rel=\"\">Tableau Synth\u00e8se+Caract\u00e9riser 1760-1791<\/a><\/h2>\n<!-- WP Attachments -->\r\n        <div style=\"width:100%;margin:10px 0 10px 0;\">\r\n            <h3>Attachments<\/h3>\r\n        <ul class=\"post-attachments\"><li class=\"post-attachment mime-application-vnd-openxmlformats-officedocument-wordprocessingml-document\"><a href=\"https:\/\/se.csbe.qc.ca\/universsocial\/files\/2016\/05\/Tableau-Synth\u00e8seCaract\u00e9riser-1760-1791.docx\">Tableau Synth\u00e8se+Caract\u00e9riser 1760-1791<\/a> <small>(254 kB)<\/small><\/li><\/ul><\/div><\/div>","protected":false},"excerpt":{"rendered":"<div class=\"page-restrict-output\"><p>Une frise ou ruban du temps pour la p\u00e9riode 1760-1791. \u00a0Peut servir de r\u00e9vision ou d&rsquo;\u00e9valuation. T\u00e2che qui touche autant \u00e0 la caract\u00e9risation de la p\u00e9riode (comp\u00e9tence 1) qu&rsquo;\u00e0 la comp\u00e9tence 2 (changements\/continuit\u00e9s). Merci \u00e0 \u00c9tienne B\u00e9dard pour ce partage! Tableau Synth\u00e8se+Caract\u00e9riser 1760-1791 Attachments Tableau Synth\u00e8se+Caract\u00e9riser 1760-1791 (254 kB)<\/p>\n<\/div>","protected":false},"author":209,"featured_media":0,"parent":0,"menu_order":0,"comment_status":"closed","ping_status":"closed","template":"","meta":{"footnotes":""},"class_list":["post-4807","page","type-page","status-publish","hentry","nodate","item-wrap"],"_links":{"self":[{"href":"https:\/\/se.csbe.qc.ca\/universsocial\/wp-json\/wp\/v2\/pages\/4807","targetHints":{"allow":["GET"]}}],"collection":[{"href":"https:\/\/se.csbe.qc.ca\/universsocial\/wp-json\/wp\/v2\/pages"}],"about":[{"href":"https:\/\/se.csbe.qc.ca\/universsocial\/wp-json\/wp\/v2\/types\/page"}],"author":[{"embeddable":true,"href":"https:\/\/se.csbe.qc.ca\/universsocial\/wp-json\/wp\/v2\/users\/209"}],"replies":[{"embeddable":true,"href":"https:\/\/se.csbe.qc.ca\/universsocial\/wp-json\/wp\/v2\/comments?post=4807"}],"version-history":[{"count":1,"href":"https:\/\/se.csbe.qc.ca\/universsocial\/wp-json\/wp\/v2\/pages\/4807\/revisions"}],"predecessor-version":[{"id":4809,"href":"https:\/\/se.csbe.qc.ca\/universsocial\/wp-json\/wp\/v2\/pages\/4807\/revisions\/4809"}],"wp:attachment":[{"href":"https:\/\/se.csbe.qc.ca\/universsocial\/wp-json\/wp\/v2\/media?parent=4807"}],"curies":[{"name":"wp","href":"https:\/\/api.w.org\/{rel}","templated":true}]}}