{"id":4803,"date":"2016-05-31T09:47:01","date_gmt":"2016-05-31T13:47:01","guid":{"rendered":"https:\/\/se.csbe.qc.ca\/universsocial\/?page_id=4803"},"modified":"2016-05-31T09:47:01","modified_gmt":"2016-05-31T13:47:01","slug":"tache-competence-2-1760-1791","status":"publish","type":"page","link":"https:\/\/se.csbe.qc.ca\/universsocial\/tache-competence-2-1760-1791\/","title":{"rendered":"T\u00e2che comp\u00e9tence 2 : 1760-1791"},"content":{"rendered":"<div class=\"page-restrict-output\"><h2>T\u00e2che en comp\u00e9tence 2 : La Conqu\u00eate<\/h2>\n<h2><em>\u00abVotre t\u00e2che consiste \u00e0 r\u00e9diger, \u00e0 l\u2019aide des documents suivants, un texte d\u2019environ 200 mots qui explique, de fa\u00e7on coh\u00e9rente, \u00a0les cons\u00e9quences de la Conqu\u00eate et du changement d\u2019empire suite \u00e0 la premi\u00e8re constitution anglaise de 1763.\u00bb<\/em><\/h2>\n<h2>Merci \u00e0 Anne-Claude Poirier, Marie-Pierre C\u00f4t\u00e9, Jean Laverdi\u00e8re pour ce partage!<\/h2>\n<h2><a href=\"https:\/\/se.csbe.qc.ca\/universsocial\/files\/2016\/05\/Texte-Conqu\u00eate2-2.doc\" rel=\"\">Texte Conqu\u00eate2-2<\/a><\/h2>\n<!-- WP Attachments -->\r\n        <div style=\"width:100%;margin:10px 0 10px 0;\">\r\n            <h3>Attachments<\/h3>\r\n        <ul class=\"post-attachments\"><li class=\"post-attachment mime-application-msword\"><a href=\"https:\/\/se.csbe.qc.ca\/universsocial\/files\/2016\/05\/Texte-Conqu\u00eate2-2.doc\">Texte Conqu\u00eate2-2<\/a> <small>(288 kB)<\/small><\/li><\/ul><\/div><\/div>","protected":false},"excerpt":{"rendered":"<div class=\"page-restrict-output\"><p>T\u00e2che en comp\u00e9tence 2 : La Conqu\u00eate \u00abVotre t\u00e2che consiste \u00e0 r\u00e9diger, \u00e0 l\u2019aide des documents suivants, un texte d\u2019environ 200 mots qui explique, de fa\u00e7on coh\u00e9rente, \u00a0les cons\u00e9quences de la Conqu\u00eate et du changement d\u2019empire suite \u00e0 la premi\u00e8re constitution anglaise de 1763.\u00bb Merci \u00e0 Anne-Claude Poirier, Marie-Pierre C\u00f4t\u00e9, Jean Laverdi\u00e8re pour ce partage! &hellip; <\/p>\n<p><a class=\"more-link btn\" href=\"https:\/\/se.csbe.qc.ca\/universsocial\/tache-competence-2-1760-1791\/\">Lire la suite<\/a><\/p>\n<\/div>","protected":false},"author":209,"featured_media":0,"parent":0,"menu_order":0,"comment_status":"closed","ping_status":"closed","template":"","meta":{"footnotes":""},"class_list":["post-4803","page","type-page","status-publish","hentry","nodate","item-wrap"],"_links":{"self":[{"href":"https:\/\/se.csbe.qc.ca\/universsocial\/wp-json\/wp\/v2\/pages\/4803","targetHints":{"allow":["GET"]}}],"collection":[{"href":"https:\/\/se.csbe.qc.ca\/universsocial\/wp-json\/wp\/v2\/pages"}],"about":[{"href":"https:\/\/se.csbe.qc.ca\/universsocial\/wp-json\/wp\/v2\/types\/page"}],"author":[{"embeddable":true,"href":"https:\/\/se.csbe.qc.ca\/universsocial\/wp-json\/wp\/v2\/users\/209"}],"replies":[{"embeddable":true,"href":"https:\/\/se.csbe.qc.ca\/universsocial\/wp-json\/wp\/v2\/comments?post=4803"}],"version-history":[{"count":1,"href":"https:\/\/se.csbe.qc.ca\/universsocial\/wp-json\/wp\/v2\/pages\/4803\/revisions"}],"predecessor-version":[{"id":4805,"href":"https:\/\/se.csbe.qc.ca\/universsocial\/wp-json\/wp\/v2\/pages\/4803\/revisions\/4805"}],"wp:attachment":[{"href":"https:\/\/se.csbe.qc.ca\/universsocial\/wp-json\/wp\/v2\/media?parent=4803"}],"curies":[{"name":"wp","href":"https:\/\/api.w.org\/{rel}","templated":true}]}}