{"id":4794,"date":"2016-05-31T09:39:07","date_gmt":"2016-05-31T13:39:07","guid":{"rendered":"https:\/\/se.csbe.qc.ca\/universsocial\/?page_id=4794"},"modified":"2016-05-31T09:39:29","modified_gmt":"2016-05-31T13:39:29","slug":"notes-de-cours-1760-1791","status":"publish","type":"page","link":"https:\/\/se.csbe.qc.ca\/universsocial\/notes-de-cours-1760-1791\/","title":{"rendered":"Notes de cours &#8211; 1760-1791"},"content":{"rendered":"<div class=\"page-restrict-output\"><h2>Notes de cours pr\u00e9par\u00e9es par Marie-H\u00e9l\u00e8ne Arbour, Jean-Fran\u00e7ois Morin et Claire Ouellet de la Commission scolaire Val-des-Cerfs.<\/h2>\n<h2>Merci pour ce partage!<\/h2>\n<h2><a href=\"https:\/\/se.csbe.qc.ca\/universsocial\/files\/2016\/05\/1760-1791-Notes-de-cours.pdf\" rel=\"\">1760 &#8211; 1791 &#8211; Notes de cours<\/a><\/h2>\n<!-- WP Attachments -->\r\n        <div style=\"width:100%;margin:10px 0 10px 0;\">\r\n            <h3>Attachments<\/h3>\r\n        <ul class=\"post-attachments\"><li class=\"post-attachment mime-application-pdf\"><a href=\"https:\/\/se.csbe.qc.ca\/universsocial\/files\/2016\/05\/1760-1791-Notes-de-cours.pdf\">1760 - 1791 - Notes de cours<\/a> <small>(2 MB)<\/small><\/li><\/ul><\/div><\/div>","protected":false},"excerpt":{"rendered":"<div class=\"page-restrict-output\"><p>Notes de cours pr\u00e9par\u00e9es par Marie-H\u00e9l\u00e8ne Arbour, Jean-Fran\u00e7ois Morin et Claire Ouellet de la Commission scolaire Val-des-Cerfs. Merci pour ce partage! 1760 &#8211; 1791 &#8211; Notes de cours Attachments 1760 &#8211; 1791 &#8211; Notes de cours (2 MB)<\/p>\n<\/div>","protected":false},"author":209,"featured_media":0,"parent":0,"menu_order":0,"comment_status":"closed","ping_status":"closed","template":"","meta":{"footnotes":""},"class_list":["post-4794","page","type-page","status-publish","hentry","nodate","item-wrap"],"_links":{"self":[{"href":"https:\/\/se.csbe.qc.ca\/universsocial\/wp-json\/wp\/v2\/pages\/4794","targetHints":{"allow":["GET"]}}],"collection":[{"href":"https:\/\/se.csbe.qc.ca\/universsocial\/wp-json\/wp\/v2\/pages"}],"about":[{"href":"https:\/\/se.csbe.qc.ca\/universsocial\/wp-json\/wp\/v2\/types\/page"}],"author":[{"embeddable":true,"href":"https:\/\/se.csbe.qc.ca\/universsocial\/wp-json\/wp\/v2\/users\/209"}],"replies":[{"embeddable":true,"href":"https:\/\/se.csbe.qc.ca\/universsocial\/wp-json\/wp\/v2\/comments?post=4794"}],"version-history":[{"count":2,"href":"https:\/\/se.csbe.qc.ca\/universsocial\/wp-json\/wp\/v2\/pages\/4794\/revisions"}],"predecessor-version":[{"id":4797,"href":"https:\/\/se.csbe.qc.ca\/universsocial\/wp-json\/wp\/v2\/pages\/4794\/revisions\/4797"}],"wp:attachment":[{"href":"https:\/\/se.csbe.qc.ca\/universsocial\/wp-json\/wp\/v2\/media?parent=4794"}],"curies":[{"name":"wp","href":"https:\/\/api.w.org\/{rel}","templated":true}]}}