{"id":4769,"date":"2016-05-27T15:25:32","date_gmt":"2016-05-27T19:25:32","guid":{"rendered":"https:\/\/se.csbe.qc.ca\/universsocial\/?page_id=4769"},"modified":"2016-05-27T15:25:32","modified_gmt":"2016-05-27T19:25:32","slug":"enseignement-explicite-3qpoc-territoire-amerindien","status":"publish","type":"page","link":"https:\/\/se.csbe.qc.ca\/universsocial\/enseignement-explicite-3qpoc-territoire-amerindien\/","title":{"rendered":"Enseignement explicite 3QPOC &#8211; Territoire am\u00e9rindien"},"content":{"rendered":"<div class=\"page-restrict-output\"><h2>Un document Notebook qui pr\u00e9sente une activit\u00e9 d&rsquo;enseignement explicite \u00e0 r\u00e9aliser avec vos \u00e9l\u00e8ves pour l&rsquo;apprentissage de la technique d&rsquo;analyse de documents 3QPOC.<\/h2>\n<h2>Cette activit\u00e9 est construite \u00e0 partir du dossier documentaire du R\u00e9cit :\u00a0<strong>Comment les Am\u00e9rindiens occupaient-ils le territoire avant l\u2019arriv\u00e9e des Europ\u00e9ens?<\/strong><\/h2>\n<h2><a href=\"https:\/\/se.csbe.qc.ca\/universsocial\/files\/2016\/05\/Ens.explicite.3QPOC.exemple.HQC3_.notebook\" rel=\"\">Ens.explicite.3QPOC.exemple.HQC3<\/a><\/h2>\n<!-- WP Attachments -->\r\n        <div style=\"width:100%;margin:10px 0 10px 0;\">\r\n            <h3>Attachments<\/h3>\r\n        <ul class=\"post-attachments\"><li class=\"post-attachment mime-application-x-smarttech-notebook\"><a href=\"https:\/\/se.csbe.qc.ca\/universsocial\/files\/2016\/05\/Ens.explicite.3QPOC.exemple.HQC3_.notebook\">Ens.explicite.3QPOC.exemple.HQC3<\/a> <small>(5 MB)<\/small><\/li><\/ul><\/div><\/div>","protected":false},"excerpt":{"rendered":"<div class=\"page-restrict-output\"><p>Un document Notebook qui pr\u00e9sente une activit\u00e9 d&rsquo;enseignement explicite \u00e0 r\u00e9aliser avec vos \u00e9l\u00e8ves pour l&rsquo;apprentissage de la technique d&rsquo;analyse de documents 3QPOC. Cette activit\u00e9 est construite \u00e0 partir du dossier documentaire du R\u00e9cit :\u00a0Comment les Am\u00e9rindiens occupaient-ils le territoire avant l\u2019arriv\u00e9e des Europ\u00e9ens? Ens.explicite.3QPOC.exemple.HQC3 Attachments Ens.explicite.3QPOC.exemple.HQC3 (5 MB)<\/p>\n<\/div>","protected":false},"author":209,"featured_media":0,"parent":0,"menu_order":0,"comment_status":"closed","ping_status":"closed","template":"","meta":{"footnotes":""},"class_list":["post-4769","page","type-page","status-publish","hentry","nodate","item-wrap"],"_links":{"self":[{"href":"https:\/\/se.csbe.qc.ca\/universsocial\/wp-json\/wp\/v2\/pages\/4769","targetHints":{"allow":["GET"]}}],"collection":[{"href":"https:\/\/se.csbe.qc.ca\/universsocial\/wp-json\/wp\/v2\/pages"}],"about":[{"href":"https:\/\/se.csbe.qc.ca\/universsocial\/wp-json\/wp\/v2\/types\/page"}],"author":[{"embeddable":true,"href":"https:\/\/se.csbe.qc.ca\/universsocial\/wp-json\/wp\/v2\/users\/209"}],"replies":[{"embeddable":true,"href":"https:\/\/se.csbe.qc.ca\/universsocial\/wp-json\/wp\/v2\/comments?post=4769"}],"version-history":[{"count":1,"href":"https:\/\/se.csbe.qc.ca\/universsocial\/wp-json\/wp\/v2\/pages\/4769\/revisions"}],"predecessor-version":[{"id":4771,"href":"https:\/\/se.csbe.qc.ca\/universsocial\/wp-json\/wp\/v2\/pages\/4769\/revisions\/4771"}],"wp:attachment":[{"href":"https:\/\/se.csbe.qc.ca\/universsocial\/wp-json\/wp\/v2\/media?parent=4769"}],"curies":[{"name":"wp","href":"https:\/\/api.w.org\/{rel}","templated":true}]}}