{"id":4743,"date":"2016-05-27T10:12:03","date_gmt":"2016-05-27T14:12:03","guid":{"rendered":"https:\/\/se.csbe.qc.ca\/universsocial\/?page_id=4743"},"modified":"2016-05-27T10:13:01","modified_gmt":"2016-05-27T14:13:01","slug":"competence-1-economie-coloniale","status":"publish","type":"page","link":"https:\/\/se.csbe.qc.ca\/universsocial\/competence-1-economie-coloniale\/","title":{"rendered":"Comp\u00e9tence 1 &#8211; \u00c9conomie coloniale"},"content":{"rendered":"<div class=\"page-restrict-output\"><h2>Une t\u00e2che de comp\u00e9tence 1 portant sur l&rsquo;\u00e9conomie coloniale pour la p\u00e9riode 1760-1791.<\/h2>\n<h2>Merci \u00e0 Marie-Jos\u00e9e Morneau de la Commission scolaire de la Seigneurie des MIlle-\u00celes!<\/h2>\n<h2><a href=\"https:\/\/se.csbe.qc.ca\/universsocial\/files\/2016\/05\/CD1Economiecoloniale.docx\" rel=\"\">CD1Economiecoloniale<\/a><\/h2>\n<p>&nbsp;<\/p>\n<h2><span style=\"color: #800000;\"><em>Attention! Cette t\u00e2che a \u00e9t\u00e9 \u00e9labor\u00e9e dans le cadre du projet pilote \u00e0 partir d\u2019un programme provisoire. \u00a0Il se peut que des modifications doivent y \u00eatre apport\u00e9es pour la rendre conforme aux nouvelles directives de la Direction de l\u2019\u00e9valuation des apprentissages (se r\u00e9f\u00e9rer au Cadre d\u2019\u00e9valuation).<\/em><\/span><\/h2>\n<!-- WP Attachments -->\r\n        <div style=\"width:100%;margin:10px 0 10px 0;\">\r\n            <h3>Attachments<\/h3>\r\n        <ul class=\"post-attachments\"><li class=\"post-attachment mime-application-vnd-openxmlformats-officedocument-wordprocessingml-document\"><a href=\"https:\/\/se.csbe.qc.ca\/universsocial\/files\/2016\/05\/CD1Economiecoloniale.docx\">CD1Economiecoloniale<\/a> <small>(140 kB)<\/small><\/li><\/ul><\/div><\/div>","protected":false},"excerpt":{"rendered":"<div class=\"page-restrict-output\"><p>Une t\u00e2che de comp\u00e9tence 1 portant sur l&rsquo;\u00e9conomie coloniale pour la p\u00e9riode 1760-1791. Merci \u00e0 Marie-Jos\u00e9e Morneau de la Commission scolaire de la Seigneurie des MIlle-\u00celes! CD1Economiecoloniale &nbsp; Attention! Cette t\u00e2che a \u00e9t\u00e9 \u00e9labor\u00e9e dans le cadre du projet pilote \u00e0 partir d\u2019un programme provisoire. \u00a0Il se peut que des modifications doivent y \u00eatre apport\u00e9es &hellip; <\/p>\n<p><a class=\"more-link btn\" href=\"https:\/\/se.csbe.qc.ca\/universsocial\/competence-1-economie-coloniale\/\">Lire la suite<\/a><\/p>\n<\/div>","protected":false},"author":209,"featured_media":0,"parent":0,"menu_order":0,"comment_status":"closed","ping_status":"closed","template":"","meta":{"footnotes":""},"class_list":["post-4743","page","type-page","status-publish","hentry","nodate","item-wrap"],"_links":{"self":[{"href":"https:\/\/se.csbe.qc.ca\/universsocial\/wp-json\/wp\/v2\/pages\/4743","targetHints":{"allow":["GET"]}}],"collection":[{"href":"https:\/\/se.csbe.qc.ca\/universsocial\/wp-json\/wp\/v2\/pages"}],"about":[{"href":"https:\/\/se.csbe.qc.ca\/universsocial\/wp-json\/wp\/v2\/types\/page"}],"author":[{"embeddable":true,"href":"https:\/\/se.csbe.qc.ca\/universsocial\/wp-json\/wp\/v2\/users\/209"}],"replies":[{"embeddable":true,"href":"https:\/\/se.csbe.qc.ca\/universsocial\/wp-json\/wp\/v2\/comments?post=4743"}],"version-history":[{"count":2,"href":"https:\/\/se.csbe.qc.ca\/universsocial\/wp-json\/wp\/v2\/pages\/4743\/revisions"}],"predecessor-version":[{"id":4746,"href":"https:\/\/se.csbe.qc.ca\/universsocial\/wp-json\/wp\/v2\/pages\/4743\/revisions\/4746"}],"wp:attachment":[{"href":"https:\/\/se.csbe.qc.ca\/universsocial\/wp-json\/wp\/v2\/media?parent=4743"}],"curies":[{"name":"wp","href":"https:\/\/api.w.org\/{rel}","templated":true}]}}