{"id":4729,"date":"2016-05-27T09:31:21","date_gmt":"2016-05-27T13:31:21","guid":{"rendered":"https:\/\/se.csbe.qc.ca\/universsocial\/?page_id=4729"},"modified":"2016-05-27T09:58:16","modified_gmt":"2016-05-27T13:58:16","slug":"ligne-du-temps-1500-1608-notebook","status":"publish","type":"page","link":"https:\/\/se.csbe.qc.ca\/universsocial\/ligne-du-temps-1500-1608-notebook\/","title":{"rendered":"Ligne du temps 1500-1608 &#8211; Notebook"},"content":{"rendered":"<div class=\"page-restrict-output\"><h2>Ligne du temps Notebook pour la p\u00e9riode de 1500 \u00e0 1608.<\/h2>\n<h2>Merci \u00e0 Marie-H\u00e9l\u00e8ne Arbour et Claire Ouellet, de la Commission scolaire Val-des-cerfs, pour ce partage!<\/h2>\n<h2><a href=\"https:\/\/se.csbe.qc.ca\/universsocial\/files\/2016\/05\/Lignedutemps1500-1608.notebook\" rel=\"\">Lignedutemps1500-1608<\/a><\/h2>\n<!-- WP Attachments -->\r\n        <div style=\"width:100%;margin:10px 0 10px 0;\">\r\n            <h3>Attachments<\/h3>\r\n        <ul class=\"post-attachments\"><li class=\"post-attachment mime-application-x-smarttech-notebook\"><a href=\"https:\/\/se.csbe.qc.ca\/universsocial\/files\/2016\/05\/Lignedutemps1500-1608.notebook\">Lignedutemps1500-1608<\/a> <small>(473 kB)<\/small><\/li><\/ul><\/div><\/div>","protected":false},"excerpt":{"rendered":"<div class=\"page-restrict-output\"><p>Ligne du temps Notebook pour la p\u00e9riode de 1500 \u00e0 1608. Merci \u00e0 Marie-H\u00e9l\u00e8ne Arbour et Claire Ouellet, de la Commission scolaire Val-des-cerfs, pour ce partage! Lignedutemps1500-1608 Attachments Lignedutemps1500-1608 (473 kB)<\/p>\n<\/div>","protected":false},"author":209,"featured_media":0,"parent":0,"menu_order":0,"comment_status":"closed","ping_status":"closed","template":"","meta":{"footnotes":""},"class_list":["post-4729","page","type-page","status-publish","hentry","nodate","item-wrap"],"_links":{"self":[{"href":"https:\/\/se.csbe.qc.ca\/universsocial\/wp-json\/wp\/v2\/pages\/4729","targetHints":{"allow":["GET"]}}],"collection":[{"href":"https:\/\/se.csbe.qc.ca\/universsocial\/wp-json\/wp\/v2\/pages"}],"about":[{"href":"https:\/\/se.csbe.qc.ca\/universsocial\/wp-json\/wp\/v2\/types\/page"}],"author":[{"embeddable":true,"href":"https:\/\/se.csbe.qc.ca\/universsocial\/wp-json\/wp\/v2\/users\/209"}],"replies":[{"embeddable":true,"href":"https:\/\/se.csbe.qc.ca\/universsocial\/wp-json\/wp\/v2\/comments?post=4729"}],"version-history":[{"count":1,"href":"https:\/\/se.csbe.qc.ca\/universsocial\/wp-json\/wp\/v2\/pages\/4729\/revisions"}],"predecessor-version":[{"id":4731,"href":"https:\/\/se.csbe.qc.ca\/universsocial\/wp-json\/wp\/v2\/pages\/4729\/revisions\/4731"}],"wp:attachment":[{"href":"https:\/\/se.csbe.qc.ca\/universsocial\/wp-json\/wp\/v2\/media?parent=4729"}],"curies":[{"name":"wp","href":"https:\/\/api.w.org\/{rel}","templated":true}]}}