{"id":4726,"date":"2016-05-27T09:30:00","date_gmt":"2016-05-27T13:30:00","guid":{"rendered":"https:\/\/se.csbe.qc.ca\/universsocial\/?page_id=4726"},"modified":"2016-06-02T13:43:53","modified_gmt":"2016-06-02T17:43:53","slug":"reseaux-dechanges-amerindiens-powerpoint","status":"publish","type":"page","link":"https:\/\/se.csbe.qc.ca\/universsocial\/reseaux-dechanges-amerindiens-powerpoint\/","title":{"rendered":"R\u00e9seaux d&rsquo;\u00e9changes am\u00e9rindiens &#8211; Powerpoint"},"content":{"rendered":"<div class=\"page-restrict-output\"><h2>Une pr\u00e9sentation PowerPoint (aussi disponible en PDF) sur la connaissances historiques R\u00e9seaux d&rsquo;\u00e9change am\u00e9rindiens.<\/h2>\n<h2>Merci \u00e0 Marie-H\u00e9l\u00e8ne Arbour et Claire Ouellet, de la Commission scolaire Val-des-cerfs, pour ce partage!<\/h2>\n<h2><a href=\"https:\/\/se.csbe.qc.ca\/universsocial\/files\/2016\/05\/R\u00e9seaux-d\u00e9change-am\u00e9rindiens.pdf\" rel=\"\">R\u00e9seaux d&rsquo;\u00e9change am\u00e9rindiens<\/a>\u00a0(PDF)<\/h2>\n<h2><a href=\"https:\/\/se.csbe.qc.ca\/universsocial\/files\/2016\/05\/R\u00e9seaux-d\u00e9change-am\u00e9rindiens.ppt\" rel=\"\">R\u00e9seaux d&rsquo;\u00e9change am\u00e9rindiens<\/a>\u00a0(PPT)<\/h2>\n<!-- WP Attachments -->\r\n        <div style=\"width:100%;margin:10px 0 10px 0;\">\r\n            <h3>Attachments<\/h3>\r\n        <ul class=\"post-attachments\"><li class=\"post-attachment mime-application-zip\"><a href=\"https:\/\/se.csbe.qc.ca\/universsocial\/files\/2016\/05\/R\u00e9seaux-d\u00e9change-am\u00e9rindiens.zip\">R\u00e9seaux d'\u00e9change am\u00e9rindiens<\/a> <small>(6 MB)<\/small><\/li><li class=\"post-attachment mime-application-zip\"><a href=\"https:\/\/se.csbe.qc.ca\/universsocial\/files\/2016\/05\/R\u00e9seaux-d\u00e9change-am\u00e9rindiens-1.zip\">R\u00e9seaux d'\u00e9change am\u00e9rindiens<\/a> <small>(6 MB)<\/small><\/li><li class=\"post-attachment mime-application-pdf\"><a href=\"https:\/\/se.csbe.qc.ca\/universsocial\/files\/2016\/05\/R\u00e9seaux-d\u00e9change-am\u00e9rindiens.pdf\">R\u00e9seaux d'\u00e9change am\u00e9rindiens<\/a> <small>(3 MB)<\/small><\/li><li class=\"post-attachment mime-application-vnd-ms-powerpoint\"><a href=\"https:\/\/se.csbe.qc.ca\/universsocial\/files\/2016\/05\/R\u00e9seaux-d\u00e9change-am\u00e9rindiens.ppt\">R\u00e9seaux d'\u00e9change am\u00e9rindiens<\/a> <small>(4 MB)<\/small><\/li><\/ul><\/div><\/div>","protected":false},"excerpt":{"rendered":"<div class=\"page-restrict-output\"><p>Une pr\u00e9sentation PowerPoint (aussi disponible en PDF) sur la connaissances historiques R\u00e9seaux d&rsquo;\u00e9change am\u00e9rindiens. Merci \u00e0 Marie-H\u00e9l\u00e8ne Arbour et Claire Ouellet, de la Commission scolaire Val-des-cerfs, pour ce partage! R\u00e9seaux d&rsquo;\u00e9change am\u00e9rindiens\u00a0(PDF) R\u00e9seaux d&rsquo;\u00e9change am\u00e9rindiens\u00a0(PPT) Attachments R\u00e9seaux d&rsquo;\u00e9change am\u00e9rindiens (6 MB)R\u00e9seaux d&rsquo;\u00e9change am\u00e9rindiens (6 MB)R\u00e9seaux d&rsquo;\u00e9change am\u00e9rindiens (3 MB)R\u00e9seaux d&rsquo;\u00e9change am\u00e9rindiens (4 MB)<\/p>\n<\/div>","protected":false},"author":209,"featured_media":0,"parent":0,"menu_order":0,"comment_status":"closed","ping_status":"closed","template":"","meta":{"footnotes":""},"class_list":["post-4726","page","type-page","status-publish","hentry","nodate","item-wrap"],"_links":{"self":[{"href":"https:\/\/se.csbe.qc.ca\/universsocial\/wp-json\/wp\/v2\/pages\/4726","targetHints":{"allow":["GET"]}}],"collection":[{"href":"https:\/\/se.csbe.qc.ca\/universsocial\/wp-json\/wp\/v2\/pages"}],"about":[{"href":"https:\/\/se.csbe.qc.ca\/universsocial\/wp-json\/wp\/v2\/types\/page"}],"author":[{"embeddable":true,"href":"https:\/\/se.csbe.qc.ca\/universsocial\/wp-json\/wp\/v2\/users\/209"}],"replies":[{"embeddable":true,"href":"https:\/\/se.csbe.qc.ca\/universsocial\/wp-json\/wp\/v2\/comments?post=4726"}],"version-history":[{"count":3,"href":"https:\/\/se.csbe.qc.ca\/universsocial\/wp-json\/wp\/v2\/pages\/4726\/revisions"}],"predecessor-version":[{"id":4840,"href":"https:\/\/se.csbe.qc.ca\/universsocial\/wp-json\/wp\/v2\/pages\/4726\/revisions\/4840"}],"wp:attachment":[{"href":"https:\/\/se.csbe.qc.ca\/universsocial\/wp-json\/wp\/v2\/media?parent=4726"}],"curies":[{"name":"wp","href":"https:\/\/api.w.org\/{rel}","templated":true}]}}