{"id":4722,"date":"2016-05-26T11:54:59","date_gmt":"2016-05-26T15:54:59","guid":{"rendered":"https:\/\/se.csbe.qc.ca\/universsocial\/?page_id=4722"},"modified":"2016-05-26T11:54:59","modified_gmt":"2016-05-26T15:54:59","slug":"competence-1-creation-dun-graphique-dinformations-avec-easel-ly","status":"publish","type":"page","link":"https:\/\/se.csbe.qc.ca\/universsocial\/competence-1-creation-dun-graphique-dinformations-avec-easel-ly\/","title":{"rendered":"Comp\u00e9tence 1 : Cr\u00e9ation d&rsquo;un graphique d&rsquo;informations avec Easel.ly"},"content":{"rendered":"<div class=\"page-restrict-output\"><h2>Une activit\u00e9 o\u00f9 l&rsquo;\u00e9l\u00e8ve doit se servir de l&rsquo;application Easel.ly (PC et Ipad) pour cr\u00e9er un graphique d&rsquo;informations o\u00f9 il pourra d\u00e9crire certaines caract\u00e9ristiques des Algonquiens et des Iroquoiens.<\/h2>\n<h2><a href=\"https:\/\/se.csbe.qc.ca\/universsocial\/files\/2016\/05\/HQC3_C1.Algonquiens-et-Iroquoiens.docx\" rel=\"\">HQC3_C1.Algonquiens et Iroquoiens<\/a><\/h2>\n<!-- WP Attachments -->\r\n        <div style=\"width:100%;margin:10px 0 10px 0;\">\r\n            <h3>Attachments<\/h3>\r\n        <ul class=\"post-attachments\"><li class=\"post-attachment mime-application-vnd-openxmlformats-officedocument-wordprocessingml-document\"><a href=\"https:\/\/se.csbe.qc.ca\/universsocial\/files\/2016\/05\/HQC3_C1.Algonquiens-et-Iroquoiens.docx\">HQC3_C1.Algonquiens et Iroquoiens<\/a> <small>(336 kB)<\/small><\/li><\/ul><\/div><\/div>","protected":false},"excerpt":{"rendered":"<div class=\"page-restrict-output\"><p>Une activit\u00e9 o\u00f9 l&rsquo;\u00e9l\u00e8ve doit se servir de l&rsquo;application Easel.ly (PC et Ipad) pour cr\u00e9er un graphique d&rsquo;informations o\u00f9 il pourra d\u00e9crire certaines caract\u00e9ristiques des Algonquiens et des Iroquoiens. HQC3_C1.Algonquiens et Iroquoiens Attachments HQC3_C1.Algonquiens et Iroquoiens (336 kB)<\/p>\n<\/div>","protected":false},"author":209,"featured_media":0,"parent":0,"menu_order":0,"comment_status":"closed","ping_status":"closed","template":"","meta":{"footnotes":""},"class_list":["post-4722","page","type-page","status-publish","hentry","nodate","item-wrap"],"_links":{"self":[{"href":"https:\/\/se.csbe.qc.ca\/universsocial\/wp-json\/wp\/v2\/pages\/4722","targetHints":{"allow":["GET"]}}],"collection":[{"href":"https:\/\/se.csbe.qc.ca\/universsocial\/wp-json\/wp\/v2\/pages"}],"about":[{"href":"https:\/\/se.csbe.qc.ca\/universsocial\/wp-json\/wp\/v2\/types\/page"}],"author":[{"embeddable":true,"href":"https:\/\/se.csbe.qc.ca\/universsocial\/wp-json\/wp\/v2\/users\/209"}],"replies":[{"embeddable":true,"href":"https:\/\/se.csbe.qc.ca\/universsocial\/wp-json\/wp\/v2\/comments?post=4722"}],"version-history":[{"count":1,"href":"https:\/\/se.csbe.qc.ca\/universsocial\/wp-json\/wp\/v2\/pages\/4722\/revisions"}],"predecessor-version":[{"id":4724,"href":"https:\/\/se.csbe.qc.ca\/universsocial\/wp-json\/wp\/v2\/pages\/4722\/revisions\/4724"}],"wp:attachment":[{"href":"https:\/\/se.csbe.qc.ca\/universsocial\/wp-json\/wp\/v2\/media?parent=4722"}],"curies":[{"name":"wp","href":"https:\/\/api.w.org\/{rel}","templated":true}]}}