{"id":4705,"date":"2016-05-26T11:45:16","date_gmt":"2016-05-26T15:45:16","guid":{"rendered":"https:\/\/se.csbe.qc.ca\/universsocial\/?page_id=4705"},"modified":"2016-05-27T14:47:55","modified_gmt":"2016-05-27T18:47:55","slug":"syntheses-1500-1608","status":"publish","type":"page","link":"https:\/\/se.csbe.qc.ca\/universsocial\/syntheses-1500-1608\/","title":{"rendered":"Synth\u00e8ses 1500-1608"},"content":{"rendered":"<div class=\"page-restrict-output\"><h2>Voici diff\u00e9rentes synth\u00e8ses sous forme d&rsquo;organigrammes pour la p\u00e9riode 1500-1608.<\/h2>\n<h2>Merci \u00e0 Vincent Lemieux et \u00e0 Jean-Ren\u00e9 Boily pour ce partage!<\/h2>\n<h2><a href=\"https:\/\/se.csbe.qc.ca\/universsocial\/files\/2016\/05\/SYNTH\u00c8SE-Premiers-contacts.docx\" rel=\"\">SYNTH\u00c8SE &#8211; Premiers contacts<\/a><\/h2>\n<h2><a href=\"https:\/\/se.csbe.qc.ca\/universsocial\/files\/2016\/05\/SYNTH\u00c8SE-R\u00e9seaux-d\u00e9change-am\u00e9rindiens.docx\" rel=\"\">SYNTH\u00c8SE &#8211; R\u00e9seaux d&rsquo;\u00e9change am\u00e9rindiens<\/a><\/h2>\n<p>&nbsp;<\/p>\n<h2><img loading=\"lazy\" decoding=\"async\" class=\"alignnone wp-image-4706\" src=\"https:\/\/se.csbe.qc.ca\/universsocial\/files\/2016\/05\/SYNTH\u00c8SE-Alliances-amerindiennes-700x445.jpg\" alt=\"SYNTH\u00c8SE - Alliances amerindiennes\" width=\"903\" height=\"574\" srcset=\"https:\/\/se.csbe.qc.ca\/universsocial\/files\/2016\/05\/SYNTH\u00c8SE-Alliances-amerindiennes-700x445.jpg 700w, https:\/\/se.csbe.qc.ca\/universsocial\/files\/2016\/05\/SYNTH\u00c8SE-Alliances-amerindiennes-768x488.jpg 768w, https:\/\/se.csbe.qc.ca\/universsocial\/files\/2016\/05\/SYNTH\u00c8SE-Alliances-amerindiennes-1024x651.jpg 1024w, https:\/\/se.csbe.qc.ca\/universsocial\/files\/2016\/05\/SYNTH\u00c8SE-Alliances-amerindiennes.jpg 1733w\" sizes=\"auto, (max-width: 903px) 100vw, 903px\" \/><\/h2>\n<!-- WP Attachments -->\r\n        <div style=\"width:100%;margin:10px 0 10px 0;\">\r\n            <h3>Attachments<\/h3>\r\n        <ul class=\"post-attachments\"><li class=\"post-attachment mime-application-vnd-openxmlformats-officedocument-wordprocessingml-document\"><a href=\"https:\/\/se.csbe.qc.ca\/universsocial\/files\/2016\/05\/SYNTH\u00c8SE-Premiers-contacts.docx\">SYNTH\u00c8SE - Premiers contacts<\/a> <small>(25 kB)<\/small><\/li><li class=\"post-attachment mime-application-vnd-openxmlformats-officedocument-wordprocessingml-document\"><a href=\"https:\/\/se.csbe.qc.ca\/universsocial\/files\/2016\/05\/SYNTH\u00c8SE-R\u00e9seaux-d\u00e9change-am\u00e9rindiens.docx\">SYNTH\u00c8SE - R\u00e9seaux d'\u00e9change am\u00e9rindiens<\/a> <small>(959 kB)<\/small><\/li><\/ul><\/div><\/div>","protected":false},"excerpt":{"rendered":"<div class=\"page-restrict-output\"><p>Voici diff\u00e9rentes synth\u00e8ses sous forme d&rsquo;organigrammes pour la p\u00e9riode 1500-1608. Merci \u00e0 Vincent Lemieux et \u00e0 Jean-Ren\u00e9 Boily pour ce partage! SYNTH\u00c8SE &#8211; Premiers contacts SYNTH\u00c8SE &#8211; R\u00e9seaux d&rsquo;\u00e9change am\u00e9rindiens &nbsp; Attachments SYNTH\u00c8SE &#8211; Premiers contacts (25 kB)SYNTH\u00c8SE &#8211; R\u00e9seaux d&rsquo;\u00e9change am\u00e9rindiens (959 kB)<\/p>\n<\/div>","protected":false},"author":209,"featured_media":0,"parent":0,"menu_order":0,"comment_status":"closed","ping_status":"closed","template":"","meta":{"footnotes":""},"class_list":["post-4705","page","type-page","status-publish","hentry","nodate","item-wrap"],"_links":{"self":[{"href":"https:\/\/se.csbe.qc.ca\/universsocial\/wp-json\/wp\/v2\/pages\/4705","targetHints":{"allow":["GET"]}}],"collection":[{"href":"https:\/\/se.csbe.qc.ca\/universsocial\/wp-json\/wp\/v2\/pages"}],"about":[{"href":"https:\/\/se.csbe.qc.ca\/universsocial\/wp-json\/wp\/v2\/types\/page"}],"author":[{"embeddable":true,"href":"https:\/\/se.csbe.qc.ca\/universsocial\/wp-json\/wp\/v2\/users\/209"}],"replies":[{"embeddable":true,"href":"https:\/\/se.csbe.qc.ca\/universsocial\/wp-json\/wp\/v2\/comments?post=4705"}],"version-history":[{"count":5,"href":"https:\/\/se.csbe.qc.ca\/universsocial\/wp-json\/wp\/v2\/pages\/4705\/revisions"}],"predecessor-version":[{"id":4768,"href":"https:\/\/se.csbe.qc.ca\/universsocial\/wp-json\/wp\/v2\/pages\/4705\/revisions\/4768"}],"wp:attachment":[{"href":"https:\/\/se.csbe.qc.ca\/universsocial\/wp-json\/wp\/v2\/media?parent=4705"}],"curies":[{"name":"wp","href":"https:\/\/api.w.org\/{rel}","templated":true}]}}