{"id":4699,"date":"2016-05-26T08:44:15","date_gmt":"2016-05-26T12:44:15","guid":{"rendered":"https:\/\/se.csbe.qc.ca\/universsocial\/?page_id=4699"},"modified":"2016-05-26T08:44:15","modified_gmt":"2016-05-26T12:44:15","slug":"competence-2-les-alliances","status":"publish","type":"page","link":"https:\/\/se.csbe.qc.ca\/universsocial\/competence-2-les-alliances\/","title":{"rendered":"Comp\u00e9tence 2 &#8211; Les alliances"},"content":{"rendered":"<div class=\"page-restrict-output\"><h2>Une t\u00e2che en comp\u00e9tence 2 (Interpr\u00e9ter une r\u00e9alit\u00e9 sociale) sur les alliances entre les Fran\u00e7ais et les Am\u00e9rindiens. \u00a0Merci \u00e0 Caroline Desrochers de la Commission soclaire des Portages de l&rsquo;Outaouais pour ce partage!<\/h2>\n<h2><a href=\"https:\/\/se.csbe.qc.ca\/universsocial\/files\/2016\/05\/T\u00e2che_C2-les_alliances.zip\" rel=\"\">T\u00e2che_C2-les_alliances<\/a><\/h2>\n<!-- WP Attachments -->\r\n        <div style=\"width:100%;margin:10px 0 10px 0;\">\r\n            <h3>Attachments<\/h3>\r\n        <ul class=\"post-attachments\"><li class=\"post-attachment mime-application-zip\"><a href=\"https:\/\/se.csbe.qc.ca\/universsocial\/files\/2016\/05\/T\u00e2che_C2-les_alliances.zip\">T\u00e2che_C2-les_alliances<\/a> <small>(988 kB)<\/small><\/li><\/ul><\/div><\/div>","protected":false},"excerpt":{"rendered":"<div class=\"page-restrict-output\"><p>Une t\u00e2che en comp\u00e9tence 2 (Interpr\u00e9ter une r\u00e9alit\u00e9 sociale) sur les alliances entre les Fran\u00e7ais et les Am\u00e9rindiens. \u00a0Merci \u00e0 Caroline Desrochers de la Commission soclaire des Portages de l&rsquo;Outaouais pour ce partage! T\u00e2che_C2-les_alliances Attachments T\u00e2che_C2-les_alliances (988 kB)<\/p>\n<\/div>","protected":false},"author":209,"featured_media":0,"parent":0,"menu_order":0,"comment_status":"closed","ping_status":"closed","template":"","meta":{"footnotes":""},"class_list":["post-4699","page","type-page","status-publish","hentry","nodate","item-wrap"],"_links":{"self":[{"href":"https:\/\/se.csbe.qc.ca\/universsocial\/wp-json\/wp\/v2\/pages\/4699","targetHints":{"allow":["GET"]}}],"collection":[{"href":"https:\/\/se.csbe.qc.ca\/universsocial\/wp-json\/wp\/v2\/pages"}],"about":[{"href":"https:\/\/se.csbe.qc.ca\/universsocial\/wp-json\/wp\/v2\/types\/page"}],"author":[{"embeddable":true,"href":"https:\/\/se.csbe.qc.ca\/universsocial\/wp-json\/wp\/v2\/users\/209"}],"replies":[{"embeddable":true,"href":"https:\/\/se.csbe.qc.ca\/universsocial\/wp-json\/wp\/v2\/comments?post=4699"}],"version-history":[{"count":1,"href":"https:\/\/se.csbe.qc.ca\/universsocial\/wp-json\/wp\/v2\/pages\/4699\/revisions"}],"predecessor-version":[{"id":4701,"href":"https:\/\/se.csbe.qc.ca\/universsocial\/wp-json\/wp\/v2\/pages\/4699\/revisions\/4701"}],"wp:attachment":[{"href":"https:\/\/se.csbe.qc.ca\/universsocial\/wp-json\/wp\/v2\/media?parent=4699"}],"curies":[{"name":"wp","href":"https:\/\/api.w.org\/{rel}","templated":true}]}}