{"id":4681,"date":"2016-05-26T08:29:37","date_gmt":"2016-05-26T12:29:37","guid":{"rendered":"https:\/\/se.csbe.qc.ca\/universsocial\/?page_id=4681"},"modified":"2016-05-26T11:20:22","modified_gmt":"2016-05-26T15:20:22","slug":"competence-1-caracteristiques-de-la-periode-1500-1608","status":"publish","type":"page","link":"https:\/\/se.csbe.qc.ca\/universsocial\/competence-1-caracteristiques-de-la-periode-1500-1608\/","title":{"rendered":"Comp\u00e9tence 1 : Caract\u00e9ristiques de la p\u00e9riode 1500-1608"},"content":{"rendered":"<div class=\"page-restrict-output\"><h2>Un travail de caract\u00e9risation de la p\u00e9riode 1500-1608 partag\u00e9 par messieurs Patrick Bibeau et S\u00e9bastien Quirion de la Commission scolaire Marguerite-Bourgeoys. \u00a0Merci pour ce partage!<\/h2>\n<h2><\/h2>\n<h2><a href=\"https:\/\/se.csbe.qc.ca\/universsocial\/files\/2016\/05\/C1-Caract\u00e9ristiques-de-la-p\u00e9riode-1500-1608.zip\" rel=\"\">C1 &#8211; Caract\u00e9ristiques de la p\u00e9riode 1500-1608<\/a><\/h2>\n<p>&nbsp;<\/p>\n<h2><span style=\"color: #800000;\"><em>Attention! Cette t\u00e2che a \u00e9t\u00e9 \u00e9labor\u00e9e dans le cadre du projet pilote \u00e0 partir d\u2019un programme provisoire. \u00a0Il se peut que des modifications doivent y \u00eatre apport\u00e9es pour la rendre conforme aux nouvelles directives de la Direction de l\u2019\u00e9valuation des apprentissages (se r\u00e9f\u00e9rer au Cadre d\u2019\u00e9valuation).<\/em><\/span><\/h2>\n<!-- WP Attachments -->\r\n        <div style=\"width:100%;margin:10px 0 10px 0;\">\r\n            <h3>Attachments<\/h3>\r\n        <ul class=\"post-attachments\"><li class=\"post-attachment mime-application-zip\"><a href=\"https:\/\/se.csbe.qc.ca\/universsocial\/files\/2016\/05\/C1-Caract\u00e9ristiques-de-la-p\u00e9riode-1500-1608.zip\">C1 - Caract\u00e9ristiques de la p\u00e9riode 1500-1608<\/a> <small>(555 kB)<\/small><\/li><\/ul><\/div><\/div>","protected":false},"excerpt":{"rendered":"<div class=\"page-restrict-output\"><p>Un travail de caract\u00e9risation de la p\u00e9riode 1500-1608 partag\u00e9 par messieurs Patrick Bibeau et S\u00e9bastien Quirion de la Commission scolaire Marguerite-Bourgeoys. \u00a0Merci pour ce partage! C1 &#8211; Caract\u00e9ristiques de la p\u00e9riode 1500-1608 &nbsp; Attention! Cette t\u00e2che a \u00e9t\u00e9 \u00e9labor\u00e9e dans le cadre du projet pilote \u00e0 partir d\u2019un programme provisoire. \u00a0Il se peut que des &hellip; <\/p>\n<p><a class=\"more-link btn\" href=\"https:\/\/se.csbe.qc.ca\/universsocial\/competence-1-caracteristiques-de-la-periode-1500-1608\/\">Lire la suite<\/a><\/p>\n<\/div>","protected":false},"author":209,"featured_media":0,"parent":0,"menu_order":0,"comment_status":"closed","ping_status":"closed","template":"","meta":{"footnotes":""},"class_list":["post-4681","page","type-page","status-publish","hentry","nodate","item-wrap"],"_links":{"self":[{"href":"https:\/\/se.csbe.qc.ca\/universsocial\/wp-json\/wp\/v2\/pages\/4681","targetHints":{"allow":["GET"]}}],"collection":[{"href":"https:\/\/se.csbe.qc.ca\/universsocial\/wp-json\/wp\/v2\/pages"}],"about":[{"href":"https:\/\/se.csbe.qc.ca\/universsocial\/wp-json\/wp\/v2\/types\/page"}],"author":[{"embeddable":true,"href":"https:\/\/se.csbe.qc.ca\/universsocial\/wp-json\/wp\/v2\/users\/209"}],"replies":[{"embeddable":true,"href":"https:\/\/se.csbe.qc.ca\/universsocial\/wp-json\/wp\/v2\/comments?post=4681"}],"version-history":[{"count":2,"href":"https:\/\/se.csbe.qc.ca\/universsocial\/wp-json\/wp\/v2\/pages\/4681\/revisions"}],"predecessor-version":[{"id":4702,"href":"https:\/\/se.csbe.qc.ca\/universsocial\/wp-json\/wp\/v2\/pages\/4681\/revisions\/4702"}],"wp:attachment":[{"href":"https:\/\/se.csbe.qc.ca\/universsocial\/wp-json\/wp\/v2\/media?parent=4681"}],"curies":[{"name":"wp","href":"https:\/\/api.w.org\/{rel}","templated":true}]}}