{"id":4662,"date":"2016-05-20T15:49:38","date_gmt":"2016-05-20T19:49:38","guid":{"rendered":"https:\/\/se.csbe.qc.ca\/universsocial\/?page_id=4662"},"modified":"2016-05-20T15:49:38","modified_gmt":"2016-05-20T19:49:38","slug":"ruban-du-temps-1760-1791","status":"publish","type":"page","link":"https:\/\/se.csbe.qc.ca\/universsocial\/ruban-du-temps-1760-1791\/","title":{"rendered":"Ruban du temps (1760-1791)"},"content":{"rendered":"<div class=\"page-restrict-output\"><h2>Un ruban du temps \u00e0 compl\u00e9ter par l&rsquo;\u00e9l\u00e8ve en situation d&rsquo;apprentissage ou en situation d&rsquo;\u00e9valuation.<\/h2>\n<h2>Touche principalement \u00e0 la comp\u00e9tence 1, mais l&rsquo;aspect continuit\u00e9\/changement rejoint la comp\u00e9tence 2.<\/h2>\n<h2><a href=\"https:\/\/se.csbe.qc.ca\/universsocial\/files\/2016\/05\/Ruban-du-temps.JB_.CG_.docx\" rel=\"\">Ruban du temps.JB.CG<\/a><\/h2>\n<h2>Produit par Jesse Boulette et Claudine Goupil<\/h2>\n<h2><\/h2>\n<!-- WP Attachments -->\r\n        <div style=\"width:100%;margin:10px 0 10px 0;\">\r\n            <h3>Attachments<\/h3>\r\n        <ul class=\"post-attachments\"><li class=\"post-attachment mime-application-vnd-openxmlformats-officedocument-wordprocessingml-document\"><a href=\"https:\/\/se.csbe.qc.ca\/universsocial\/files\/2016\/05\/Ruban-du-temps.JB_.CG_.docx\">Ruban du temps.JB.CG<\/a> <small>(665 kB)<\/small><\/li><\/ul><\/div><\/div>","protected":false},"excerpt":{"rendered":"<div class=\"page-restrict-output\"><p>Un ruban du temps \u00e0 compl\u00e9ter par l&rsquo;\u00e9l\u00e8ve en situation d&rsquo;apprentissage ou en situation d&rsquo;\u00e9valuation. Touche principalement \u00e0 la comp\u00e9tence 1, mais l&rsquo;aspect continuit\u00e9\/changement rejoint la comp\u00e9tence 2. Ruban du temps.JB.CG Produit par Jesse Boulette et Claudine Goupil Attachments Ruban du temps.JB.CG (665 kB)<\/p>\n<\/div>","protected":false},"author":209,"featured_media":0,"parent":0,"menu_order":0,"comment_status":"closed","ping_status":"closed","template":"","meta":{"footnotes":""},"class_list":["post-4662","page","type-page","status-publish","hentry","nodate","item-wrap"],"_links":{"self":[{"href":"https:\/\/se.csbe.qc.ca\/universsocial\/wp-json\/wp\/v2\/pages\/4662","targetHints":{"allow":["GET"]}}],"collection":[{"href":"https:\/\/se.csbe.qc.ca\/universsocial\/wp-json\/wp\/v2\/pages"}],"about":[{"href":"https:\/\/se.csbe.qc.ca\/universsocial\/wp-json\/wp\/v2\/types\/page"}],"author":[{"embeddable":true,"href":"https:\/\/se.csbe.qc.ca\/universsocial\/wp-json\/wp\/v2\/users\/209"}],"replies":[{"embeddable":true,"href":"https:\/\/se.csbe.qc.ca\/universsocial\/wp-json\/wp\/v2\/comments?post=4662"}],"version-history":[{"count":1,"href":"https:\/\/se.csbe.qc.ca\/universsocial\/wp-json\/wp\/v2\/pages\/4662\/revisions"}],"predecessor-version":[{"id":4664,"href":"https:\/\/se.csbe.qc.ca\/universsocial\/wp-json\/wp\/v2\/pages\/4662\/revisions\/4664"}],"wp:attachment":[{"href":"https:\/\/se.csbe.qc.ca\/universsocial\/wp-json\/wp\/v2\/media?parent=4662"}],"curies":[{"name":"wp","href":"https:\/\/api.w.org\/{rel}","templated":true}]}}