{"id":4653,"date":"2016-05-20T15:43:30","date_gmt":"2016-05-20T19:43:30","guid":{"rendered":"https:\/\/se.csbe.qc.ca\/universsocial\/?page_id=4653"},"modified":"2016-05-20T15:44:15","modified_gmt":"2016-05-20T19:44:15","slug":"sequences-denseignement-1608-1760","status":"publish","type":"page","link":"https:\/\/se.csbe.qc.ca\/universsocial\/sequences-denseignement-1608-1760\/","title":{"rendered":"S\u00e9quences d&rsquo;enseignement &#8211; 1608-1760"},"content":{"rendered":"<div class=\"page-restrict-output\"><h2>Trois s\u00e9quences d&rsquo;enseignement portant sur les trois connaissances historiques suivantes :<\/h2>\n<h2><span style=\"text-decoration: underline;\">Gouvernement royal<\/span><\/h2>\n<h2><a href=\"https:\/\/se.csbe.qc.ca\/universsocial\/files\/2016\/05\/GOUVERNEMENT-ROYAL.activit\u00e9s.docx\" rel=\"\">GOUVERNEMENT ROYAL.activit\u00e9s<\/a><\/h2>\n<h2><span style=\"text-decoration: underline;\">R\u00e9gime seigneurial<\/span><\/h2>\n<h2><a href=\"https:\/\/se.csbe.qc.ca\/universsocial\/files\/2016\/05\/R\u00c9GIME-SEIGNEURIAL.activit\u00e9s.docx\" rel=\"\">R\u00c9GIME SEIGNEURIAL.activit\u00e9s<\/a><\/h2>\n<h2><span style=\"text-decoration: underline;\">Croissance de la population<\/span><\/h2>\n<h2><a href=\"https:\/\/se.csbe.qc.ca\/universsocial\/files\/2016\/05\/CROISSANCE-DE-LA-POPULATION.activit\u00e9s.docx\" rel=\"\">CROISSANCE DE LA POPULATION.activit\u00e9s<\/a><\/h2>\n<h2><\/h2>\n<h2><span style=\"color: #800000;\"><em>Attention! Ces activit\u00e9s\u00a0ont \u00e9t\u00e9 \u00e9labor\u00e9es dans le cadre du projet pilote \u00e0 partir d\u2019un programme provisoire. \u00a0Il se peut que des modifications doivent y \u00eatre apport\u00e9es pour les rendre conformes aux nouvelles directives de la Direction de l\u2019\u00e9valuation des apprentissages (se r\u00e9f\u00e9rer au Cadre d\u2019\u00e9valuation).<\/em><\/span><\/h2>\n<!-- WP Attachments -->\r\n        <div style=\"width:100%;margin:10px 0 10px 0;\">\r\n            <h3>Attachments<\/h3>\r\n        <ul class=\"post-attachments\"><li class=\"post-attachment mime-application-vnd-openxmlformats-officedocument-wordprocessingml-document\"><a href=\"https:\/\/se.csbe.qc.ca\/universsocial\/files\/2016\/05\/GOUVERNEMENT-ROYAL.activit\u00e9s.docx\">GOUVERNEMENT ROYAL.activit\u00e9s<\/a> <small>(906 kB)<\/small><\/li><li class=\"post-attachment mime-application-vnd-openxmlformats-officedocument-wordprocessingml-document\"><a href=\"https:\/\/se.csbe.qc.ca\/universsocial\/files\/2016\/05\/R\u00c9GIME-SEIGNEURIAL.activit\u00e9s.docx\">R\u00c9GIME SEIGNEURIAL.activit\u00e9s<\/a> <small>(2 MB)<\/small><\/li><li class=\"post-attachment mime-application-vnd-openxmlformats-officedocument-wordprocessingml-document\"><a href=\"https:\/\/se.csbe.qc.ca\/universsocial\/files\/2016\/05\/CROISSANCE-DE-LA-POPULATION.activit\u00e9s.docx\">CROISSANCE DE LA POPULATION.activit\u00e9s<\/a> <small>(2 MB)<\/small><\/li><\/ul><\/div><\/div>","protected":false},"excerpt":{"rendered":"<div class=\"page-restrict-output\"><p>Trois s\u00e9quences d&rsquo;enseignement portant sur les trois connaissances historiques suivantes : Gouvernement royal GOUVERNEMENT ROYAL.activit\u00e9s R\u00e9gime seigneurial R\u00c9GIME SEIGNEURIAL.activit\u00e9s Croissance de la population CROISSANCE DE LA POPULATION.activit\u00e9s Attention! Ces activit\u00e9s\u00a0ont \u00e9t\u00e9 \u00e9labor\u00e9es dans le cadre du projet pilote \u00e0 partir d\u2019un programme provisoire. \u00a0Il se peut que des modifications doivent y \u00eatre apport\u00e9es pour les &hellip; <\/p>\n<p><a class=\"more-link btn\" href=\"https:\/\/se.csbe.qc.ca\/universsocial\/sequences-denseignement-1608-1760\/\">Lire la suite<\/a><\/p>\n<\/div>","protected":false},"author":209,"featured_media":0,"parent":0,"menu_order":0,"comment_status":"closed","ping_status":"closed","template":"","meta":{"footnotes":""},"class_list":["post-4653","page","type-page","status-publish","hentry","nodate","item-wrap"],"_links":{"self":[{"href":"https:\/\/se.csbe.qc.ca\/universsocial\/wp-json\/wp\/v2\/pages\/4653","targetHints":{"allow":["GET"]}}],"collection":[{"href":"https:\/\/se.csbe.qc.ca\/universsocial\/wp-json\/wp\/v2\/pages"}],"about":[{"href":"https:\/\/se.csbe.qc.ca\/universsocial\/wp-json\/wp\/v2\/types\/page"}],"author":[{"embeddable":true,"href":"https:\/\/se.csbe.qc.ca\/universsocial\/wp-json\/wp\/v2\/users\/209"}],"replies":[{"embeddable":true,"href":"https:\/\/se.csbe.qc.ca\/universsocial\/wp-json\/wp\/v2\/comments?post=4653"}],"version-history":[{"count":2,"href":"https:\/\/se.csbe.qc.ca\/universsocial\/wp-json\/wp\/v2\/pages\/4653\/revisions"}],"predecessor-version":[{"id":4658,"href":"https:\/\/se.csbe.qc.ca\/universsocial\/wp-json\/wp\/v2\/pages\/4653\/revisions\/4658"}],"wp:attachment":[{"href":"https:\/\/se.csbe.qc.ca\/universsocial\/wp-json\/wp\/v2\/media?parent=4653"}],"curies":[{"name":"wp","href":"https:\/\/api.w.org\/{rel}","templated":true}]}}