{"id":4613,"date":"2016-05-20T14:51:12","date_gmt":"2016-05-20T18:51:12","guid":{"rendered":"https:\/\/se.csbe.qc.ca\/universsocial\/?page_id=4613"},"modified":"2017-09-08T11:46:55","modified_gmt":"2017-09-08T15:46:55","slug":"affiches-csbe-operations-intellectuelles-hqc3","status":"publish","type":"page","link":"https:\/\/se.csbe.qc.ca\/universsocial\/affiches-csbe-operations-intellectuelles-hqc3\/","title":{"rendered":"Op\u00e9rations intellectuelles HQC3 et HQC4"},"content":{"rendered":"<div class=\"page-restrict-output\"><h3>Voici les affiches de la CSBE remani\u00e9es pour couvrir les op\u00e9rations intellectuelles du <em>Cadre d\u2019\u00e9valuation des apprentissages<\/em> du cours <em>Histoire du Qu\u00e9bec et du Canada<\/em> de 3e secondaire et de 4e secondaire.<\/h3>\n<h3><a href=\"https:\/\/se.csbe.qc.ca\/universsocial\/files\/2016\/05\/Affiches-Op\u00e9rations-intellectuelles-HQC.docx\">Affiches-Op\u00e9rations-intellectuelles-HQC<\/a><\/h3>\n<p>&nbsp;<\/p>\n<h3>Des d\u00e9marches qui s&rsquo;adressent \u00e0 l&rsquo;\u00e9l\u00e8ve pour r\u00e9pondre \u00e0 chacune de ces OI vous sont \u00e9galement propos\u00e9es.<\/h3>\n<h3>D\u00e9marches &#8211; Op\u00e9rations intellectuelles:<\/h3>\n<h3><a href=\"https:\/\/se.csbe.qc.ca\/universsocial\/files\/2016\/05\/D\u00e9gager-des-diff\u00e9rences-et-des-similitudes.docx\">D\u00e9gager des diff\u00e9rences et des similitudes<\/a><\/h3>\n<h3><a href=\"https:\/\/se.csbe.qc.ca\/universsocial\/files\/2016\/05\/D\u00e9terminer-des-causes.docx\">D\u00e9terminer des causes<\/a><\/h3>\n<h3><a href=\"https:\/\/se.csbe.qc.ca\/universsocial\/files\/2016\/05\/D\u00e9terminer-des-continuit\u00e9s.docx\">D\u00e9terminer des continuit\u00e9s<\/a><\/h3>\n<h3><a href=\"https:\/\/se.csbe.qc.ca\/universsocial\/files\/2016\/05\/\u00c9tablir-des-faits.docx\">\u00c9tablir des faits<\/a><\/h3>\n<h3><a href=\"https:\/\/se.csbe.qc.ca\/universsocial\/files\/2016\/05\/\u00c9tablir-des-liens-de-causalit\u00e9.docx\">\u00c9tablir des liens de causalit\u00e9<\/a><\/h3>\n<h3><a href=\"https:\/\/se.csbe.qc.ca\/universsocial\/files\/2016\/05\/Mettre-en-relation-des-faits.docx\">Mettre en relation des faits<\/a><\/h3>\n<h3><a href=\"https:\/\/se.csbe.qc.ca\/universsocial\/files\/2016\/05\/Situer.docx\">Situer<\/a><\/h3>\n<!-- WP Attachments -->\r\n        <div style=\"width:100%;margin:10px 0 10px 0;\">\r\n            <h3>Attachments<\/h3>\r\n        <ul class=\"post-attachments\"><li class=\"post-attachment mime-application-vnd-openxmlformats-officedocument-wordprocessingml-document\"><a href=\"https:\/\/se.csbe.qc.ca\/universsocial\/files\/2016\/05\/Affiches-Op\u00e9rations-intellectuelles-HQC.docx\">Affiches-Op\u00e9rations-intellectuelles-HQC<\/a> <small>(313 kB)<\/small><\/li><li class=\"post-attachment mime-application-vnd-openxmlformats-officedocument-wordprocessingml-document\"><a href=\"https:\/\/se.csbe.qc.ca\/universsocial\/files\/2016\/05\/D\u00e9gager-des-diff\u00e9rences-et-des-similitudes.docx\">D\u00e9gager des diff\u00e9rences et des similitudes<\/a> <small>(178 kB)<\/small><\/li><li class=\"post-attachment mime-application-vnd-openxmlformats-officedocument-wordprocessingml-document\"><a href=\"https:\/\/se.csbe.qc.ca\/universsocial\/files\/2016\/05\/D\u00e9terminer-des-causes.docx\">D\u00e9terminer des causes<\/a> <small>(192 kB)<\/small><\/li><li class=\"post-attachment mime-application-vnd-openxmlformats-officedocument-wordprocessingml-document\"><a href=\"https:\/\/se.csbe.qc.ca\/universsocial\/files\/2016\/05\/D\u00e9terminer-des-continuit\u00e9s.docx\">D\u00e9terminer des continuit\u00e9s<\/a> <small>(35 kB)<\/small><\/li><li class=\"post-attachment mime-application-vnd-openxmlformats-officedocument-wordprocessingml-document\"><a href=\"https:\/\/se.csbe.qc.ca\/universsocial\/files\/2016\/05\/\u00c9tablir-des-faits.docx\">\u00c9tablir des faits<\/a> <small>(114 kB)<\/small><\/li><li class=\"post-attachment mime-application-vnd-openxmlformats-officedocument-wordprocessingml-document\"><a href=\"https:\/\/se.csbe.qc.ca\/universsocial\/files\/2016\/05\/\u00c9tablir-des-liens-de-causalit\u00e9.docx\">\u00c9tablir des liens de causalit\u00e9<\/a> <small>(228 kB)<\/small><\/li><li class=\"post-attachment mime-application-vnd-openxmlformats-officedocument-wordprocessingml-document\"><a href=\"https:\/\/se.csbe.qc.ca\/universsocial\/files\/2016\/05\/Mettre-en-relation-des-faits.docx\">Mettre en relation des faits<\/a> <small>(172 kB)<\/small><\/li><li class=\"post-attachment mime-application-vnd-openxmlformats-officedocument-wordprocessingml-document\"><a href=\"https:\/\/se.csbe.qc.ca\/universsocial\/files\/2016\/05\/Situer.docx\">Situer<\/a> <small>(142 kB)<\/small><\/li><\/ul><\/div><\/div>","protected":false},"excerpt":{"rendered":"<div class=\"page-restrict-output\"><p>Voici les affiches de la CSBE remani\u00e9es pour couvrir les op\u00e9rations intellectuelles du Cadre d\u2019\u00e9valuation des apprentissages du cours Histoire du Qu\u00e9bec et du Canada de 3e secondaire et de 4e secondaire. Affiches-Op\u00e9rations-intellectuelles-HQC &nbsp; Des d\u00e9marches qui s&rsquo;adressent \u00e0 l&rsquo;\u00e9l\u00e8ve pour r\u00e9pondre \u00e0 chacune de ces OI vous sont \u00e9galement propos\u00e9es. D\u00e9marches &#8211; Op\u00e9rations intellectuelles: &hellip; <\/p>\n<p><a class=\"more-link btn\" href=\"https:\/\/se.csbe.qc.ca\/universsocial\/affiches-csbe-operations-intellectuelles-hqc3\/\">Lire la suite<\/a><\/p>\n<\/div>","protected":false},"author":209,"featured_media":0,"parent":0,"menu_order":0,"comment_status":"closed","ping_status":"closed","template":"","meta":{"footnotes":""},"class_list":["post-4613","page","type-page","status-publish","hentry","nodate","item-wrap"],"_links":{"self":[{"href":"https:\/\/se.csbe.qc.ca\/universsocial\/wp-json\/wp\/v2\/pages\/4613","targetHints":{"allow":["GET"]}}],"collection":[{"href":"https:\/\/se.csbe.qc.ca\/universsocial\/wp-json\/wp\/v2\/pages"}],"about":[{"href":"https:\/\/se.csbe.qc.ca\/universsocial\/wp-json\/wp\/v2\/types\/page"}],"author":[{"embeddable":true,"href":"https:\/\/se.csbe.qc.ca\/universsocial\/wp-json\/wp\/v2\/users\/209"}],"replies":[{"embeddable":true,"href":"https:\/\/se.csbe.qc.ca\/universsocial\/wp-json\/wp\/v2\/comments?post=4613"}],"version-history":[{"count":5,"href":"https:\/\/se.csbe.qc.ca\/universsocial\/wp-json\/wp\/v2\/pages\/4613\/revisions"}],"predecessor-version":[{"id":6074,"href":"https:\/\/se.csbe.qc.ca\/universsocial\/wp-json\/wp\/v2\/pages\/4613\/revisions\/6074"}],"wp:attachment":[{"href":"https:\/\/se.csbe.qc.ca\/universsocial\/wp-json\/wp\/v2\/media?parent=4613"}],"curies":[{"name":"wp","href":"https:\/\/api.w.org\/{rel}","templated":true}]}}