{"id":4596,"date":"2016-05-19T11:10:30","date_gmt":"2016-05-19T15:10:30","guid":{"rendered":"https:\/\/se.csbe.qc.ca\/universsocial\/?page_id=4596"},"modified":"2016-05-19T11:10:30","modified_gmt":"2016-05-19T15:10:30","slug":"1608-1760-levolution-de-la-societe-coloniale-sous-lautorite-de-la-metropole-francaise","status":"publish","type":"page","link":"https:\/\/se.csbe.qc.ca\/universsocial\/1608-1760-levolution-de-la-societe-coloniale-sous-lautorite-de-la-metropole-francaise\/","title":{"rendered":"1608-1760 : L&rsquo;\u00e9volution de la soci\u00e9t\u00e9 coloniale sous l&rsquo;autorit\u00e9 de la m\u00e9tropole fran\u00e7aise"},"content":{"rendered":"<div class=\"page-restrict-output\"><\/div>","protected":false},"excerpt":{"rendered":"<div class=\"page-restrict-output\"><\/div>","protected":false},"author":209,"featured_media":0,"parent":0,"menu_order":0,"comment_status":"closed","ping_status":"closed","template":"","meta":{"footnotes":""},"class_list":["post-4596","page","type-page","status-publish","hentry","nodate","item-wrap"],"_links":{"self":[{"href":"https:\/\/se.csbe.qc.ca\/universsocial\/wp-json\/wp\/v2\/pages\/4596","targetHints":{"allow":["GET"]}}],"collection":[{"href":"https:\/\/se.csbe.qc.ca\/universsocial\/wp-json\/wp\/v2\/pages"}],"about":[{"href":"https:\/\/se.csbe.qc.ca\/universsocial\/wp-json\/wp\/v2\/types\/page"}],"author":[{"embeddable":true,"href":"https:\/\/se.csbe.qc.ca\/universsocial\/wp-json\/wp\/v2\/users\/209"}],"replies":[{"embeddable":true,"href":"https:\/\/se.csbe.qc.ca\/universsocial\/wp-json\/wp\/v2\/comments?post=4596"}],"version-history":[{"count":1,"href":"https:\/\/se.csbe.qc.ca\/universsocial\/wp-json\/wp\/v2\/pages\/4596\/revisions"}],"predecessor-version":[{"id":4597,"href":"https:\/\/se.csbe.qc.ca\/universsocial\/wp-json\/wp\/v2\/pages\/4596\/revisions\/4597"}],"wp:attachment":[{"href":"https:\/\/se.csbe.qc.ca\/universsocial\/wp-json\/wp\/v2\/media?parent=4596"}],"curies":[{"name":"wp","href":"https:\/\/api.w.org\/{rel}","templated":true}]}}