{"id":4594,"date":"2016-05-19T11:09:59","date_gmt":"2016-05-19T15:09:59","guid":{"rendered":"https:\/\/se.csbe.qc.ca\/universsocial\/?page_id=4594"},"modified":"2017-12-05T11:58:41","modified_gmt":"2017-12-05T16:58:41","slug":"des-origines-a-1608-lexperience-des-amerindiens-et-le-projet-de-colonie","status":"publish","type":"page","link":"https:\/\/se.csbe.qc.ca\/universsocial\/des-origines-a-1608-lexperience-des-amerindiens-et-le-projet-de-colonie\/","title":{"rendered":"Des origines \u00e0 1608 : L&rsquo;exp\u00e9rience des Autochtones et le projet de colonie"},"content":{"rendered":"<div class=\"page-restrict-output\"><h2>Pour une r\u00e9elle progression des apprentissages<\/h2>\n<p>&nbsp;<\/p>\n<p>La Commission scolaire Marie-Victorin\u00a0 a \u00e9labor\u00e9 des t\u00e2ches pour d\u00e9velopper <strong>progressivement<\/strong> la comp\u00e9tence 1 en Histoire du Qu\u00e9bec et du Canada de 3<sup>e<\/sup> et 4<sup>e<\/sup> secondaire.\u00a0 S\u00e9bastien Quirion, conseiller p\u00e9dagogique, a gentiment accept\u00e9 de nous partager le fruit de leurs travaux. Les t\u00e2ches ont \u00e9t\u00e9 d\u00e9pos\u00e9es sur le site <em>L\u2019univers social \u00e0 la CSBE<\/em>. (Vous devez \u00eatre pr\u00e9alablement connect\u00e9 au site pour y avoir acc\u00e8s.)<\/p>\n<p><a href=\"https:\/\/se.csbe.qc.ca\/universsocial\/files\/2017\/12\/HQC3_Pour_une_r\u00e9elle_progression_des_apprentissages.zip\">HQC3_Pour_une_r\u00e9elle_progression_des_apprentissages<\/a><\/p>\n<!-- WP Attachments -->\r\n        <div style=\"width:100%;margin:10px 0 10px 0;\">\r\n            <h3>Attachments<\/h3>\r\n        <ul class=\"post-attachments\"><li class=\"post-attachment mime-application-zip\"><a href=\"https:\/\/se.csbe.qc.ca\/universsocial\/files\/2017\/12\/HQC3_Pour_une_r\u00e9elle_progression_des_apprentissages.zip\">HQC3_Pour_une_r\u00e9elle_progression_des_apprentissages<\/a> <small>(4 MB)<\/small><\/li><\/ul><\/div><\/div>","protected":false},"excerpt":{"rendered":"<div class=\"page-restrict-output\"><p>Pour une r\u00e9elle progression des apprentissages &nbsp; La Commission scolaire Marie-Victorin\u00a0 a \u00e9labor\u00e9 des t\u00e2ches pour d\u00e9velopper progressivement la comp\u00e9tence 1 en Histoire du Qu\u00e9bec et du Canada de 3e et 4e secondaire.\u00a0 S\u00e9bastien Quirion, conseiller p\u00e9dagogique, a gentiment accept\u00e9 de nous partager le fruit de leurs travaux. Les t\u00e2ches ont \u00e9t\u00e9 d\u00e9pos\u00e9es sur le &hellip; <\/p>\n<p><a class=\"more-link btn\" href=\"https:\/\/se.csbe.qc.ca\/universsocial\/des-origines-a-1608-lexperience-des-amerindiens-et-le-projet-de-colonie\/\">Lire la suite<\/a><\/p>\n<\/div>","protected":false},"author":209,"featured_media":0,"parent":0,"menu_order":0,"comment_status":"closed","ping_status":"closed","template":"","meta":{"footnotes":""},"class_list":["post-4594","page","type-page","status-publish","hentry","nodate","item-wrap"],"_links":{"self":[{"href":"https:\/\/se.csbe.qc.ca\/universsocial\/wp-json\/wp\/v2\/pages\/4594","targetHints":{"allow":["GET"]}}],"collection":[{"href":"https:\/\/se.csbe.qc.ca\/universsocial\/wp-json\/wp\/v2\/pages"}],"about":[{"href":"https:\/\/se.csbe.qc.ca\/universsocial\/wp-json\/wp\/v2\/types\/page"}],"author":[{"embeddable":true,"href":"https:\/\/se.csbe.qc.ca\/universsocial\/wp-json\/wp\/v2\/users\/209"}],"replies":[{"embeddable":true,"href":"https:\/\/se.csbe.qc.ca\/universsocial\/wp-json\/wp\/v2\/comments?post=4594"}],"version-history":[{"count":4,"href":"https:\/\/se.csbe.qc.ca\/universsocial\/wp-json\/wp\/v2\/pages\/4594\/revisions"}],"predecessor-version":[{"id":6320,"href":"https:\/\/se.csbe.qc.ca\/universsocial\/wp-json\/wp\/v2\/pages\/4594\/revisions\/6320"}],"wp:attachment":[{"href":"https:\/\/se.csbe.qc.ca\/universsocial\/wp-json\/wp\/v2\/media?parent=4594"}],"curies":[{"name":"wp","href":"https:\/\/api.w.org\/{rel}","templated":true}]}}