{"id":4570,"date":"2016-05-13T11:20:02","date_gmt":"2016-05-13T15:20:02","guid":{"rendered":"https:\/\/se.csbe.qc.ca\/universsocial\/?page_id=4570"},"modified":"2017-05-23T14:33:42","modified_gmt":"2017-05-23T18:33:42","slug":"dossiers-documentaires-du-recit","status":"publish","type":"page","link":"https:\/\/se.csbe.qc.ca\/universsocial\/dossiers-documentaires-du-recit\/","title":{"rendered":"T\u00c2CHES du R\u00c9CITUS"},"content":{"rendered":"<div class=\"page-restrict-output\"><h3>Le R\u00c9CIT national de l&rsquo;univers social propose plusieurs t\u00e2ches accompagn\u00e9es d&rsquo;un dossier documentaire pour chacune des r\u00e9alit\u00e9s sociales du nouveau programme Histoire du Qu\u00e9bec et du Canada.<\/h3>\n<h3>Les dossiers documentaires comprennent:<\/h3>\n<ul>\n<li>\n<h3>une question<\/h3>\n<\/li>\n<li>\n<h3>une t\u00e2che<\/h3>\n<\/li>\n<li>\n<h3>des op\u00e9rations intellectuelles vis\u00e9es<\/h3>\n<\/li>\n<li>\n<h3>une comp\u00e9tence vis\u00e9e<\/h3>\n<\/li>\n<li>\n<h3>des documents vari\u00e9s<\/h3>\n<\/li>\n<li>\n<h3>une suggestion technologique<\/h3>\n<\/li>\n<\/ul>\n<p>&nbsp;<\/p>\n<h2><strong>3e secondaire<\/strong><\/h2>\n<h3>Ils sont aussi disponible sur le site du R\u00c9CIT:\u00a0<a href=\"http:\/\/documents.recitus.qc.ca\/secondaire3\" target=\"_blank\" rel=\"noopener noreferrer\">http:\/\/documents.recitus.qc.ca\/secondaire3<\/a><\/h3>\n<h3>Pour avoir un aper\u00e7u des dossiers, des t\u00e2ches, crit\u00e8res et comp\u00e9tences associ\u00e9es \u00e0 chaque dossier : consultez l&rsquo;adresse suivante :\u00a0<a href=\"http:\/\/monurl.ca\/provisoire\" target=\"_blank\" rel=\"noopener noreferrer\">http:\/\/monurl.ca\/provisoire<\/a>.<\/h3>\n<h2><strong>4e secondaire<\/strong><\/h2>\n<h3><a href=\"http:\/\/documents.recitus.qc.ca\/secondaire4\" target=\"_blank\" rel=\"noopener noreferrer\">http:\/\/documents.recitus.qc.ca\/secondaire4<\/a><\/h3>\n<p>&nbsp;<\/p>\n<h3><\/h3>\n<h3><\/h3>\n<h3><\/h3>\n<!-- WP Attachments -->\r\n        <div style=\"width:100%;margin:10px 0 10px 0;\">\r\n            <h3>Attachments<\/h3>\r\n        <ul class=\"post-attachments\"><li class=\"post-attachment mime-application-vnd-openxmlformats-officedocument-wordprocessingml-document\"><a href=\"https:\/\/se.csbe.qc.ca\/universsocial\/files\/2016\/05\/Pistes-de-solution-La-soci\u00e9t\u00e9-des-Algonquiens-.docx\">Pistes de solution - La soci\u00e9t\u00e9 des Algonquiens<\/a> <small>(57 kB)<\/small><\/li><li class=\"post-attachment mime-application-vnd-openxmlformats-officedocument-wordprocessingml-document\"><a href=\"https:\/\/se.csbe.qc.ca\/universsocial\/files\/2016\/05\/Pistes-de-solution-La-soci\u00e9t\u00e9-des-Iroquoiens.docx\">Pistes de solution - La soci\u00e9t\u00e9 des Iroquoiens<\/a> <small>(57 kB)<\/small><\/li><li class=\"post-attachment mime-application-vnd-openxmlformats-officedocument-wordprocessingml-document\"><a href=\"https:\/\/se.csbe.qc.ca\/universsocial\/files\/2016\/05\/Pistes-de-solution-Territoire-am\u00e9rindiens-avant-larriv\u00e9e-des-Europ\u00e9ens.docx\">Pistes de solution - Territoire am\u00e9rindiens avant l'arriv\u00e9e des Europ\u00e9ens<\/a> <small>(728 kB)<\/small><\/li><li class=\"post-attachment mime-application-vnd-openxmlformats-officedocument-wordprocessingml-document\"><a href=\"https:\/\/se.csbe.qc.ca\/universsocial\/files\/2016\/05\/Pistesdesolution-Lespremierscontacts.docx\">Pistesdesolution-Lespremierscontacts<\/a> <small>(178 kB)<\/small><\/li><li class=\"post-attachment mime-application-vnd-openxmlformats-officedocument-wordprocessingml-document\"><a href=\"https:\/\/se.csbe.qc.ca\/universsocial\/files\/2016\/05\/Territoire-am\u00e9rindien-avant-larriv\u00e9e-des-Europ\u00e9ens-1.docx\">Territoire am\u00e9rindien avant l'arriv\u00e9e des Europ\u00e9ens (1)<\/a> <small>(2 MB)<\/small><\/li><li class=\"post-attachment mime-application-vnd-openxmlformats-officedocument-wordprocessingml-document\"><a href=\"https:\/\/se.csbe.qc.ca\/universsocial\/files\/2016\/05\/\u00c9tablissement-permanent-des-Fran\u00e7ais-en-Am\u00e9rique-.docx\">\u00c9tablissement permanent des Fran\u00e7ais en Am\u00e9rique<\/a> <small>(2 MB)<\/small><\/li><li class=\"post-attachment mime-application-vnd-openxmlformats-officedocument-wordprocessingml-document\"><a href=\"https:\/\/se.csbe.qc.ca\/universsocial\/files\/2016\/05\/La-soci\u00e9t\u00e9-des-Algonquiens.docx\">La soci\u00e9t\u00e9 des Algonquiens<\/a> <small>(3 MB)<\/small><\/li><li class=\"post-attachment mime-application-vnd-openxmlformats-officedocument-wordprocessingml-document\"><a href=\"https:\/\/se.csbe.qc.ca\/universsocial\/files\/2016\/05\/La-soci\u00e9t\u00e9-des-Iroquoiens-1.docx\">La soci\u00e9t\u00e9 des Iroquoiens (1)<\/a> <small>(4 MB)<\/small><\/li><li class=\"post-attachment mime-application-vnd-openxmlformats-officedocument-wordprocessingml-document\"><a href=\"https:\/\/se.csbe.qc.ca\/universsocial\/files\/2016\/05\/Lespremierscontacts.docx\">Lespremierscontacts<\/a> <small>(759 kB)<\/small><\/li><li class=\"post-attachment mime-application-vnd-openxmlformats-officedocument-wordprocessingml-document\"><a href=\"https:\/\/se.csbe.qc.ca\/universsocial\/files\/2016\/05\/Pistes-de-solution-Exp\u00e9rience-des-Am\u00e9rindiens-.docx\">Pistes de solution - Exp\u00e9rience des Am\u00e9rindiens<\/a> <small>(63 kB)<\/small><\/li><\/ul><\/div><\/div>","protected":false},"excerpt":{"rendered":"<div class=\"page-restrict-output\"><p>Le R\u00c9CIT national de l&rsquo;univers social propose plusieurs t\u00e2ches accompagn\u00e9es d&rsquo;un dossier documentaire pour chacune des r\u00e9alit\u00e9s sociales du nouveau programme Histoire du Qu\u00e9bec et du Canada. Les dossiers documentaires comprennent: une question une t\u00e2che des op\u00e9rations intellectuelles vis\u00e9es une comp\u00e9tence vis\u00e9e des documents vari\u00e9s une suggestion technologique &nbsp; 3e secondaire Ils sont aussi disponible &hellip; <\/p>\n<p><a class=\"more-link btn\" href=\"https:\/\/se.csbe.qc.ca\/universsocial\/dossiers-documentaires-du-recit\/\">Lire la suite<\/a><\/p>\n<\/div>","protected":false},"author":209,"featured_media":0,"parent":0,"menu_order":0,"comment_status":"closed","ping_status":"closed","template":"","meta":{"footnotes":""},"class_list":["post-4570","page","type-page","status-publish","hentry","nodate","item-wrap"],"_links":{"self":[{"href":"https:\/\/se.csbe.qc.ca\/universsocial\/wp-json\/wp\/v2\/pages\/4570","targetHints":{"allow":["GET"]}}],"collection":[{"href":"https:\/\/se.csbe.qc.ca\/universsocial\/wp-json\/wp\/v2\/pages"}],"about":[{"href":"https:\/\/se.csbe.qc.ca\/universsocial\/wp-json\/wp\/v2\/types\/page"}],"author":[{"embeddable":true,"href":"https:\/\/se.csbe.qc.ca\/universsocial\/wp-json\/wp\/v2\/users\/209"}],"replies":[{"embeddable":true,"href":"https:\/\/se.csbe.qc.ca\/universsocial\/wp-json\/wp\/v2\/comments?post=4570"}],"version-history":[{"count":4,"href":"https:\/\/se.csbe.qc.ca\/universsocial\/wp-json\/wp\/v2\/pages\/4570\/revisions"}],"predecessor-version":[{"id":5783,"href":"https:\/\/se.csbe.qc.ca\/universsocial\/wp-json\/wp\/v2\/pages\/4570\/revisions\/5783"}],"wp:attachment":[{"href":"https:\/\/se.csbe.qc.ca\/universsocial\/wp-json\/wp\/v2\/media?parent=4570"}],"curies":[{"name":"wp","href":"https:\/\/api.w.org\/{rel}","templated":true}]}}