{"id":4498,"date":"2016-04-15T11:43:29","date_gmt":"2016-04-15T15:43:29","guid":{"rendered":"https:\/\/se.csbe.qc.ca\/universsocial\/?page_id=4498"},"modified":"2018-05-04T14:24:17","modified_gmt":"2018-05-04T18:24:17","slug":"pfeq-education-financiere","status":"publish","type":"page","link":"https:\/\/se.csbe.qc.ca\/universsocial\/pfeq-education-financiere\/","title":{"rendered":"PFEQ &#8211; \u00c9ducation financi\u00e8re"},"content":{"rendered":"<div class=\"page-restrict-output\"><h1>Le Minist\u00e8re de l&rsquo;\u00c9ducation et de l&rsquo;Enseignement sup\u00e9rieur a publi\u00e9, le 14 avril 2016, le programme d&rsquo;\u00e9tudes du cours\u00a0<em>\u00c9ducation financi\u00e8re<\/em>.<\/h1>\n<p>&nbsp;<\/p>\n<p><a href=\"http:\/\/www.education.gouv.qc.ca\/fileadmin\/site_web\/documents\/education\/jeunes\/pfeq\/PFEQ_education-financiere_2018.PDF\" target=\"_blank\" rel=\"noopener\">http:\/\/www.education.gouv.qc.ca\/fileadmin\/site_web\/documents\/education\/jeunes\/pfeq\/PFEQ_education-financiere_2018.PDF<\/a><\/p>\n<p>&nbsp;<\/p>\n<h1><\/h1>\n<p>&nbsp;<\/p>\n<h1><\/h1>\n<!-- WP Attachments -->\r\n        <div style=\"width:100%;margin:10px 0 10px 0;\">\r\n            <h3>Attachments<\/h3>\r\n        <ul class=\"post-attachments\"><li class=\"post-attachment mime-application-pdf\"><a href=\"https:\/\/se.csbe.qc.ca\/universsocial\/files\/2018\/05\/Programme_\u00c9ducation-financi\u00e8re_FR_2018_V2_VF.pdf\">Programme_\u00c9ducation financi\u00e8re_FR_2018_V2_VF<\/a> <small>(2 MB)<\/small><\/li><\/ul><\/div><\/div>","protected":false},"excerpt":{"rendered":"<div class=\"page-restrict-output\"><p>Le Minist\u00e8re de l&rsquo;\u00c9ducation et de l&rsquo;Enseignement sup\u00e9rieur a publi\u00e9, le 14 avril 2016, le programme d&rsquo;\u00e9tudes du cours\u00a0\u00c9ducation financi\u00e8re. &nbsp; http:\/\/www.education.gouv.qc.ca\/fileadmin\/site_web\/documents\/education\/jeunes\/pfeq\/PFEQ_education-financiere_2018.PDF &nbsp; &nbsp; Attachments Programme_\u00c9ducation financi\u00e8re_FR_2018_V2_VF (2 MB)<\/p>\n<\/div>","protected":false},"author":209,"featured_media":0,"parent":0,"menu_order":0,"comment_status":"closed","ping_status":"closed","template":"","meta":{"footnotes":""},"class_list":["post-4498","page","type-page","status-publish","hentry","nodate","item-wrap"],"_links":{"self":[{"href":"https:\/\/se.csbe.qc.ca\/universsocial\/wp-json\/wp\/v2\/pages\/4498","targetHints":{"allow":["GET"]}}],"collection":[{"href":"https:\/\/se.csbe.qc.ca\/universsocial\/wp-json\/wp\/v2\/pages"}],"about":[{"href":"https:\/\/se.csbe.qc.ca\/universsocial\/wp-json\/wp\/v2\/types\/page"}],"author":[{"embeddable":true,"href":"https:\/\/se.csbe.qc.ca\/universsocial\/wp-json\/wp\/v2\/users\/209"}],"replies":[{"embeddable":true,"href":"https:\/\/se.csbe.qc.ca\/universsocial\/wp-json\/wp\/v2\/comments?post=4498"}],"version-history":[{"count":5,"href":"https:\/\/se.csbe.qc.ca\/universsocial\/wp-json\/wp\/v2\/pages\/4498\/revisions"}],"predecessor-version":[{"id":6632,"href":"https:\/\/se.csbe.qc.ca\/universsocial\/wp-json\/wp\/v2\/pages\/4498\/revisions\/6632"}],"wp:attachment":[{"href":"https:\/\/se.csbe.qc.ca\/universsocial\/wp-json\/wp\/v2\/media?parent=4498"}],"curies":[{"name":"wp","href":"https:\/\/api.w.org\/{rel}","templated":true}]}}