{"id":4484,"date":"2016-04-12T14:53:55","date_gmt":"2016-04-12T18:53:55","guid":{"rendered":"https:\/\/se.csbe.qc.ca\/universsocial\/?page_id=4484"},"modified":"2021-02-26T14:07:39","modified_gmt":"2021-02-26T19:07:39","slug":"dossiers-documentaires-monde-contemporain-csbe","status":"publish","type":"page","link":"https:\/\/se.csbe.qc.ca\/universsocial\/dossiers-documentaires-monde-contemporain-csbe\/","title":{"rendered":"Dossiers documentaires &#8211; Monde contemporain (CSBE)"},"content":{"rendered":"<div class=\"page-restrict-output\"><h2><strong>Voici les banques de documents qui ont \u00e9t\u00e9 \u00e9labor\u00e9es pour les enseignants de Monde contemporain pour chacun des th\u00e8mes.<\/strong><\/h2>\n<h2>\u00a0<strong>Elles contiennent, pour chaque module, les types de documents suivants:<\/strong><\/h2>\n<ul>\n<li>\n<h2><strong><em>Cartes<\/em><\/strong><\/h2>\n<\/li>\n<li>\n<h2><strong><em>Textes<\/em><\/strong><\/h2>\n<\/li>\n<li>\n<h2><strong><em>Images<\/em><\/strong><\/h2>\n<\/li>\n<li>\n<h2><strong><em>Graphiques<\/em><\/strong><\/h2>\n<\/li>\n<li>\n<h2><strong><em>Tableaux<\/em><\/strong><\/h2>\n<\/li>\n<\/ul>\n<h2><\/h2>\n<h2><strong>Un bel outil servant \u00e0 cr\u00e9er des activit\u00e9s, des exercices, des examens et autres!<\/strong><\/h2>\n<h2><strong>Pour t\u00e9l\u00e9charger chacun des dossiers documentaires, cliquer sur les liens ci-dessous:<\/strong><\/h2>\n<h2><a href=\"https:\/\/se.csbe.qc.ca\/universsocial\/files\/2016\/04\/Dossier-documentaire-Monde-contemporain.docx\" rel=\"\">Dossier documentaire &#8211; Monde contemporain<\/a><\/h2>\n<!-- WP Attachments -->\r\n        <div style=\"width:100%;margin:10px 0 10px 0;\">\r\n            <h3>Attachments<\/h3>\r\n        <ul class=\"post-attachments\"><li class=\"post-attachment mime-application-vnd-openxmlformats-officedocument-wordprocessingml-document\"><a href=\"https:\/\/se.csbe.qc.ca\/universsocial\/files\/2016\/04\/Dossier-documentaire-Monde-contemporain.docx\">Dossier documentaire - Monde contemporain<\/a> <small>(2 MB)<\/small><\/li><\/ul><\/div><\/div>","protected":false},"excerpt":{"rendered":"<div class=\"page-restrict-output\"><p>Voici les banques de documents qui ont \u00e9t\u00e9 \u00e9labor\u00e9es pour les enseignants de Monde contemporain pour chacun des th\u00e8mes. \u00a0Elles contiennent, pour chaque module, les types de documents suivants: Cartes Textes Images Graphiques Tableaux Un bel outil servant \u00e0 cr\u00e9er des activit\u00e9s, des exercices, des examens et autres! Pour t\u00e9l\u00e9charger chacun des dossiers documentaires, cliquer &hellip; <\/p>\n<p><a class=\"more-link btn\" href=\"https:\/\/se.csbe.qc.ca\/universsocial\/dossiers-documentaires-monde-contemporain-csbe\/\">Lire la suite<\/a><\/p>\n<\/div>","protected":false},"author":209,"featured_media":0,"parent":0,"menu_order":0,"comment_status":"closed","ping_status":"closed","template":"","meta":{"footnotes":""},"class_list":["post-4484","page","type-page","status-publish","hentry","nodate","item-wrap"],"_links":{"self":[{"href":"https:\/\/se.csbe.qc.ca\/universsocial\/wp-json\/wp\/v2\/pages\/4484","targetHints":{"allow":["GET"]}}],"collection":[{"href":"https:\/\/se.csbe.qc.ca\/universsocial\/wp-json\/wp\/v2\/pages"}],"about":[{"href":"https:\/\/se.csbe.qc.ca\/universsocial\/wp-json\/wp\/v2\/types\/page"}],"author":[{"embeddable":true,"href":"https:\/\/se.csbe.qc.ca\/universsocial\/wp-json\/wp\/v2\/users\/209"}],"replies":[{"embeddable":true,"href":"https:\/\/se.csbe.qc.ca\/universsocial\/wp-json\/wp\/v2\/comments?post=4484"}],"version-history":[{"count":2,"href":"https:\/\/se.csbe.qc.ca\/universsocial\/wp-json\/wp\/v2\/pages\/4484\/revisions"}],"predecessor-version":[{"id":7035,"href":"https:\/\/se.csbe.qc.ca\/universsocial\/wp-json\/wp\/v2\/pages\/4484\/revisions\/7035"}],"wp:attachment":[{"href":"https:\/\/se.csbe.qc.ca\/universsocial\/wp-json\/wp\/v2\/media?parent=4484"}],"curies":[{"name":"wp","href":"https:\/\/api.w.org\/{rel}","templated":true}]}}