{"id":423,"date":"2012-10-31T17:35:54","date_gmt":"2012-10-31T16:35:54","guid":{"rendered":"https:\/\/se.csbe.qc.ca\/universsocial\/?page_id=423"},"modified":"2013-01-11T12:47:43","modified_gmt":"2013-01-11T17:47:43","slug":"projets-de-recherche-en-equipes-1er-cycle-sec-1","status":"publish","type":"page","link":"https:\/\/se.csbe.qc.ca\/universsocial\/projets-de-recherche-en-equipes-1er-cycle-sec-1\/","title":{"rendered":"Projets de recherche en \u00e9quipes (1er cycle)"},"content":{"rendered":"<div class=\"page-restrict-output\"><h2><span style=\"color: #000000;\">Voici une liste d&rsquo;exemples de projets de recherche qui peuvent \u00eatre r\u00e9alis\u00e9s en \u00e9quipes de 2, 6, 7 ou +10 personnes&#8230; int\u00e9ressant!<\/span><\/h2>\n<h2><\/h2>\n<h2><span style=\"color: #000000;\">Un second document pr\u00e9sente des images reli\u00e9es \u00e0 chacun des sujets de recherche&#8230;<\/span><\/h2>\n<h2><\/h2>\n<h2><span style=\"text-decoration: underline; color: #000000;\">Pour y acc\u00e9der, cliquer sur le lien ci-dessous:<\/span><\/h2>\n<h2><em><a href=\"https:\/\/se.csbe.qc.ca\/universsocial\/files\/2012\/10\/Cartes-d\u00e9quipes.zip\">Cartes d&rsquo;\u00e9quipes<\/a><\/em><\/h2>\n<!-- WP Attachments -->\r\n        <div style=\"width:100%;margin:10px 0 10px 0;\">\r\n            <h3>Attachments<\/h3>\r\n        <ul class=\"post-attachments\"><li class=\"post-attachment mime-application-zip\"><a href=\"https:\/\/se.csbe.qc.ca\/universsocial\/files\/2012\/10\/Cartes-d\u00e9quipes.zip\">Cartes d'\u00e9quipes<\/a> <small>(9 MB)<\/small><\/li><\/ul><\/div><\/div>","protected":false},"excerpt":{"rendered":"<div class=\"page-restrict-output\"><p>Voici une liste d&rsquo;exemples de projets de recherche qui peuvent \u00eatre r\u00e9alis\u00e9s en \u00e9quipes de 2, 6, 7 ou +10 personnes&#8230; int\u00e9ressant! Un second document pr\u00e9sente des images reli\u00e9es \u00e0 chacun des sujets de recherche&#8230; Pour y acc\u00e9der, cliquer sur le lien ci-dessous: Cartes d&rsquo;\u00e9quipes Attachments Cartes d&rsquo;\u00e9quipes (9 MB)<\/p>\n<\/div>","protected":false},"author":9,"featured_media":0,"parent":0,"menu_order":0,"comment_status":"open","ping_status":"closed","template":"","meta":{"footnotes":""},"class_list":["post-423","page","type-page","status-publish","hentry","nodate","item-wrap"],"_links":{"self":[{"href":"https:\/\/se.csbe.qc.ca\/universsocial\/wp-json\/wp\/v2\/pages\/423","targetHints":{"allow":["GET"]}}],"collection":[{"href":"https:\/\/se.csbe.qc.ca\/universsocial\/wp-json\/wp\/v2\/pages"}],"about":[{"href":"https:\/\/se.csbe.qc.ca\/universsocial\/wp-json\/wp\/v2\/types\/page"}],"author":[{"embeddable":true,"href":"https:\/\/se.csbe.qc.ca\/universsocial\/wp-json\/wp\/v2\/users\/9"}],"replies":[{"embeddable":true,"href":"https:\/\/se.csbe.qc.ca\/universsocial\/wp-json\/wp\/v2\/comments?post=423"}],"version-history":[{"count":6,"href":"https:\/\/se.csbe.qc.ca\/universsocial\/wp-json\/wp\/v2\/pages\/423\/revisions"}],"predecessor-version":[{"id":1222,"href":"https:\/\/se.csbe.qc.ca\/universsocial\/wp-json\/wp\/v2\/pages\/423\/revisions\/1222"}],"wp:attachment":[{"href":"https:\/\/se.csbe.qc.ca\/universsocial\/wp-json\/wp\/v2\/media?parent=423"}],"curies":[{"name":"wp","href":"https:\/\/api.w.org\/{rel}","templated":true}]}}