{"id":4107,"date":"2016-03-29T10:57:30","date_gmt":"2016-03-29T14:57:30","guid":{"rendered":"https:\/\/se.csbe.qc.ca\/universsocial\/?page_id=4107"},"modified":"2016-03-29T11:04:48","modified_gmt":"2016-03-29T15:04:48","slug":"evelyne-ferron-historienne-histoire-1er-cycle-2016-02-12","status":"publish","type":"page","link":"https:\/\/se.csbe.qc.ca\/universsocial\/evelyne-ferron-historienne-histoire-1er-cycle-2016-02-12\/","title":{"rendered":"\u00c9velyne Ferron, historienne &#8211; Histoire, 1er cycle (2016-02-12)"},"content":{"rendered":"<div class=\"page-restrict-output\"><h1 class=\"post-title entry-title\">Vous trouverez ici le diaporama de madame \u00c9velyne Ferron, historienne,\u00a0pr\u00e9sent\u00e9 lors de la formation du 12 f\u00e9vrier 2016.<\/h1>\n<p><a href=\"https:\/\/se.csbe.qc.ca\/universsocial\/files\/2016\/03\/Formation-commission-scolaire-Beauce-E.-Ferron.pptx\" rel=\"\">Formation commission scolaire Beauce E. Ferron<\/a><\/p>\n<p>&nbsp;<\/p>\n<p>&nbsp;<\/p>\n<!-- WP Attachments -->\r\n        <div style=\"width:100%;margin:10px 0 10px 0;\">\r\n            <h3>Attachments<\/h3>\r\n        <ul class=\"post-attachments\"><li class=\"post-attachment mime-application-vnd-openxmlformats-officedocument-presentationml-presentation\"><a href=\"https:\/\/se.csbe.qc.ca\/universsocial\/files\/2016\/03\/Formation-commission-scolaire-Beauce-E.-Ferron.pptx\">Formation commission scolaire Beauce E. Ferron<\/a> <small>(6 MB)<\/small><\/li><\/ul><\/div><\/div>","protected":false},"excerpt":{"rendered":"<div class=\"page-restrict-output\"><p>Vous trouverez ici le diaporama de madame \u00c9velyne Ferron, historienne,\u00a0pr\u00e9sent\u00e9 lors de la formation du 12 f\u00e9vrier 2016. Formation commission scolaire Beauce E. Ferron &nbsp; &nbsp; Attachments Formation commission scolaire Beauce E. Ferron (6 MB)<\/p>\n<\/div>","protected":false},"author":209,"featured_media":0,"parent":0,"menu_order":0,"comment_status":"closed","ping_status":"closed","template":"","meta":{"footnotes":""},"class_list":["post-4107","page","type-page","status-publish","hentry","nodate","item-wrap"],"_links":{"self":[{"href":"https:\/\/se.csbe.qc.ca\/universsocial\/wp-json\/wp\/v2\/pages\/4107","targetHints":{"allow":["GET"]}}],"collection":[{"href":"https:\/\/se.csbe.qc.ca\/universsocial\/wp-json\/wp\/v2\/pages"}],"about":[{"href":"https:\/\/se.csbe.qc.ca\/universsocial\/wp-json\/wp\/v2\/types\/page"}],"author":[{"embeddable":true,"href":"https:\/\/se.csbe.qc.ca\/universsocial\/wp-json\/wp\/v2\/users\/209"}],"replies":[{"embeddable":true,"href":"https:\/\/se.csbe.qc.ca\/universsocial\/wp-json\/wp\/v2\/comments?post=4107"}],"version-history":[{"count":2,"href":"https:\/\/se.csbe.qc.ca\/universsocial\/wp-json\/wp\/v2\/pages\/4107\/revisions"}],"predecessor-version":[{"id":4111,"href":"https:\/\/se.csbe.qc.ca\/universsocial\/wp-json\/wp\/v2\/pages\/4107\/revisions\/4111"}],"wp:attachment":[{"href":"https:\/\/se.csbe.qc.ca\/universsocial\/wp-json\/wp\/v2\/media?parent=4107"}],"curies":[{"name":"wp","href":"https:\/\/api.w.org\/{rel}","templated":true}]}}