{"id":4061,"date":"2016-02-19T11:01:39","date_gmt":"2016-02-19T16:01:39","guid":{"rendered":"https:\/\/se.csbe.qc.ca\/universsocial\/?page_id=4061"},"modified":"2016-03-29T11:05:08","modified_gmt":"2016-03-29T15:05:08","slug":"lenseignement-explicite-de-lanalyse-de-documents-3qpoc","status":"publish","type":"page","link":"https:\/\/se.csbe.qc.ca\/universsocial\/lenseignement-explicite-de-lanalyse-de-documents-3qpoc\/","title":{"rendered":"L&rsquo;enseignement explicite de l&rsquo;analyse de documents (3QPOC) (12\/02\/2016)"},"content":{"rendered":"<div class=\"page-restrict-output\"><p>&nbsp;<\/p>\n<h1 class=\"post-title entry-title\">Vous trouverez ici tous les documents pr\u00e9sent\u00e9s lors de la formation du 12 f\u00e9vrier 2016 portant sur l&rsquo;enseignement explicite de l&rsquo;analyse de documents par la m\u00e9thode 3QPOC ainsi que quelques r\u00e9f\u00e9rences.<\/h1>\n<h1 class=\"post-title entry-title\"><\/h1>\n<h1 class=\"post-title entry-title\">L&rsquo;affiche 3QPOC :\u00a0<a href=\"https:\/\/se.csbe.qc.ca\/universsocial\/files\/2016\/02\/3QPOC-Affiche_CSBE.2016.pdf\" rel=\"\">3QPOC &#8211; Affiche_CSBE.2016<\/a><\/h1>\n<h1 class=\"post-title entry-title\">La pr\u00e9sentation Notebook compl\u00e8te :\u00a0<a href=\"https:\/\/se.csbe.qc.ca\/universsocial\/files\/2016\/02\/3QPOC.12-f\u00e9vrier.notebook\" rel=\"\">3QPOC.12 f\u00e9vrier<\/a><\/h1>\n<h1 class=\"post-title entry-title\">La pr\u00e9sentation Notebook que vous pouvez modifier et r\u00e9utiliser avec vos \u00e9l\u00e8ves :\u00a0<a href=\"https:\/\/se.csbe.qc.ca\/universsocial\/files\/2016\/02\/Ens.explicite.3QPOC.exemple.notebook\" rel=\"\">Ens.explicite.3QPOC.exemple<\/a><\/h1>\n<h1 class=\"post-title entry-title\">Le document pr\u00e9sentant ce \u00e0 quoi peut servir un document :\u00a0<a href=\"https:\/\/se.csbe.qc.ca\/universsocial\/files\/2016\/02\/Comment_-utiliser_les-documents.docx\" rel=\"\">Comment_ utiliser_les documents<\/a><\/h1>\n<h1 class=\"post-title entry-title\">Une grille d&rsquo;analyse 3QPOC:\u00a0<a href=\"https:\/\/se.csbe.qc.ca\/universsocial\/files\/2016\/02\/Grille-danalyse-de-documents.3QPOC.docx\" rel=\"\">Grille d&rsquo;analyse de documents.3QPOC<\/a><\/h1>\n<h1 class=\"post-title entry-title\">Le document pr\u00e9sentant divers rep\u00e8res de temps de la CSDPS:\u00a0<a href=\"https:\/\/se.csbe.qc.ca\/universsocial\/files\/2016\/02\/Outil-Les-rep\u00e8res-de-temps1-1.pptx\" rel=\"\">Outil-Les-rep\u00e8res-de-temps1 (1)<\/a><\/h1>\n<h1 class=\"post-title entry-title\">La pr\u00e9sentation de l&rsquo;application Documents du R\u00e9cit de l&rsquo;univers social :\u00a0<a href=\"https:\/\/se.csbe.qc.ca\/universsocial\/files\/2016\/02\/Documents.R\u00e9cit._CSBE.12_f\u00e9vrier.ptx_.pptx\" rel=\"\">Documents.R\u00e9cit._CSBE.12_f\u00e9vrier.ptx<\/a><\/h1>\n<h1 class=\"post-title entry-title\">Un texte portant sur l&rsquo;enseignement explicite de Steeve Bissonnette et Mario Richard :<a href=\"https:\/\/se.csbe.qc.ca\/universsocial\/files\/2016\/02\/Lenseignement-explicite.Bissonnette_et_R.pdf\" rel=\"\">L&rsquo;enseignement explicite.Bissonnette_et_R<\/a><\/h1>\n<h1 class=\"post-title entry-title\">Bonne lecture!<\/h1>\n<!-- WP Attachments -->\r\n        <div style=\"width:100%;margin:10px 0 10px 0;\">\r\n            <h3>Attachments<\/h3>\r\n        <ul class=\"post-attachments\"><li class=\"post-attachment mime-application-pdf\"><a href=\"https:\/\/se.csbe.qc.ca\/universsocial\/files\/2016\/02\/3QPOC-Affiche_CSBE.2016.pdf\">3QPOC - Affiche_CSBE.2016<\/a> <small>(219 kB)<\/small><\/li><li class=\"post-attachment mime-application-x-smarttech-notebook\"><a href=\"https:\/\/se.csbe.qc.ca\/universsocial\/files\/2016\/02\/3QPOC.12-f\u00e9vrier.notebook\">3QPOC.12 f\u00e9vrier<\/a> <small>(6 MB)<\/small><\/li><li class=\"post-attachment mime-application-x-smarttech-notebook\"><a href=\"https:\/\/se.csbe.qc.ca\/universsocial\/files\/2016\/02\/Ens.explicite.3QPOC.exemple.notebook\">Ens.explicite.3QPOC.exemple<\/a> <small>(4 MB)<\/small><\/li><li class=\"post-attachment mime-application-vnd-openxmlformats-officedocument-wordprocessingml-document\"><a href=\"https:\/\/se.csbe.qc.ca\/universsocial\/files\/2016\/02\/Comment_-utiliser_les-documents.docx\">Comment_ utiliser_les documents<\/a> <small>(106 kB)<\/small><\/li><li class=\"post-attachment mime-application-vnd-openxmlformats-officedocument-wordprocessingml-document\"><a href=\"https:\/\/se.csbe.qc.ca\/universsocial\/files\/2016\/02\/Grille-danalyse-de-documents.3QPOC.docx\">Grille d'analyse de documents.3QPOC<\/a> <small>(114 kB)<\/small><\/li><li class=\"post-attachment mime-application-vnd-openxmlformats-officedocument-presentationml-presentation\"><a href=\"https:\/\/se.csbe.qc.ca\/universsocial\/files\/2016\/02\/Outil-Les-rep\u00e8res-de-temps1-1.pptx\">Outil-Les-rep\u00e8res-de-temps1 (1)<\/a> <small>(197 kB)<\/small><\/li><li class=\"post-attachment mime-application-vnd-openxmlformats-officedocument-wordprocessingml-document\"><a href=\"https:\/\/se.csbe.qc.ca\/universsocial\/files\/2016\/02\/Grille-danalyse-de-documents.3QPOC-1.docx\">Grille d'analyse de documents.3QPOC<\/a> <small>(114 kB)<\/small><\/li><li class=\"post-attachment mime-application-pdf\"><a href=\"https:\/\/se.csbe.qc.ca\/universsocial\/files\/2016\/02\/Lenseignement-explicite.Bissonnette_et_R.pdf\">L'enseignement explicite.Bissonnette_et_R<\/a> <small>(171 kB)<\/small><\/li><li class=\"post-attachment mime-application-vnd-openxmlformats-officedocument-presentationml-presentation\"><a href=\"https:\/\/se.csbe.qc.ca\/universsocial\/files\/2016\/02\/Documents.R\u00e9cit._CSBE.12_f\u00e9vrier.ptx_.pptx\">Documents.R\u00e9cit._CSBE.12_f\u00e9vrier.ptx<\/a> <small>(13 MB)<\/small><\/li><\/ul><\/div><\/div>","protected":false},"excerpt":{"rendered":"<div class=\"page-restrict-output\"><p>&nbsp; Vous trouverez ici tous les documents pr\u00e9sent\u00e9s lors de la formation du 12 f\u00e9vrier 2016 portant sur l&rsquo;enseignement explicite de l&rsquo;analyse de documents par la m\u00e9thode 3QPOC ainsi que quelques r\u00e9f\u00e9rences. L&rsquo;affiche 3QPOC :\u00a03QPOC &#8211; Affiche_CSBE.2016 La pr\u00e9sentation Notebook compl\u00e8te :\u00a03QPOC.12 f\u00e9vrier La pr\u00e9sentation Notebook que vous pouvez modifier et r\u00e9utiliser avec vos \u00e9l\u00e8ves &hellip; <\/p>\n<p><a class=\"more-link btn\" href=\"https:\/\/se.csbe.qc.ca\/universsocial\/lenseignement-explicite-de-lanalyse-de-documents-3qpoc\/\">Lire la suite<\/a><\/p>\n<\/div>","protected":false},"author":209,"featured_media":0,"parent":0,"menu_order":0,"comment_status":"closed","ping_status":"closed","template":"","meta":{"footnotes":""},"class_list":["post-4061","page","type-page","status-publish","hentry","nodate","item-wrap"],"_links":{"self":[{"href":"https:\/\/se.csbe.qc.ca\/universsocial\/wp-json\/wp\/v2\/pages\/4061","targetHints":{"allow":["GET"]}}],"collection":[{"href":"https:\/\/se.csbe.qc.ca\/universsocial\/wp-json\/wp\/v2\/pages"}],"about":[{"href":"https:\/\/se.csbe.qc.ca\/universsocial\/wp-json\/wp\/v2\/types\/page"}],"author":[{"embeddable":true,"href":"https:\/\/se.csbe.qc.ca\/universsocial\/wp-json\/wp\/v2\/users\/209"}],"replies":[{"embeddable":true,"href":"https:\/\/se.csbe.qc.ca\/universsocial\/wp-json\/wp\/v2\/comments?post=4061"}],"version-history":[{"count":2,"href":"https:\/\/se.csbe.qc.ca\/universsocial\/wp-json\/wp\/v2\/pages\/4061\/revisions"}],"predecessor-version":[{"id":4072,"href":"https:\/\/se.csbe.qc.ca\/universsocial\/wp-json\/wp\/v2\/pages\/4061\/revisions\/4072"}],"wp:attachment":[{"href":"https:\/\/se.csbe.qc.ca\/universsocial\/wp-json\/wp\/v2\/media?parent=4061"}],"curies":[{"name":"wp","href":"https:\/\/api.w.org\/{rel}","templated":true}]}}