{"id":4007,"date":"2016-01-21T11:47:04","date_gmt":"2016-01-21T16:47:04","guid":{"rendered":"https:\/\/se.csbe.qc.ca\/universsocial\/?page_id=4007"},"modified":"2016-04-12T13:56:33","modified_gmt":"2016-04-12T17:56:33","slug":"document-dinformation-epreuve-unique-2016-2017","status":"publish","type":"page","link":"https:\/\/se.csbe.qc.ca\/universsocial\/document-dinformation-epreuve-unique-2016-2017\/","title":{"rendered":"Document d&rsquo;information &#8211; \u00c9preuve unique 2016-2017"},"content":{"rendered":"<div class=\"page-restrict-output\"><h2><span style=\"font-family: tahoma, arial, helvetica, sans-serif;\">Voici le document d&rsquo;information pour la pr\u00e9paration \u00e0 l&rsquo;\u00e9preuve unique d&rsquo;Histoire et \u00e9ducation \u00e0 la citoyennet\u00e9 de 4e secondaire de juin 2016, juillet 2016 et janvier 2017.<\/span><\/h2>\n<h2><a href=\"https:\/\/se.csbe.qc.ca\/universsocial\/files\/2016\/01\/DI_HEC_2016-2017.pdf\" rel=\"\">DI_HEC_2016-2017<\/a><\/h2>\n<!-- WP Attachments -->\r\n        <div style=\"width:100%;margin:10px 0 10px 0;\">\r\n            <h3>Attachments<\/h3>\r\n        <ul class=\"post-attachments\"><li class=\"post-attachment mime-application-pdf\"><a href=\"https:\/\/se.csbe.qc.ca\/universsocial\/files\/2016\/01\/DI_HEC_2016-2017.pdf\">DI_HEC_2016-2017<\/a> <small>(770 kB)<\/small><\/li><\/ul><\/div><\/div>","protected":false},"excerpt":{"rendered":"<div class=\"page-restrict-output\"><p>Voici le document d&rsquo;information pour la pr\u00e9paration \u00e0 l&rsquo;\u00e9preuve unique d&rsquo;Histoire et \u00e9ducation \u00e0 la citoyennet\u00e9 de 4e secondaire de juin 2016, juillet 2016 et janvier 2017. DI_HEC_2016-2017 Attachments DI_HEC_2016-2017 (770 kB)<\/p>\n<\/div>","protected":false},"author":209,"featured_media":0,"parent":0,"menu_order":0,"comment_status":"closed","ping_status":"closed","template":"","meta":{"footnotes":""},"class_list":["post-4007","page","type-page","status-publish","hentry","nodate","item-wrap"],"_links":{"self":[{"href":"https:\/\/se.csbe.qc.ca\/universsocial\/wp-json\/wp\/v2\/pages\/4007","targetHints":{"allow":["GET"]}}],"collection":[{"href":"https:\/\/se.csbe.qc.ca\/universsocial\/wp-json\/wp\/v2\/pages"}],"about":[{"href":"https:\/\/se.csbe.qc.ca\/universsocial\/wp-json\/wp\/v2\/types\/page"}],"author":[{"embeddable":true,"href":"https:\/\/se.csbe.qc.ca\/universsocial\/wp-json\/wp\/v2\/users\/209"}],"replies":[{"embeddable":true,"href":"https:\/\/se.csbe.qc.ca\/universsocial\/wp-json\/wp\/v2\/comments?post=4007"}],"version-history":[{"count":4,"href":"https:\/\/se.csbe.qc.ca\/universsocial\/wp-json\/wp\/v2\/pages\/4007\/revisions"}],"predecessor-version":[{"id":4429,"href":"https:\/\/se.csbe.qc.ca\/universsocial\/wp-json\/wp\/v2\/pages\/4007\/revisions\/4429"}],"wp:attachment":[{"href":"https:\/\/se.csbe.qc.ca\/universsocial\/wp-json\/wp\/v2\/media?parent=4007"}],"curies":[{"name":"wp","href":"https:\/\/api.w.org\/{rel}","templated":true}]}}