{"id":390,"date":"2012-10-31T15:09:41","date_gmt":"2012-10-31T14:09:41","guid":{"rendered":"https:\/\/se.csbe.qc.ca\/universsocial\/?page_id=390"},"modified":"2015-08-24T13:57:00","modified_gmt":"2015-08-24T17:57:00","slug":"planification-globale-1er-cycle","status":"publish","type":"page","link":"https:\/\/se.csbe.qc.ca\/universsocial\/planification-globale-1er-cycle\/","title":{"rendered":"Planification globale (1er cycle)"},"content":{"rendered":"<div class=\"page-restrict-output\"><h2><span style=\"color: #000000;\">Un exemple de planification globale \u00e9labor\u00e9 par la CS des D\u00e9couvreurs&#8230; peut s&rsquo;av\u00e9rer inspirant!<\/span><\/h2>\n<h2><\/h2>\n<h2><span style=\"text-decoration: underline;\">Pour y acc\u00e9der, cliquer sur le lien ci-dessous:<\/span><\/h2>\n<h2><em><a href=\"https:\/\/se.csbe.qc.ca\/universsocial\/files\/2012\/10\/CS-Decouvreurs-Planification-globale-Univers-social.pdf\" target=\"_blank\">CS Decouvreurs &#8211; Planification globale Univers social<\/a><\/em><\/h2>\n<!-- WP Attachments -->\r\n        <div style=\"width:100%;margin:10px 0 10px 0;\">\r\n            <h3>Attachments<\/h3>\r\n        <ul class=\"post-attachments\"><li class=\"post-attachment mime-application-pdf\"><a href=\"https:\/\/se.csbe.qc.ca\/universsocial\/files\/2012\/10\/CS-Decouvreurs-Planification-globale-Univers-social.pdf\">CS Decouvreurs - Planification globale Univers social<\/a> <small>(3 MB)<\/small><\/li><\/ul><\/div><\/div>","protected":false},"excerpt":{"rendered":"<div class=\"page-restrict-output\"><p>Un exemple de planification globale \u00e9labor\u00e9 par la CS des D\u00e9couvreurs&#8230; peut s&rsquo;av\u00e9rer inspirant! Pour y acc\u00e9der, cliquer sur le lien ci-dessous: CS Decouvreurs &#8211; Planification globale Univers social Attachments CS Decouvreurs &#8211; Planification globale Univers social (3 MB)<\/p>\n<\/div>","protected":false},"author":9,"featured_media":0,"parent":0,"menu_order":0,"comment_status":"open","ping_status":"open","template":"","meta":{"footnotes":""},"class_list":["post-390","page","type-page","status-publish","hentry","nodate","item-wrap"],"_links":{"self":[{"href":"https:\/\/se.csbe.qc.ca\/universsocial\/wp-json\/wp\/v2\/pages\/390","targetHints":{"allow":["GET"]}}],"collection":[{"href":"https:\/\/se.csbe.qc.ca\/universsocial\/wp-json\/wp\/v2\/pages"}],"about":[{"href":"https:\/\/se.csbe.qc.ca\/universsocial\/wp-json\/wp\/v2\/types\/page"}],"author":[{"embeddable":true,"href":"https:\/\/se.csbe.qc.ca\/universsocial\/wp-json\/wp\/v2\/users\/9"}],"replies":[{"embeddable":true,"href":"https:\/\/se.csbe.qc.ca\/universsocial\/wp-json\/wp\/v2\/comments?post=390"}],"version-history":[{"count":15,"href":"https:\/\/se.csbe.qc.ca\/universsocial\/wp-json\/wp\/v2\/pages\/390\/revisions"}],"predecessor-version":[{"id":3917,"href":"https:\/\/se.csbe.qc.ca\/universsocial\/wp-json\/wp\/v2\/pages\/390\/revisions\/3917"}],"wp:attachment":[{"href":"https:\/\/se.csbe.qc.ca\/universsocial\/wp-json\/wp\/v2\/media?parent=390"}],"curies":[{"name":"wp","href":"https:\/\/api.w.org\/{rel}","templated":true}]}}