{"id":3898,"date":"2015-06-23T16:29:13","date_gmt":"2015-06-23T20:29:13","guid":{"rendered":"https:\/\/se.csbe.qc.ca\/universsocial\/?page_id=3898"},"modified":"2015-06-23T16:29:13","modified_gmt":"2015-06-23T20:29:13","slug":"dossier-documentaire-les-savoirs-essentiels-sec-2-csmm","status":"publish","type":"page","link":"https:\/\/se.csbe.qc.ca\/universsocial\/dossier-documentaire-les-savoirs-essentiels-sec-2-csmm\/","title":{"rendered":"Dossier documentaire &#8211; Les savoirs essentiels (Sec.2 &#8211; CSMM)"},"content":{"rendered":"<div class=\"page-restrict-output\"><h2><span style=\"color: #000000;\"><strong>Voici les documents de nos dossiers documentaires reclass\u00e9s et contextualis\u00e9s pour chaque module en fonction de la PDA (il manque juste\u00a0le module 12).\u00a0<\/strong><\/span><\/h2>\n<h2><\/h2>\n<h2><em><span style=\"color: #000000;\"><strong>Un tr\u00e8s beau travail de moine et une collaboration appr\u00e9ci\u00e9e avec la CSMM!!!<\/strong><\/span><\/em><\/h2>\n<h2><\/h2>\n<h2><span style=\"text-decoration: underline;\"><span style=\"color: #000000; text-decoration: underline;\"><strong>Cliquer pour t\u00e9l\u00e9charger:<\/strong><\/span><\/span><\/h2>\n<h2><span style=\"color: #0000ff;\"><em><strong><a style=\"color: #0000ff;\" href=\"https:\/\/se.csbe.qc.ca\/universsocial\/files\/2015\/06\/7-Le-renouvellement-de-la-vision-de-lhomme.docx\" target=\"_blank\">7- Le renouvellement de la vision de l&rsquo;homme<\/a><\/strong><\/em><\/span><\/h2>\n<h2><span style=\"color: #0000ff;\"><em><strong><a style=\"color: #0000ff;\" href=\"https:\/\/se.csbe.qc.ca\/universsocial\/files\/2015\/06\/8-Lexpansion-europ\u00e9enne-dans-le-monde1.docx\" target=\"_blank\">8- L&rsquo;expansion europ\u00e9enne dans le monde<\/a><\/strong><\/em><\/span><\/h2>\n<h2><span style=\"color: #0000ff;\"><em><strong><a style=\"color: #0000ff;\" href=\"https:\/\/se.csbe.qc.ca\/universsocial\/files\/2015\/06\/9-Les-r\u00e9volutions-am\u00e9ricaine-ou-fran\u00e7aise.docx\" target=\"_blank\">9- Les r\u00e9volutions am\u00e9ricaine ou fran\u00e7aise<\/a><\/strong><\/em><\/span><\/h2>\n<h2><span style=\"color: #0000ff;\"><em><strong><a style=\"color: #0000ff;\" href=\"https:\/\/se.csbe.qc.ca\/universsocial\/files\/2015\/06\/10-Industrialisation.docx\" target=\"_blank\">10- Industrialisation<\/a><\/strong><\/em><\/span><\/h2>\n<h2><span style=\"color: #0000ff;\"><em><strong><a style=\"color: #0000ff;\" href=\"https:\/\/se.csbe.qc.ca\/universsocial\/files\/2015\/06\/11-Expansion_du_monde_industriel.docx\" target=\"_blank\">11- Expansion_du_monde_industriel<\/a><\/strong><\/em><\/span><\/h2>\n<p>&nbsp;<\/p>\n<p>&nbsp;<\/p>\n<!-- WP Attachments -->\r\n        <div style=\"width:100%;margin:10px 0 10px 0;\">\r\n            <h3>Attachments<\/h3>\r\n        <ul class=\"post-attachments\"><li class=\"post-attachment mime-application-vnd-openxmlformats-officedocument-wordprocessingml-document\"><a href=\"https:\/\/se.csbe.qc.ca\/universsocial\/files\/2015\/06\/7-Le-renouvellement-de-la-vision-de-lhomme.docx\">7- Le renouvellement de la vision de l'homme<\/a> <small>(3 MB)<\/small><\/li><li class=\"post-attachment mime-application-vnd-openxmlformats-officedocument-wordprocessingml-document\"><a href=\"https:\/\/se.csbe.qc.ca\/universsocial\/files\/2015\/06\/8-Lexpansion-europ\u00e9enne-dans-le-monde.docx\">8- L'expansion europ\u00e9enne dans le monde<\/a> <small>(3 MB)<\/small><\/li><li class=\"post-attachment mime-application-vnd-openxmlformats-officedocument-wordprocessingml-document\"><a href=\"https:\/\/se.csbe.qc.ca\/universsocial\/files\/2015\/06\/8-Lexpansion-europ\u00e9enne-dans-le-monde1.docx\">8- L'expansion europ\u00e9enne dans le monde<\/a> <small>(3 MB)<\/small><\/li><li class=\"post-attachment mime-application-vnd-openxmlformats-officedocument-wordprocessingml-document\"><a href=\"https:\/\/se.csbe.qc.ca\/universsocial\/files\/2015\/06\/9-Les-r\u00e9volutions-am\u00e9ricaine-ou-fran\u00e7aise.docx\">9- Les r\u00e9volutions am\u00e9ricaine ou fran\u00e7aise<\/a> <small>(5 MB)<\/small><\/li><li class=\"post-attachment mime-application-vnd-openxmlformats-officedocument-wordprocessingml-document\"><a href=\"https:\/\/se.csbe.qc.ca\/universsocial\/files\/2015\/06\/10-Industrialisation.docx\">10- Industrialisation<\/a> <small>(4 MB)<\/small><\/li><li class=\"post-attachment mime-application-vnd-openxmlformats-officedocument-wordprocessingml-document\"><a href=\"https:\/\/se.csbe.qc.ca\/universsocial\/files\/2015\/06\/11-Expansion_du_monde_industriel.docx\">11- Expansion_du_monde_industriel<\/a> <small>(3 MB)<\/small><\/li><\/ul><\/div><\/div>","protected":false},"excerpt":{"rendered":"<div class=\"page-restrict-output\"><p>Voici les documents de nos dossiers documentaires reclass\u00e9s et contextualis\u00e9s pour chaque module en fonction de la PDA (il manque juste\u00a0le module 12).\u00a0 Un tr\u00e8s beau travail de moine et une collaboration appr\u00e9ci\u00e9e avec la CSMM!!! Cliquer pour t\u00e9l\u00e9charger: 7- Le renouvellement de la vision de l&rsquo;homme 8- L&rsquo;expansion europ\u00e9enne dans le monde 9- Les &hellip; <\/p>\n<p><a class=\"more-link btn\" href=\"https:\/\/se.csbe.qc.ca\/universsocial\/dossier-documentaire-les-savoirs-essentiels-sec-2-csmm\/\">Lire la suite<\/a><\/p>\n<\/div>","protected":false},"author":9,"featured_media":0,"parent":0,"menu_order":0,"comment_status":"open","ping_status":"open","template":"","meta":{"footnotes":""},"class_list":["post-3898","page","type-page","status-publish","hentry","nodate","item-wrap"],"_links":{"self":[{"href":"https:\/\/se.csbe.qc.ca\/universsocial\/wp-json\/wp\/v2\/pages\/3898","targetHints":{"allow":["GET"]}}],"collection":[{"href":"https:\/\/se.csbe.qc.ca\/universsocial\/wp-json\/wp\/v2\/pages"}],"about":[{"href":"https:\/\/se.csbe.qc.ca\/universsocial\/wp-json\/wp\/v2\/types\/page"}],"author":[{"embeddable":true,"href":"https:\/\/se.csbe.qc.ca\/universsocial\/wp-json\/wp\/v2\/users\/9"}],"replies":[{"embeddable":true,"href":"https:\/\/se.csbe.qc.ca\/universsocial\/wp-json\/wp\/v2\/comments?post=3898"}],"version-history":[{"count":1,"href":"https:\/\/se.csbe.qc.ca\/universsocial\/wp-json\/wp\/v2\/pages\/3898\/revisions"}],"predecessor-version":[{"id":3905,"href":"https:\/\/se.csbe.qc.ca\/universsocial\/wp-json\/wp\/v2\/pages\/3898\/revisions\/3905"}],"wp:attachment":[{"href":"https:\/\/se.csbe.qc.ca\/universsocial\/wp-json\/wp\/v2\/media?parent=3898"}],"curies":[{"name":"wp","href":"https:\/\/api.w.org\/{rel}","templated":true}]}}