{"id":3890,"date":"2015-06-23T16:25:53","date_gmt":"2015-06-23T20:25:53","guid":{"rendered":"https:\/\/se.csbe.qc.ca\/universsocial\/?page_id=3890"},"modified":"2015-06-23T16:25:53","modified_gmt":"2015-06-23T20:25:53","slug":"dossier-documentaire-les-savoirs-essentiels-sec-1-csmm","status":"publish","type":"page","link":"https:\/\/se.csbe.qc.ca\/universsocial\/dossier-documentaire-les-savoirs-essentiels-sec-1-csmm\/","title":{"rendered":"Dossier documentaire &#8211; Les savoirs essentiels (Sec.1 &#8211; CSMM)"},"content":{"rendered":"<div class=\"page-restrict-output\"><h2><span style=\"color: #000000;\"><strong>Voici les documents de nos dossiers documentaires reclass\u00e9s et contextualis\u00e9s pour chaque module en fonction de la PDA.\u00a0<\/strong><\/span><\/h2>\n<h2><\/h2>\n<h2><em><span style=\"color: #000000;\"><strong>Un tr\u00e8s beau travail de moine et une collaboration appr\u00e9ci\u00e9e avec la CSMM!!!<\/strong><\/span><\/em><\/h2>\n<h2><\/h2>\n<h2><span style=\"text-decoration: underline;\"><span style=\"color: #000000; text-decoration: underline;\"><strong>Cliquer pour t\u00e9l\u00e9charger:<\/strong><\/span><\/span><\/h2>\n<h2><span style=\"color: #0000ff;\"><em><strong><a style=\"color: #0000ff;\" href=\"https:\/\/se.csbe.qc.ca\/universsocial\/files\/2015\/06\/1-La_sedentarisation_savoirs_essentiels.docx\" target=\"_blank\">1- La_sedentarisation_savoirs_essentiels<\/a><\/strong><\/em><\/span><\/h2>\n<h2><span style=\"color: #0000ff;\"><em><strong><a style=\"color: #0000ff;\" href=\"https:\/\/se.csbe.qc.ca\/universsocial\/files\/2015\/06\/2-Lemergence_civilisation_savoirs_essentiels.docx\" target=\"_blank\">2- L&#8217;emergence_civilisation_savoirs_essentiels<\/a><\/strong><\/em><\/span><\/h2>\n<h2><span style=\"color: #0000ff;\"><em><strong><a style=\"color: #0000ff;\" href=\"https:\/\/se.csbe.qc.ca\/universsocial\/files\/2015\/06\/3-Une-premi\u00e8re-exp_d\u00e9mocratie.docx\" target=\"_blank\">3- Une premi\u00e8re exp_d\u00e9mocratie<\/a><\/strong><\/em><\/span><\/h2>\n<h2><span style=\"color: #0000ff;\"><em><strong><a style=\"color: #0000ff;\" href=\"https:\/\/se.csbe.qc.ca\/universsocial\/files\/2015\/06\/4-La_romanisation.docx\" target=\"_blank\">4- La_romanisation<\/a><\/strong><\/em><\/span><\/h2>\n<h2><span style=\"color: #0000ff;\"><em><strong><a style=\"color: #0000ff;\" href=\"https:\/\/se.csbe.qc.ca\/universsocial\/files\/2015\/06\/5-Christianisation-de-loccident.docx\" target=\"_blank\">5- Christianisation de l&rsquo;occident<\/a><\/strong><\/em><\/span><\/h2>\n<h2><span style=\"color: #0000ff;\"><em><strong><a style=\"color: #0000ff;\" href=\"https:\/\/se.csbe.qc.ca\/universsocial\/files\/2015\/06\/6-Lessor-urbain-et-commercial.docx\" target=\"_blank\">6- L&rsquo;essor urbain et commercial<\/a><\/strong><\/em><\/span><\/h2>\n<!-- WP Attachments -->\r\n        <div style=\"width:100%;margin:10px 0 10px 0;\">\r\n            <h3>Attachments<\/h3>\r\n        <ul class=\"post-attachments\"><li class=\"post-attachment mime-application-vnd-openxmlformats-officedocument-wordprocessingml-document\"><a href=\"https:\/\/se.csbe.qc.ca\/universsocial\/files\/2015\/06\/1-La_sedentarisation_savoirs_essentiels.docx\">1- La_sedentarisation_savoirs_essentiels<\/a> <small>(2 MB)<\/small><\/li><li class=\"post-attachment mime-application-vnd-openxmlformats-officedocument-wordprocessingml-document\"><a href=\"https:\/\/se.csbe.qc.ca\/universsocial\/files\/2015\/06\/2-Lemergence_civilisation_savoirs_essentiels.docx\">2- L'emergence_civilisation_savoirs_essentiels<\/a> <small>(3 MB)<\/small><\/li><li class=\"post-attachment mime-application-vnd-openxmlformats-officedocument-wordprocessingml-document\"><a href=\"https:\/\/se.csbe.qc.ca\/universsocial\/files\/2015\/06\/3-Une-premi\u00e8re-exp_d\u00e9mocratie.docx\">3- Une premi\u00e8re exp_d\u00e9mocratie<\/a> <small>(6 MB)<\/small><\/li><li class=\"post-attachment mime-application-vnd-openxmlformats-officedocument-wordprocessingml-document\"><a href=\"https:\/\/se.csbe.qc.ca\/universsocial\/files\/2015\/06\/4-La_romanisation.docx\">4- La_romanisation<\/a> <small>(2 MB)<\/small><\/li><li class=\"post-attachment mime-application-vnd-openxmlformats-officedocument-wordprocessingml-document\"><a href=\"https:\/\/se.csbe.qc.ca\/universsocial\/files\/2015\/06\/5-Christianisation-de-loccident.docx\">5- Christianisation de l'occident<\/a> <small>(2 MB)<\/small><\/li><li class=\"post-attachment mime-application-vnd-openxmlformats-officedocument-wordprocessingml-document\"><a href=\"https:\/\/se.csbe.qc.ca\/universsocial\/files\/2015\/06\/6-Lessor-urbain-et-commercial.docx\">6- L'essor urbain et commercial<\/a> <small>(2 MB)<\/small><\/li><\/ul><\/div><\/div>","protected":false},"excerpt":{"rendered":"<div class=\"page-restrict-output\"><p>Voici les documents de nos dossiers documentaires reclass\u00e9s et contextualis\u00e9s pour chaque module en fonction de la PDA.\u00a0 Un tr\u00e8s beau travail de moine et une collaboration appr\u00e9ci\u00e9e avec la CSMM!!! Cliquer pour t\u00e9l\u00e9charger: 1- La_sedentarisation_savoirs_essentiels 2- L&#8217;emergence_civilisation_savoirs_essentiels 3- Une premi\u00e8re exp_d\u00e9mocratie 4- La_romanisation 5- Christianisation de l&rsquo;occident 6- L&rsquo;essor urbain et commercial Attachments 1- &hellip; <\/p>\n<p><a class=\"more-link btn\" href=\"https:\/\/se.csbe.qc.ca\/universsocial\/dossier-documentaire-les-savoirs-essentiels-sec-1-csmm\/\">Lire la suite<\/a><\/p>\n<\/div>","protected":false},"author":9,"featured_media":0,"parent":0,"menu_order":0,"comment_status":"open","ping_status":"open","template":"","meta":{"footnotes":""},"class_list":["post-3890","page","type-page","status-publish","hentry","nodate","item-wrap"],"_links":{"self":[{"href":"https:\/\/se.csbe.qc.ca\/universsocial\/wp-json\/wp\/v2\/pages\/3890","targetHints":{"allow":["GET"]}}],"collection":[{"href":"https:\/\/se.csbe.qc.ca\/universsocial\/wp-json\/wp\/v2\/pages"}],"about":[{"href":"https:\/\/se.csbe.qc.ca\/universsocial\/wp-json\/wp\/v2\/types\/page"}],"author":[{"embeddable":true,"href":"https:\/\/se.csbe.qc.ca\/universsocial\/wp-json\/wp\/v2\/users\/9"}],"replies":[{"embeddable":true,"href":"https:\/\/se.csbe.qc.ca\/universsocial\/wp-json\/wp\/v2\/comments?post=3890"}],"version-history":[{"count":1,"href":"https:\/\/se.csbe.qc.ca\/universsocial\/wp-json\/wp\/v2\/pages\/3890\/revisions"}],"predecessor-version":[{"id":3897,"href":"https:\/\/se.csbe.qc.ca\/universsocial\/wp-json\/wp\/v2\/pages\/3890\/revisions\/3897"}],"wp:attachment":[{"href":"https:\/\/se.csbe.qc.ca\/universsocial\/wp-json\/wp\/v2\/media?parent=3890"}],"curies":[{"name":"wp","href":"https:\/\/api.w.org\/{rel}","templated":true}]}}