{"id":3872,"date":"2015-06-23T16:17:00","date_gmt":"2015-06-23T20:17:00","guid":{"rendered":"https:\/\/se.csbe.qc.ca\/universsocial\/?page_id=3872"},"modified":"2015-06-23T16:17:00","modified_gmt":"2015-06-23T20:17:00","slug":"question-a-reponse-elaboree-sec-2-csdps","status":"publish","type":"page","link":"https:\/\/se.csbe.qc.ca\/universsocial\/question-a-reponse-elaboree-sec-2-csdps\/","title":{"rendered":"Question \u00e0 r\u00e9ponse \u00e9labor\u00e9e (Sec.2 &#8211; CSDPS)"},"content":{"rendered":"<div class=\"page-restrict-output\"><h2><span style=\"color: #000000;\"><strong>Voici une question \u00e0 r\u00e9ponse \u00e9labor\u00e9e avec dossier documentaire \u00e0 l&rsquo;appui.<\/strong><\/span><\/h2>\n<h2><span style=\"color: #000000;\">\u00a0<\/span><\/h2>\n<h2><span style=\"color: #000000;\"><em><strong>Merci \u00e0 la CSDPS pour ce partage!<\/strong><\/em><\/span><\/h2>\n<h2><span style=\"color: #000000;\">\u00a0<\/span><\/h2>\n<h2><span style=\"text-decoration: underline; color: #000000;\"><strong>Cliquer pour t\u00e9l\u00e9charger:<\/strong><\/span><\/h2>\n<h2><span style=\"color: #0000ff;\"><em><strong><a style=\"color: #0000ff;\" href=\"https:\/\/se.csbe.qc.ca\/universsocial\/files\/2015\/06\/Module-8-Question-longue-Dossier-documentaire.docx\" target=\"_blank\">Module 8 &#8211; Question longue (Dossier documentaire)<\/a><\/strong><\/em><\/span><\/h2>\n<h2><span style=\"color: #0000ff;\"><em><strong><a style=\"color: #0000ff;\" href=\"https:\/\/se.csbe.qc.ca\/universsocial\/files\/2015\/06\/Module-8-Question-longue.docx\" target=\"_blank\">Module 8 &#8211; Question longue<\/a><\/strong><\/em><\/span><\/h2>\n<!-- WP Attachments -->\r\n        <div style=\"width:100%;margin:10px 0 10px 0;\">\r\n            <h3>Attachments<\/h3>\r\n        <ul class=\"post-attachments\"><li class=\"post-attachment mime-application-vnd-openxmlformats-officedocument-wordprocessingml-document\"><a href=\"https:\/\/se.csbe.qc.ca\/universsocial\/files\/2015\/06\/Module-8-Question-longue-Dossier-documentaire.docx\">Module 8 - Question longue (Dossier documentaire)<\/a> <small>(15 kB)<\/small><\/li><li class=\"post-attachment mime-application-vnd-openxmlformats-officedocument-wordprocessingml-document\"><a href=\"https:\/\/se.csbe.qc.ca\/universsocial\/files\/2015\/06\/Module-8-Question-longue.docx\">Module 8 - Question longue<\/a> <small>(32 kB)<\/small><\/li><\/ul><\/div><\/div>","protected":false},"excerpt":{"rendered":"<div class=\"page-restrict-output\"><p>Voici une question \u00e0 r\u00e9ponse \u00e9labor\u00e9e avec dossier documentaire \u00e0 l&rsquo;appui. \u00a0 Merci \u00e0 la CSDPS pour ce partage! \u00a0 Cliquer pour t\u00e9l\u00e9charger: Module 8 &#8211; Question longue (Dossier documentaire) Module 8 &#8211; Question longue Attachments Module 8 &#8211; Question longue (Dossier documentaire) (15 kB)Module 8 &#8211; Question longue (32 kB)<\/p>\n<\/div>","protected":false},"author":9,"featured_media":0,"parent":0,"menu_order":0,"comment_status":"open","ping_status":"open","template":"","meta":{"footnotes":""},"class_list":["post-3872","page","type-page","status-publish","hentry","nodate","item-wrap"],"_links":{"self":[{"href":"https:\/\/se.csbe.qc.ca\/universsocial\/wp-json\/wp\/v2\/pages\/3872","targetHints":{"allow":["GET"]}}],"collection":[{"href":"https:\/\/se.csbe.qc.ca\/universsocial\/wp-json\/wp\/v2\/pages"}],"about":[{"href":"https:\/\/se.csbe.qc.ca\/universsocial\/wp-json\/wp\/v2\/types\/page"}],"author":[{"embeddable":true,"href":"https:\/\/se.csbe.qc.ca\/universsocial\/wp-json\/wp\/v2\/users\/9"}],"replies":[{"embeddable":true,"href":"https:\/\/se.csbe.qc.ca\/universsocial\/wp-json\/wp\/v2\/comments?post=3872"}],"version-history":[{"count":1,"href":"https:\/\/se.csbe.qc.ca\/universsocial\/wp-json\/wp\/v2\/pages\/3872\/revisions"}],"predecessor-version":[{"id":3875,"href":"https:\/\/se.csbe.qc.ca\/universsocial\/wp-json\/wp\/v2\/pages\/3872\/revisions\/3875"}],"wp:attachment":[{"href":"https:\/\/se.csbe.qc.ca\/universsocial\/wp-json\/wp\/v2\/media?parent=3872"}],"curies":[{"name":"wp","href":"https:\/\/api.w.org\/{rel}","templated":true}]}}