{"id":3853,"date":"2015-06-23T16:03:52","date_gmt":"2015-06-23T20:03:52","guid":{"rendered":"https:\/\/se.csbe.qc.ca\/universsocial\/?page_id=3853"},"modified":"2015-06-23T16:05:10","modified_gmt":"2015-06-23T20:05:10","slug":"questions-a-reponse-elaboree-idees-2","status":"publish","type":"page","link":"https:\/\/se.csbe.qc.ca\/universsocial\/questions-a-reponse-elaboree-idees-2\/","title":{"rendered":"Questions \u00e0 r\u00e9ponse \u00e9labor\u00e9e &#8211; Id\u00e9es"},"content":{"rendered":"<div class=\"page-restrict-output\"><h2><span style=\"color: #000000;\"><strong>Deux id\u00e9es de questions \u00e0 r\u00e9ponse \u00e9labor\u00e9e pour ceux qui sont en manque d&rsquo;inspiration&#8230;<\/strong><\/span><\/h2>\n<h2><\/h2>\n<h2><span style=\"text-decoration: underline;\"><span style=\"color: #000000;\"><strong>Cliquer pour t\u00e9l\u00e9charger:<\/strong><\/span><\/span><\/h2>\n<h2><span style=\"color: #0000ff;\"><em><strong><a style=\"color: #0000ff;\" href=\"https:\/\/se.csbe.qc.ca\/universsocial\/files\/2015\/06\/Questions-\u00e0-r\u00e9ponses-\u00e9labor\u00e9es-Id\u00e9es1.docx\" target=\"_blank\">Questions \u00e0 r\u00e9ponses \u00e9labor\u00e9es &#8211; Id\u00e9es<\/a><\/strong><\/em><\/span><\/h2>\n<!-- WP Attachments -->\r\n        <div style=\"width:100%;margin:10px 0 10px 0;\">\r\n            <h3>Attachments<\/h3>\r\n        <ul class=\"post-attachments\"><li class=\"post-attachment mime-application-vnd-openxmlformats-officedocument-wordprocessingml-document\"><a href=\"https:\/\/se.csbe.qc.ca\/universsocial\/files\/2015\/06\/Questions-\u00e0-r\u00e9ponses-\u00e9labor\u00e9es-Id\u00e9es1.docx\">Questions \u00e0 r\u00e9ponses \u00e9labor\u00e9es - Id\u00e9es<\/a> <small>(12 kB)<\/small><\/li><\/ul><\/div><\/div>","protected":false},"excerpt":{"rendered":"<div class=\"page-restrict-output\"><p>Deux id\u00e9es de questions \u00e0 r\u00e9ponse \u00e9labor\u00e9e pour ceux qui sont en manque d&rsquo;inspiration&#8230; Cliquer pour t\u00e9l\u00e9charger: Questions \u00e0 r\u00e9ponses \u00e9labor\u00e9es &#8211; Id\u00e9es Attachments Questions \u00e0 r\u00e9ponses \u00e9labor\u00e9es &#8211; Id\u00e9es (12 kB)<\/p>\n<\/div>","protected":false},"author":9,"featured_media":0,"parent":0,"menu_order":0,"comment_status":"open","ping_status":"open","template":"","meta":{"footnotes":""},"class_list":["post-3853","page","type-page","status-publish","hentry","nodate","item-wrap"],"_links":{"self":[{"href":"https:\/\/se.csbe.qc.ca\/universsocial\/wp-json\/wp\/v2\/pages\/3853","targetHints":{"allow":["GET"]}}],"collection":[{"href":"https:\/\/se.csbe.qc.ca\/universsocial\/wp-json\/wp\/v2\/pages"}],"about":[{"href":"https:\/\/se.csbe.qc.ca\/universsocial\/wp-json\/wp\/v2\/types\/page"}],"author":[{"embeddable":true,"href":"https:\/\/se.csbe.qc.ca\/universsocial\/wp-json\/wp\/v2\/users\/9"}],"replies":[{"embeddable":true,"href":"https:\/\/se.csbe.qc.ca\/universsocial\/wp-json\/wp\/v2\/comments?post=3853"}],"version-history":[{"count":1,"href":"https:\/\/se.csbe.qc.ca\/universsocial\/wp-json\/wp\/v2\/pages\/3853\/revisions"}],"predecessor-version":[{"id":3855,"href":"https:\/\/se.csbe.qc.ca\/universsocial\/wp-json\/wp\/v2\/pages\/3853\/revisions\/3855"}],"wp:attachment":[{"href":"https:\/\/se.csbe.qc.ca\/universsocial\/wp-json\/wp\/v2\/media?parent=3853"}],"curies":[{"name":"wp","href":"https:\/\/api.w.org\/{rel}","templated":true}]}}