{"id":3850,"date":"2015-06-23T16:02:46","date_gmt":"2015-06-23T20:02:46","guid":{"rendered":"https:\/\/se.csbe.qc.ca\/universsocial\/?page_id=3850"},"modified":"2015-06-23T16:02:46","modified_gmt":"2015-06-23T20:02:46","slug":"projet-affiche-sedentarisation","status":"publish","type":"page","link":"https:\/\/se.csbe.qc.ca\/universsocial\/projet-affiche-sedentarisation\/","title":{"rendered":"Projet &#8211; Affiche &#8211; S\u00e9dentarisation"},"content":{"rendered":"<div class=\"page-restrict-output\"><h2><span style=\"color: #000000;\"><strong>Un projet \u00e0 r\u00e9aliser en classe: La cr\u00e9ation d&rsquo;une affiche sur la s\u00e9dentarisation, avec courte pr\u00e9sentation \u00e0 l&rsquo;avant!<\/strong><\/span><\/h2>\n<h2><\/h2>\n<h2><span style=\"text-decoration: underline;\"><span style=\"color: #000000;\"><strong>Cliquer pour t\u00e9l\u00e9charger:<\/strong><\/span><\/span><\/h2>\n<h2><span style=\"color: #0000ff;\"><em><strong><a style=\"color: #0000ff;\" href=\"https:\/\/se.csbe.qc.ca\/universsocial\/files\/2015\/06\/Projet-Affiche-S\u00e9dentarisation.docx\" target=\"_blank\">Projet &#8211; Affiche &#8211; S\u00e9dentarisation<\/a><\/strong><\/em><\/span><\/h2>\n<!-- WP Attachments -->\r\n        <div style=\"width:100%;margin:10px 0 10px 0;\">\r\n            <h3>Attachments<\/h3>\r\n        <ul class=\"post-attachments\"><li class=\"post-attachment mime-application-vnd-openxmlformats-officedocument-wordprocessingml-document\"><a href=\"https:\/\/se.csbe.qc.ca\/universsocial\/files\/2015\/06\/Projet-Affiche-S\u00e9dentarisation.docx\">Projet - Affiche - S\u00e9dentarisation<\/a> <small>(126 kB)<\/small><\/li><\/ul><\/div><\/div>","protected":false},"excerpt":{"rendered":"<div class=\"page-restrict-output\"><p>Un projet \u00e0 r\u00e9aliser en classe: La cr\u00e9ation d&rsquo;une affiche sur la s\u00e9dentarisation, avec courte pr\u00e9sentation \u00e0 l&rsquo;avant! Cliquer pour t\u00e9l\u00e9charger: Projet &#8211; Affiche &#8211; S\u00e9dentarisation Attachments Projet &#8211; Affiche &#8211; S\u00e9dentarisation (126 kB)<\/p>\n<\/div>","protected":false},"author":9,"featured_media":0,"parent":0,"menu_order":0,"comment_status":"open","ping_status":"open","template":"","meta":{"footnotes":""},"class_list":["post-3850","page","type-page","status-publish","hentry","nodate","item-wrap"],"_links":{"self":[{"href":"https:\/\/se.csbe.qc.ca\/universsocial\/wp-json\/wp\/v2\/pages\/3850","targetHints":{"allow":["GET"]}}],"collection":[{"href":"https:\/\/se.csbe.qc.ca\/universsocial\/wp-json\/wp\/v2\/pages"}],"about":[{"href":"https:\/\/se.csbe.qc.ca\/universsocial\/wp-json\/wp\/v2\/types\/page"}],"author":[{"embeddable":true,"href":"https:\/\/se.csbe.qc.ca\/universsocial\/wp-json\/wp\/v2\/users\/9"}],"replies":[{"embeddable":true,"href":"https:\/\/se.csbe.qc.ca\/universsocial\/wp-json\/wp\/v2\/comments?post=3850"}],"version-history":[{"count":1,"href":"https:\/\/se.csbe.qc.ca\/universsocial\/wp-json\/wp\/v2\/pages\/3850\/revisions"}],"predecessor-version":[{"id":3852,"href":"https:\/\/se.csbe.qc.ca\/universsocial\/wp-json\/wp\/v2\/pages\/3850\/revisions\/3852"}],"wp:attachment":[{"href":"https:\/\/se.csbe.qc.ca\/universsocial\/wp-json\/wp\/v2\/media?parent=3850"}],"curies":[{"name":"wp","href":"https:\/\/api.w.org\/{rel}","templated":true}]}}