{"id":3847,"date":"2015-06-23T16:01:35","date_gmt":"2015-06-23T20:01:35","guid":{"rendered":"https:\/\/se.csbe.qc.ca\/universsocial\/?page_id=3847"},"modified":"2015-06-23T16:01:35","modified_gmt":"2015-06-23T20:01:35","slug":"projet-mesopotamie-egypte-thinglink","status":"publish","type":"page","link":"https:\/\/se.csbe.qc.ca\/universsocial\/projet-mesopotamie-egypte-thinglink\/","title":{"rendered":"Projet &#8211; M\u00e9sopotamie-\u00c9gypte (Thinglink)"},"content":{"rendered":"<div class=\"page-restrict-output\"><h2><span style=\"color: #000000;\"><strong>Une belle id\u00e9e de projet qui permet une utilisation p\u00e9dagogique efficace des appareils mobiles!<\/strong><\/span><\/h2>\n<h2><\/h2>\n<h2><span style=\"text-decoration: underline;\"><span style=\"color: #000000;\"><strong>Cliquer pour t\u00e9l\u00e9charger:<\/strong><\/span><\/span><\/h2>\n<h2><span style=\"color: #0000ff;\"><em><a style=\"color: #0000ff;\" href=\"https:\/\/se.csbe.qc.ca\/universsocial\/files\/2015\/06\/Projet-M\u00e9sopotamie-\u00c9gypte-Thinglink.docx\" target=\"_blank\"><strong>Projet &#8211; M\u00e9sopotamie-\u00c9gypte (Thinglin<\/strong>k)<\/a><\/em><\/span><\/h2>\n<!-- WP Attachments -->\r\n        <div style=\"width:100%;margin:10px 0 10px 0;\">\r\n            <h3>Attachments<\/h3>\r\n        <ul class=\"post-attachments\"><li class=\"post-attachment mime-application-vnd-openxmlformats-officedocument-wordprocessingml-document\"><a href=\"https:\/\/se.csbe.qc.ca\/universsocial\/files\/2015\/06\/Projet-M\u00e9sopotamie-\u00c9gypte-Thinglink.docx\">Projet - M\u00e9sopotamie-\u00c9gypte (Thinglink)<\/a> <small>(22 kB)<\/small><\/li><\/ul><\/div><\/div>","protected":false},"excerpt":{"rendered":"<div class=\"page-restrict-output\"><p>Une belle id\u00e9e de projet qui permet une utilisation p\u00e9dagogique efficace des appareils mobiles! Cliquer pour t\u00e9l\u00e9charger: Projet &#8211; M\u00e9sopotamie-\u00c9gypte (Thinglink) Attachments Projet &#8211; M\u00e9sopotamie-\u00c9gypte (Thinglink) (22 kB)<\/p>\n<\/div>","protected":false},"author":9,"featured_media":0,"parent":0,"menu_order":0,"comment_status":"open","ping_status":"open","template":"","meta":{"footnotes":""},"class_list":["post-3847","page","type-page","status-publish","hentry","nodate","item-wrap"],"_links":{"self":[{"href":"https:\/\/se.csbe.qc.ca\/universsocial\/wp-json\/wp\/v2\/pages\/3847","targetHints":{"allow":["GET"]}}],"collection":[{"href":"https:\/\/se.csbe.qc.ca\/universsocial\/wp-json\/wp\/v2\/pages"}],"about":[{"href":"https:\/\/se.csbe.qc.ca\/universsocial\/wp-json\/wp\/v2\/types\/page"}],"author":[{"embeddable":true,"href":"https:\/\/se.csbe.qc.ca\/universsocial\/wp-json\/wp\/v2\/users\/9"}],"replies":[{"embeddable":true,"href":"https:\/\/se.csbe.qc.ca\/universsocial\/wp-json\/wp\/v2\/comments?post=3847"}],"version-history":[{"count":1,"href":"https:\/\/se.csbe.qc.ca\/universsocial\/wp-json\/wp\/v2\/pages\/3847\/revisions"}],"predecessor-version":[{"id":3849,"href":"https:\/\/se.csbe.qc.ca\/universsocial\/wp-json\/wp\/v2\/pages\/3847\/revisions\/3849"}],"wp:attachment":[{"href":"https:\/\/se.csbe.qc.ca\/universsocial\/wp-json\/wp\/v2\/media?parent=3847"}],"curies":[{"name":"wp","href":"https:\/\/api.w.org\/{rel}","templated":true}]}}