{"id":3844,"date":"2015-06-23T16:00:09","date_gmt":"2015-06-23T20:00:09","guid":{"rendered":"https:\/\/se.csbe.qc.ca\/universsocial\/?page_id=3844"},"modified":"2015-06-23T16:00:09","modified_gmt":"2015-06-23T20:00:09","slug":"revision-annee-complete-sec-1-lll","status":"publish","type":"page","link":"https:\/\/se.csbe.qc.ca\/universsocial\/revision-annee-complete-sec-1-lll\/","title":{"rendered":"R\u00e9vision &#8211; Ann\u00e9e compl\u00e8te (Sec.1 &#8211; LLL)"},"content":{"rendered":"<div class=\"page-restrict-output\"><h2><span style=\"color: #000000;\"><strong>Wow!<\/strong><\/span><\/h2>\n<h2><\/h2>\n<h2><span style=\"color: #000000;\"><strong>Un document complet pour r\u00e9viser l&rsquo;ensemble du Sec.1!<\/strong><\/span><\/h2>\n<h2><\/h2>\n<h2><em><span style=\"color: #000000;\"><strong>Un grand merci \u00e0 Mme Marie-Jos\u00e9e Morneau et aux LLL pour ce pr\u00e9cieux partage!<\/strong><\/span><\/em><\/h2>\n<h2><\/h2>\n<h2><span style=\"text-decoration: underline;\"><span style=\"color: #000000;\"><strong>Cliquer pour t\u00e9l\u00e9charger:<\/strong><\/span><\/span><\/h2>\n<h2><span style=\"color: #0000ff;\"><em><strong><a style=\"color: #0000ff;\" href=\"https:\/\/se.csbe.qc.ca\/universsocial\/files\/2015\/06\/LLL-Sec.1-R\u00e9vision-de-lann\u00e9e.doc\" target=\"_blank\">LLL &#8211; Sec.1 &#8211; R\u00e9vision de l&rsquo;ann\u00e9e<\/a><\/strong><\/em><\/span><\/h2>\n<!-- WP Attachments -->\r\n        <div style=\"width:100%;margin:10px 0 10px 0;\">\r\n            <h3>Attachments<\/h3>\r\n        <ul class=\"post-attachments\"><li class=\"post-attachment mime-application-msword\"><a href=\"https:\/\/se.csbe.qc.ca\/universsocial\/files\/2015\/06\/LLL-Sec.1-R\u00e9vision-de-lann\u00e9e.doc\">LLL - Sec.1 - R\u00e9vision de l'ann\u00e9e<\/a> <small>(26 MB)<\/small><\/li><\/ul><\/div><\/div>","protected":false},"excerpt":{"rendered":"<div class=\"page-restrict-output\"><p>Wow! Un document complet pour r\u00e9viser l&rsquo;ensemble du Sec.1! Un grand merci \u00e0 Mme Marie-Jos\u00e9e Morneau et aux LLL pour ce pr\u00e9cieux partage! Cliquer pour t\u00e9l\u00e9charger: LLL &#8211; Sec.1 &#8211; R\u00e9vision de l&rsquo;ann\u00e9e Attachments LLL &#8211; Sec.1 &#8211; R\u00e9vision de l&rsquo;ann\u00e9e (26 MB)<\/p>\n<\/div>","protected":false},"author":9,"featured_media":0,"parent":0,"menu_order":0,"comment_status":"open","ping_status":"open","template":"","meta":{"footnotes":""},"class_list":["post-3844","page","type-page","status-publish","hentry","nodate","item-wrap"],"_links":{"self":[{"href":"https:\/\/se.csbe.qc.ca\/universsocial\/wp-json\/wp\/v2\/pages\/3844","targetHints":{"allow":["GET"]}}],"collection":[{"href":"https:\/\/se.csbe.qc.ca\/universsocial\/wp-json\/wp\/v2\/pages"}],"about":[{"href":"https:\/\/se.csbe.qc.ca\/universsocial\/wp-json\/wp\/v2\/types\/page"}],"author":[{"embeddable":true,"href":"https:\/\/se.csbe.qc.ca\/universsocial\/wp-json\/wp\/v2\/users\/9"}],"replies":[{"embeddable":true,"href":"https:\/\/se.csbe.qc.ca\/universsocial\/wp-json\/wp\/v2\/comments?post=3844"}],"version-history":[{"count":1,"href":"https:\/\/se.csbe.qc.ca\/universsocial\/wp-json\/wp\/v2\/pages\/3844\/revisions"}],"predecessor-version":[{"id":3846,"href":"https:\/\/se.csbe.qc.ca\/universsocial\/wp-json\/wp\/v2\/pages\/3844\/revisions\/3846"}],"wp:attachment":[{"href":"https:\/\/se.csbe.qc.ca\/universsocial\/wp-json\/wp\/v2\/media?parent=3844"}],"curies":[{"name":"wp","href":"https:\/\/api.w.org\/{rel}","templated":true}]}}