{"id":3835,"date":"2015-06-23T15:54:57","date_gmt":"2015-06-23T19:54:57","guid":{"rendered":"https:\/\/se.csbe.qc.ca\/universsocial\/?page_id=3835"},"modified":"2015-06-23T16:18:32","modified_gmt":"2015-06-23T20:18:32","slug":"banque-dexercices-sur-les-operations-intellectuelles-sec-1","status":"publish","type":"page","link":"https:\/\/se.csbe.qc.ca\/universsocial\/banque-dexercices-sur-les-operations-intellectuelles-sec-1\/","title":{"rendered":"Banque d&rsquo;exercices sur les op\u00e9rations intellectuelles (Sec.1 &#8211; CSBE)"},"content":{"rendered":"<div class=\"page-restrict-output\"><h2><span style=\"color: #000000;\"><strong>Voici 6 banques de questions bas\u00e9es sur les op\u00e9rations intellectuelles. Au total, elles constituent un corpus de 120 exercices de tous genres, conformes \u00e0 la progression des apprentissages et aux op\u00e9rations intellectuelles.\u00a0<\/strong><\/span><\/h2>\n<h2><span style=\"color: #000000;\">\u00a0<\/span><\/h2>\n<p>&nbsp;<\/p>\n<h2><span style=\"color: #000000;\"><strong>Dans ces banques, vous retrouverez donc les 6\u00a0modules de Sec.1<\/strong><\/span><\/h2>\n<h2><span style=\"color: #000000;\">\u00a0<\/span><\/h2>\n<h2><span style=\"text-decoration: underline;\"><span style=\"color: #000000;\"><strong>Pour CHAQUE module, vous retrouverez des exercices pour CHACUNE des op\u00e9rations suivantes:<\/strong><\/span><\/span><\/h2>\n<ul>\n<li>\n<h3><span style=\"color: #800000;\"><strong><em>\u00c9tablir des faits<\/em><\/strong><\/span><\/h3>\n<\/li>\n<li>\n<h3><span style=\"color: #800000;\"><strong><em>Situer dans le temps et dans l\u2019espace<\/em><\/strong><\/span><\/h3>\n<\/li>\n<li>\n<h3><span style=\"color: #800000;\"><strong><em>Caract\u00e9riser une r\u00e9alit\u00e9 historique<\/em><\/strong><\/span><\/h3>\n<\/li>\n<li>\n<h3><span style=\"color: #800000;\"><strong><em>\u00c9tablir des comparaisons<\/em><\/strong><\/span><\/h3>\n<\/li>\n<li>\n<h3><span style=\"color: #800000;\"><strong><em>D\u00e9terminer des facteurs explicatifs et des cons\u00e9quences<\/em><\/strong><\/span><\/h3>\n<\/li>\n<li>\n<h3><span style=\"color: #800000;\"><strong><em>D\u00e9terminer des \u00e9l\u00e9ments de continuit\u00e9 et des changements<\/em><\/strong><\/span><\/h3>\n<\/li>\n<li>\n<h3><span style=\"color: #800000;\"><strong><em>Mettre en relation des faits<\/em><\/strong><\/span><\/h3>\n<\/li>\n<li>\n<h3><span style=\"color: #800000;\"><strong><em>\u00c9tablir des liens de causalit\u00e9<\/em><\/strong><\/span><\/h3>\n<\/li>\n<\/ul>\n<p>&nbsp;<\/p>\n<p>&nbsp;<\/p>\n<h2><span style=\"text-decoration: underline; color: #000000;\"><strong>Pour t\u00e9l\u00e9charger chacune des banques, cliquez sur les liens ci-dessous:<\/strong><\/span><\/h2>\n<h2><span style=\"color: #0000ff;\"><em><strong><a style=\"color: #0000ff;\" href=\"https:\/\/se.csbe.qc.ca\/universsocial\/files\/2015\/06\/1-Banque-de-questions-S\u00e9dentarisation.docx\" target=\"_blank\">1- Banque de questions &#8211; S\u00e9dentarisation<\/a><\/strong><\/em><\/span><\/h2>\n<h2><span style=\"color: #0000ff;\"><em><strong><a style=\"color: #0000ff;\" href=\"https:\/\/se.csbe.qc.ca\/universsocial\/files\/2015\/06\/2-Banque-de-questions-\u00c9mergence.docx\" target=\"_blank\">2- Banque de questions &#8211; \u00c9mergence<\/a><\/strong><\/em><\/span><\/h2>\n<h2><span style=\"color: #0000ff;\"><em><strong><a style=\"color: #0000ff;\" href=\"https:\/\/se.csbe.qc.ca\/universsocial\/files\/2015\/06\/3-Banque-de-questions-D\u00e9mocratie.docx\" target=\"_blank\">3- Banque de questions &#8211; D\u00e9mocratie<\/a><\/strong><\/em><\/span><\/h2>\n<h2><span style=\"color: #0000ff;\"><em><strong><a style=\"color: #0000ff;\" href=\"https:\/\/se.csbe.qc.ca\/universsocial\/files\/2015\/06\/4-Banque-de-questions-La-romanisation.docx\" target=\"_blank\">4- Banque de questions &#8211; La romanisation<\/a><\/strong><\/em><\/span><\/h2>\n<h2><span style=\"color: #0000ff;\"><em><strong><a style=\"color: #0000ff;\" href=\"https:\/\/se.csbe.qc.ca\/universsocial\/files\/2015\/06\/5-Banque-de-questions-Christianisation.docx\" target=\"_blank\">5- Banque de questions &#8211; Christianisation<\/a><\/strong><\/em><\/span><\/h2>\n<h2><span style=\"color: #0000ff;\"><em><strong><a style=\"color: #0000ff;\" href=\"https:\/\/se.csbe.qc.ca\/universsocial\/files\/2015\/06\/6-Banque-de-questions-Essor-urbain.docx\" target=\"_blank\">6- Banque de questions &#8211; Essor urbain<\/a><\/strong><\/em><\/span><\/h2>\n<!-- WP Attachments -->\r\n        <div style=\"width:100%;margin:10px 0 10px 0;\">\r\n            <h3>Attachments<\/h3>\r\n        <ul class=\"post-attachments\"><li class=\"post-attachment mime-application-vnd-openxmlformats-officedocument-wordprocessingml-document\"><a href=\"https:\/\/se.csbe.qc.ca\/universsocial\/files\/2015\/06\/1-Banque-de-questions-S\u00e9dentarisation.docx\">1- Banque de questions - S\u00e9dentarisation<\/a> <small>(2 MB)<\/small><\/li><li class=\"post-attachment mime-application-vnd-openxmlformats-officedocument-wordprocessingml-document\"><a href=\"https:\/\/se.csbe.qc.ca\/universsocial\/files\/2015\/06\/2-Banque-de-questions-\u00c9mergence.docx\">2- Banque de questions - \u00c9mergence<\/a> <small>(3 MB)<\/small><\/li><li class=\"post-attachment mime-application-vnd-openxmlformats-officedocument-wordprocessingml-document\"><a href=\"https:\/\/se.csbe.qc.ca\/universsocial\/files\/2015\/06\/3-Banque-de-questions-D\u00e9mocratie.docx\">3- Banque de questions - D\u00e9mocratie<\/a> <small>(3 MB)<\/small><\/li><li class=\"post-attachment mime-application-vnd-openxmlformats-officedocument-wordprocessingml-document\"><a href=\"https:\/\/se.csbe.qc.ca\/universsocial\/files\/2015\/06\/4-Banque-de-questions-La-romanisation.docx\">4- Banque de questions - La romanisation<\/a> <small>(2 MB)<\/small><\/li><li class=\"post-attachment mime-application-vnd-openxmlformats-officedocument-wordprocessingml-document\"><a href=\"https:\/\/se.csbe.qc.ca\/universsocial\/files\/2015\/06\/5-Banque-de-questions-Christianisation.docx\">5- Banque de questions - Christianisation<\/a> <small>(1017 kB)<\/small><\/li><li class=\"post-attachment mime-application-vnd-openxmlformats-officedocument-wordprocessingml-document\"><a href=\"https:\/\/se.csbe.qc.ca\/universsocial\/files\/2015\/06\/6-Banque-de-questions-Essor-urbain.docx\">6- Banque de questions - Essor urbain<\/a> <small>(2 MB)<\/small><\/li><\/ul><\/div><\/div>","protected":false},"excerpt":{"rendered":"<div class=\"page-restrict-output\"><p>Voici 6 banques de questions bas\u00e9es sur les op\u00e9rations intellectuelles. Au total, elles constituent un corpus de 120 exercices de tous genres, conformes \u00e0 la progression des apprentissages et aux op\u00e9rations intellectuelles.\u00a0 \u00a0 &nbsp; Dans ces banques, vous retrouverez donc les 6\u00a0modules de Sec.1 \u00a0 Pour CHAQUE module, vous retrouverez des exercices pour CHACUNE des &hellip; <\/p>\n<p><a class=\"more-link btn\" href=\"https:\/\/se.csbe.qc.ca\/universsocial\/banque-dexercices-sur-les-operations-intellectuelles-sec-1\/\">Lire la suite<\/a><\/p>\n<\/div>","protected":false},"author":9,"featured_media":0,"parent":0,"menu_order":0,"comment_status":"open","ping_status":"open","template":"","meta":{"footnotes":""},"class_list":["post-3835","page","type-page","status-publish","hentry","nodate","item-wrap"],"_links":{"self":[{"href":"https:\/\/se.csbe.qc.ca\/universsocial\/wp-json\/wp\/v2\/pages\/3835","targetHints":{"allow":["GET"]}}],"collection":[{"href":"https:\/\/se.csbe.qc.ca\/universsocial\/wp-json\/wp\/v2\/pages"}],"about":[{"href":"https:\/\/se.csbe.qc.ca\/universsocial\/wp-json\/wp\/v2\/types\/page"}],"author":[{"embeddable":true,"href":"https:\/\/se.csbe.qc.ca\/universsocial\/wp-json\/wp\/v2\/users\/9"}],"replies":[{"embeddable":true,"href":"https:\/\/se.csbe.qc.ca\/universsocial\/wp-json\/wp\/v2\/comments?post=3835"}],"version-history":[{"count":2,"href":"https:\/\/se.csbe.qc.ca\/universsocial\/wp-json\/wp\/v2\/pages\/3835\/revisions"}],"predecessor-version":[{"id":3880,"href":"https:\/\/se.csbe.qc.ca\/universsocial\/wp-json\/wp\/v2\/pages\/3835\/revisions\/3880"}],"wp:attachment":[{"href":"https:\/\/se.csbe.qc.ca\/universsocial\/wp-json\/wp\/v2\/media?parent=3835"}],"curies":[{"name":"wp","href":"https:\/\/api.w.org\/{rel}","templated":true}]}}