{"id":3826,"date":"2015-06-23T15:47:03","date_gmt":"2015-06-23T19:47:03","guid":{"rendered":"https:\/\/se.csbe.qc.ca\/universsocial\/?page_id=3826"},"modified":"2015-06-23T15:47:03","modified_gmt":"2015-06-23T19:47:03","slug":"la-beauce-a-la-decouverte-de-mon-patrimoine","status":"publish","type":"page","link":"https:\/\/se.csbe.qc.ca\/universsocial\/la-beauce-a-la-decouverte-de-mon-patrimoine\/","title":{"rendered":"La Beauce &#8211; \u00c0 la d\u00e9couverte de mon patrimoine!"},"content":{"rendered":"<div class=\"page-restrict-output\"><h2><span style=\"color: #000000;\"><strong>Un int\u00e9ressant projet d&rsquo;innovation p\u00e9dagogique portant sur notre territoire patrimonial: la Beauce!<\/strong><\/span><\/h2>\n<h2><\/h2>\n<h2><span style=\"text-decoration: underline;\"><span style=\"color: #000000;\"><strong>Cliquer pour t\u00e9l\u00e9charger:<\/strong><\/span><\/span><\/h2>\n<h2><span style=\"color: #0000ff;\"><em><strong><a style=\"color: #0000ff;\" href=\"https:\/\/se.csbe.qc.ca\/universsocial\/files\/2015\/06\/La-Beauce-\u00c0-la-d\u00e9couverte-de-mon-patrimoine.pdf\" target=\"_blank\">La Beauce &#8211; \u00c0 la d\u00e9couverte de mon patrimoine<\/a><\/strong><\/em><\/span><\/h2>\n<!-- WP Attachments -->\r\n        <div style=\"width:100%;margin:10px 0 10px 0;\">\r\n            <h3>Attachments<\/h3>\r\n        <ul class=\"post-attachments\"><li class=\"post-attachment mime-application-pdf\"><a href=\"https:\/\/se.csbe.qc.ca\/universsocial\/files\/2015\/06\/La-Beauce-\u00c0-la-d\u00e9couverte-de-mon-patrimoine.pdf\">La Beauce - \u00c0 la d\u00e9couverte de mon patrimoine<\/a> <small>(5 MB)<\/small><\/li><\/ul><\/div><\/div>","protected":false},"excerpt":{"rendered":"<div class=\"page-restrict-output\"><p>Un int\u00e9ressant projet d&rsquo;innovation p\u00e9dagogique portant sur notre territoire patrimonial: la Beauce! Cliquer pour t\u00e9l\u00e9charger: La Beauce &#8211; \u00c0 la d\u00e9couverte de mon patrimoine Attachments La Beauce &#8211; \u00c0 la d\u00e9couverte de mon patrimoine (5 MB)<\/p>\n<\/div>","protected":false},"author":9,"featured_media":0,"parent":0,"menu_order":0,"comment_status":"open","ping_status":"open","template":"","meta":{"footnotes":""},"class_list":["post-3826","page","type-page","status-publish","hentry","nodate","item-wrap"],"_links":{"self":[{"href":"https:\/\/se.csbe.qc.ca\/universsocial\/wp-json\/wp\/v2\/pages\/3826","targetHints":{"allow":["GET"]}}],"collection":[{"href":"https:\/\/se.csbe.qc.ca\/universsocial\/wp-json\/wp\/v2\/pages"}],"about":[{"href":"https:\/\/se.csbe.qc.ca\/universsocial\/wp-json\/wp\/v2\/types\/page"}],"author":[{"embeddable":true,"href":"https:\/\/se.csbe.qc.ca\/universsocial\/wp-json\/wp\/v2\/users\/9"}],"replies":[{"embeddable":true,"href":"https:\/\/se.csbe.qc.ca\/universsocial\/wp-json\/wp\/v2\/comments?post=3826"}],"version-history":[{"count":1,"href":"https:\/\/se.csbe.qc.ca\/universsocial\/wp-json\/wp\/v2\/pages\/3826\/revisions"}],"predecessor-version":[{"id":3828,"href":"https:\/\/se.csbe.qc.ca\/universsocial\/wp-json\/wp\/v2\/pages\/3826\/revisions\/3828"}],"wp:attachment":[{"href":"https:\/\/se.csbe.qc.ca\/universsocial\/wp-json\/wp\/v2\/media?parent=3826"}],"curies":[{"name":"wp","href":"https:\/\/api.w.org\/{rel}","templated":true}]}}