{"id":382,"date":"2012-10-31T15:06:26","date_gmt":"2012-10-31T14:06:26","guid":{"rendered":"https:\/\/se.csbe.qc.ca\/universsocial\/?page_id=382"},"modified":"2013-01-11T10:46:27","modified_gmt":"2013-01-11T15:46:27","slug":"lecture-du-territoire-de-paris-geographie","status":"publish","type":"page","link":"https:\/\/se.csbe.qc.ca\/universsocial\/lecture-du-territoire-de-paris-geographie\/","title":{"rendered":"Lecture du territoire de Paris (G\u00e9ographie)"},"content":{"rendered":"<div class=\"page-restrict-output\"><h2><span style=\"color: #000000;\">Un beau petit tutoriel qui pourrait vous donner de bonnes id\u00e9es pour faire l&rsquo;analyse d&rsquo;un territoire urbain<\/span><\/h2>\n<h2><\/h2>\n<ul>\n<li>\n<h2><em><span style=\"color: #000000;\">\u00c0 utiliser avec Google Earth ou Google Maps<\/span><\/em><\/h2>\n<\/li>\n<\/ul>\n<h2><\/h2>\n<h2><span style=\"text-decoration: underline; color: #000000;\">Pour y acc\u00e9der, cliquer sur le lien ci-dessous:<\/span><\/h2>\n<h2><em><a href=\"https:\/\/se.csbe.qc.ca\/universsocial\/files\/2012\/10\/Lecture-du-territoire-de-Paris.zip\">Lecture du territoire de Paris<\/a><\/em><\/h2>\n<!-- WP Attachments -->\r\n        <div style=\"width:100%;margin:10px 0 10px 0;\">\r\n            <h3>Attachments<\/h3>\r\n        <ul class=\"post-attachments\"><li class=\"post-attachment mime-application-zip\"><a href=\"https:\/\/se.csbe.qc.ca\/universsocial\/files\/2012\/10\/Lecture-du-territoire-de-Paris.zip\">Lecture du territoire de Paris<\/a> <small>(7 MB)<\/small><\/li><\/ul><\/div><\/div>","protected":false},"excerpt":{"rendered":"<div class=\"page-restrict-output\"><p>Un beau petit tutoriel qui pourrait vous donner de bonnes id\u00e9es pour faire l&rsquo;analyse d&rsquo;un territoire urbain \u00c0 utiliser avec Google Earth ou Google Maps Pour y acc\u00e9der, cliquer sur le lien ci-dessous: Lecture du territoire de Paris Attachments Lecture du territoire de Paris (7 MB)<\/p>\n<\/div>","protected":false},"author":9,"featured_media":0,"parent":0,"menu_order":0,"comment_status":"open","ping_status":"open","template":"","meta":{"footnotes":""},"class_list":["post-382","page","type-page","status-publish","hentry","nodate","item-wrap"],"_links":{"self":[{"href":"https:\/\/se.csbe.qc.ca\/universsocial\/wp-json\/wp\/v2\/pages\/382","targetHints":{"allow":["GET"]}}],"collection":[{"href":"https:\/\/se.csbe.qc.ca\/universsocial\/wp-json\/wp\/v2\/pages"}],"about":[{"href":"https:\/\/se.csbe.qc.ca\/universsocial\/wp-json\/wp\/v2\/types\/page"}],"author":[{"embeddable":true,"href":"https:\/\/se.csbe.qc.ca\/universsocial\/wp-json\/wp\/v2\/users\/9"}],"replies":[{"embeddable":true,"href":"https:\/\/se.csbe.qc.ca\/universsocial\/wp-json\/wp\/v2\/comments?post=382"}],"version-history":[{"count":6,"href":"https:\/\/se.csbe.qc.ca\/universsocial\/wp-json\/wp\/v2\/pages\/382\/revisions"}],"predecessor-version":[{"id":1210,"href":"https:\/\/se.csbe.qc.ca\/universsocial\/wp-json\/wp\/v2\/pages\/382\/revisions\/1210"}],"wp:attachment":[{"href":"https:\/\/se.csbe.qc.ca\/universsocial\/wp-json\/wp\/v2\/media?parent=382"}],"curies":[{"name":"wp","href":"https:\/\/api.w.org\/{rel}","templated":true}]}}