{"id":3812,"date":"2015-06-23T15:31:20","date_gmt":"2015-06-23T19:31:20","guid":{"rendered":"https:\/\/se.csbe.qc.ca\/universsocial\/?page_id=3812"},"modified":"2015-06-23T15:31:20","modified_gmt":"2015-06-23T19:31:20","slug":"banque-de-questions-culture-et-mouvements-de-pensee","status":"publish","type":"page","link":"https:\/\/se.csbe.qc.ca\/universsocial\/banque-de-questions-culture-et-mouvements-de-pensee\/","title":{"rendered":"Banque de questions &#8211; Culture et mouvements de pens\u00e9e"},"content":{"rendered":"<div class=\"page-restrict-output\"><h2><span style=\"color: #000000;\"><strong>Une s\u00e9rie de questions bas\u00e9es sur les op\u00e9rations intellectuelles!<\/strong><\/span><\/h2>\n<h2><span style=\"color: #000000;\">\u00a0<\/span><\/h2>\n<h2><span style=\"color: #000000;\"><em><strong>Merci \u00e0 la table des LLL pour ce partage!<\/strong><\/em><\/span><\/h2>\n<h2><span style=\"color: #000000;\">\u00a0<\/span><\/h2>\n<h2><span style=\"text-decoration: underline; color: #000000;\"><strong>Cliquer pour t\u00e9l\u00e9charger:<\/strong><\/span><\/h2>\n<h2><a href=\"https:\/\/se.csbe.qc.ca\/universsocial\/files\/2015\/06\/LLL-Banque_questions_culture_mouvements_pensee.doc\" target=\"_blank\"><span style=\"color: #0000ff;\"><em><strong>LLL &#8211; Banque_questions_culture_mouvements_pense<\/strong><\/em><\/span>e<\/a><\/h2>\n<!-- WP Attachments -->\r\n        <div style=\"width:100%;margin:10px 0 10px 0;\">\r\n            <h3>Attachments<\/h3>\r\n        <ul class=\"post-attachments\"><li class=\"post-attachment mime-application-msword\"><a href=\"https:\/\/se.csbe.qc.ca\/universsocial\/files\/2015\/06\/LLL-Banque_questions_culture_mouvements_pensee.doc\">LLL - Banque_questions_culture_mouvements_pensee<\/a> <small>(4 MB)<\/small><\/li><\/ul><\/div><\/div>","protected":false},"excerpt":{"rendered":"<div class=\"page-restrict-output\"><p>Une s\u00e9rie de questions bas\u00e9es sur les op\u00e9rations intellectuelles! \u00a0 Merci \u00e0 la table des LLL pour ce partage! \u00a0 Cliquer pour t\u00e9l\u00e9charger: LLL &#8211; Banque_questions_culture_mouvements_pensee Attachments LLL &#8211; Banque_questions_culture_mouvements_pensee (4 MB)<\/p>\n<\/div>","protected":false},"author":9,"featured_media":0,"parent":0,"menu_order":0,"comment_status":"open","ping_status":"open","template":"","meta":{"footnotes":""},"class_list":["post-3812","page","type-page","status-publish","hentry","nodate","item-wrap"],"_links":{"self":[{"href":"https:\/\/se.csbe.qc.ca\/universsocial\/wp-json\/wp\/v2\/pages\/3812","targetHints":{"allow":["GET"]}}],"collection":[{"href":"https:\/\/se.csbe.qc.ca\/universsocial\/wp-json\/wp\/v2\/pages"}],"about":[{"href":"https:\/\/se.csbe.qc.ca\/universsocial\/wp-json\/wp\/v2\/types\/page"}],"author":[{"embeddable":true,"href":"https:\/\/se.csbe.qc.ca\/universsocial\/wp-json\/wp\/v2\/users\/9"}],"replies":[{"embeddable":true,"href":"https:\/\/se.csbe.qc.ca\/universsocial\/wp-json\/wp\/v2\/comments?post=3812"}],"version-history":[{"count":1,"href":"https:\/\/se.csbe.qc.ca\/universsocial\/wp-json\/wp\/v2\/pages\/3812\/revisions"}],"predecessor-version":[{"id":3814,"href":"https:\/\/se.csbe.qc.ca\/universsocial\/wp-json\/wp\/v2\/pages\/3812\/revisions\/3814"}],"wp:attachment":[{"href":"https:\/\/se.csbe.qc.ca\/universsocial\/wp-json\/wp\/v2\/media?parent=3812"}],"curies":[{"name":"wp","href":"https:\/\/api.w.org\/{rel}","templated":true}]}}