{"id":3809,"date":"2015-06-23T15:29:47","date_gmt":"2015-06-23T19:29:47","guid":{"rendered":"https:\/\/se.csbe.qc.ca\/universsocial\/?page_id=3809"},"modified":"2015-06-23T15:29:47","modified_gmt":"2015-06-23T19:29:47","slug":"culture-et-mouvements-de-pensee-en-chansons","status":"publish","type":"page","link":"https:\/\/se.csbe.qc.ca\/universsocial\/culture-et-mouvements-de-pensee-en-chansons\/","title":{"rendered":"Culture et mouvements de pens\u00e9e&#8230; en chansons!"},"content":{"rendered":"<div class=\"page-restrict-output\"><h2><strong>Une tr\u00e8s belle fa\u00e7on d&rsquo;aborder certains mouvements de pens\u00e9e de la r\u00e9alit\u00e9\u00a0\u00ab\u00a0Culture et mouvements de pens\u00e9e\u00a0\u00bb!<\/strong><\/h2>\n<h2><\/h2>\n<h2><em><strong>Merci \u00e0 Mme Patricia Fleury de la CSDRN pour ce partage!<\/strong><\/em><\/h2>\n<h2><\/h2>\n<h2><span style=\"text-decoration: underline;\"><strong>Cliquer pour t\u00e9l\u00e9charger:<\/strong><\/span><\/h2>\n<h2><span style=\"color: #0000ff;\"><em><strong><a style=\"color: #0000ff;\" href=\"https:\/\/se.csbe.qc.ca\/universsocial\/files\/2015\/06\/CSRDN-Culture-Activit\u00e9-Chansons-tableau.docx\" target=\"_blank\">CSRDN &#8211; Culture &#8211; Activit\u00e9 Chansons (tableau)<\/a><\/strong><\/em><\/span><\/h2>\n<!-- WP Attachments -->\r\n        <div style=\"width:100%;margin:10px 0 10px 0;\">\r\n            <h3>Attachments<\/h3>\r\n        <ul class=\"post-attachments\"><li class=\"post-attachment mime-application-vnd-openxmlformats-officedocument-wordprocessingml-document\"><a href=\"https:\/\/se.csbe.qc.ca\/universsocial\/files\/2015\/06\/CSRDN-Culture-Activit\u00e9-Chansons-tableau.docx\">CSRDN - Culture - Activit\u00e9 Chansons (tableau)<\/a> <small>(90 kB)<\/small><\/li><\/ul><\/div><\/div>","protected":false},"excerpt":{"rendered":"<div class=\"page-restrict-output\"><p>Une tr\u00e8s belle fa\u00e7on d&rsquo;aborder certains mouvements de pens\u00e9e de la r\u00e9alit\u00e9\u00a0\u00ab\u00a0Culture et mouvements de pens\u00e9e\u00a0\u00bb! Merci \u00e0 Mme Patricia Fleury de la CSDRN pour ce partage! Cliquer pour t\u00e9l\u00e9charger: CSRDN &#8211; Culture &#8211; Activit\u00e9 Chansons (tableau) Attachments CSRDN &#8211; Culture &#8211; Activit\u00e9 Chansons (tableau) (90 kB)<\/p>\n<\/div>","protected":false},"author":9,"featured_media":0,"parent":0,"menu_order":0,"comment_status":"open","ping_status":"open","template":"","meta":{"footnotes":""},"class_list":["post-3809","page","type-page","status-publish","hentry","nodate","item-wrap"],"_links":{"self":[{"href":"https:\/\/se.csbe.qc.ca\/universsocial\/wp-json\/wp\/v2\/pages\/3809","targetHints":{"allow":["GET"]}}],"collection":[{"href":"https:\/\/se.csbe.qc.ca\/universsocial\/wp-json\/wp\/v2\/pages"}],"about":[{"href":"https:\/\/se.csbe.qc.ca\/universsocial\/wp-json\/wp\/v2\/types\/page"}],"author":[{"embeddable":true,"href":"https:\/\/se.csbe.qc.ca\/universsocial\/wp-json\/wp\/v2\/users\/9"}],"replies":[{"embeddable":true,"href":"https:\/\/se.csbe.qc.ca\/universsocial\/wp-json\/wp\/v2\/comments?post=3809"}],"version-history":[{"count":1,"href":"https:\/\/se.csbe.qc.ca\/universsocial\/wp-json\/wp\/v2\/pages\/3809\/revisions"}],"predecessor-version":[{"id":3811,"href":"https:\/\/se.csbe.qc.ca\/universsocial\/wp-json\/wp\/v2\/pages\/3809\/revisions\/3811"}],"wp:attachment":[{"href":"https:\/\/se.csbe.qc.ca\/universsocial\/wp-json\/wp\/v2\/media?parent=3809"}],"curies":[{"name":"wp","href":"https:\/\/api.w.org\/{rel}","templated":true}]}}