{"id":3785,"date":"2015-06-23T15:10:29","date_gmt":"2015-06-23T19:10:29","guid":{"rendered":"https:\/\/se.csbe.qc.ca\/universsocial\/?page_id=3785"},"modified":"2015-06-23T15:10:29","modified_gmt":"2015-06-23T19:10:29","slug":"les-techniques-en-univers-social","status":"publish","type":"page","link":"https:\/\/se.csbe.qc.ca\/universsocial\/les-techniques-en-univers-social\/","title":{"rendered":"Les techniques en univers social"},"content":{"rendered":"<div class=\"page-restrict-output\"><h2><span style=\"color: #000000;\"><strong>Un beau document pour l&rsquo;\u00e9l\u00e8ve pr\u00e9par\u00e9 par la CS des Appalaches<\/strong><\/span><\/h2>\n<h2><\/h2>\n<h2><em><span style=\"color: #000000;\"><strong>Merci pour le partage!<\/strong><\/span><\/em><\/h2>\n<h2><\/h2>\n<h2><span style=\"text-decoration: underline;\"><span style=\"color: #000000;\"><strong>Cliquer pour t\u00e9l\u00e9charger:<\/strong><\/span><\/span><\/h2>\n<h2><span style=\"color: #0000ff;\"><em><a style=\"color: #0000ff;\" href=\"https:\/\/se.csbe.qc.ca\/universsocial\/files\/2015\/06\/Les-techniques-en-g\u00e9ographie.docx\" target=\"_blank\"><strong>Les techniques en univers soci<\/strong>al<\/a><\/em><\/span><\/h2>\n<!-- WP Attachments -->\r\n        <div style=\"width:100%;margin:10px 0 10px 0;\">\r\n            <h3>Attachments<\/h3>\r\n        <ul class=\"post-attachments\"><li class=\"post-attachment mime-application-vnd-openxmlformats-officedocument-wordprocessingml-document\"><a href=\"https:\/\/se.csbe.qc.ca\/universsocial\/files\/2015\/06\/Les-techniques-en-g\u00e9ographie.docx\">Les techniques en univers social<\/a> <small>(2 MB)<\/small><\/li><\/ul><\/div><\/div>","protected":false},"excerpt":{"rendered":"<div class=\"page-restrict-output\"><p>Un beau document pour l&rsquo;\u00e9l\u00e8ve pr\u00e9par\u00e9 par la CS des Appalaches Merci pour le partage! Cliquer pour t\u00e9l\u00e9charger: Les techniques en univers social Attachments Les techniques en univers social (2 MB)<\/p>\n<\/div>","protected":false},"author":9,"featured_media":0,"parent":0,"menu_order":0,"comment_status":"open","ping_status":"open","template":"","meta":{"footnotes":""},"class_list":["post-3785","page","type-page","status-publish","hentry","nodate","item-wrap"],"_links":{"self":[{"href":"https:\/\/se.csbe.qc.ca\/universsocial\/wp-json\/wp\/v2\/pages\/3785","targetHints":{"allow":["GET"]}}],"collection":[{"href":"https:\/\/se.csbe.qc.ca\/universsocial\/wp-json\/wp\/v2\/pages"}],"about":[{"href":"https:\/\/se.csbe.qc.ca\/universsocial\/wp-json\/wp\/v2\/types\/page"}],"author":[{"embeddable":true,"href":"https:\/\/se.csbe.qc.ca\/universsocial\/wp-json\/wp\/v2\/users\/9"}],"replies":[{"embeddable":true,"href":"https:\/\/se.csbe.qc.ca\/universsocial\/wp-json\/wp\/v2\/comments?post=3785"}],"version-history":[{"count":1,"href":"https:\/\/se.csbe.qc.ca\/universsocial\/wp-json\/wp\/v2\/pages\/3785\/revisions"}],"predecessor-version":[{"id":3787,"href":"https:\/\/se.csbe.qc.ca\/universsocial\/wp-json\/wp\/v2\/pages\/3785\/revisions\/3787"}],"wp:attachment":[{"href":"https:\/\/se.csbe.qc.ca\/universsocial\/wp-json\/wp\/v2\/media?parent=3785"}],"curies":[{"name":"wp","href":"https:\/\/api.w.org\/{rel}","templated":true}]}}