{"id":3780,"date":"2015-06-23T15:07:36","date_gmt":"2015-06-23T19:07:36","guid":{"rendered":"https:\/\/se.csbe.qc.ca\/universsocial\/?page_id=3780"},"modified":"2015-06-23T15:07:36","modified_gmt":"2015-06-23T19:07:36","slug":"les-differents-types-de-reperes-de-temps","status":"publish","type":"page","link":"https:\/\/se.csbe.qc.ca\/universsocial\/les-differents-types-de-reperes-de-temps\/","title":{"rendered":"Les diff\u00e9rents types de rep\u00e8res de temps"},"content":{"rendered":"<div class=\"page-restrict-output\"><h2><span style=\"color: #000000;\"><strong>\u00c0 pr\u00e9senter absolument aux \u00e9l\u00e8ves en d\u00e9but d&rsquo;ann\u00e9e, adapt\u00e9 ou non selon le niveau enseign\u00e9!<\/strong><\/span><\/h2>\n<h2><\/h2>\n<h2><\/h2>\n<h2><span style=\"color: #000000;\"><strong><em>Merci \u00e0 Mme Sylvie Perron (CSDN) pour ce partage!<\/em><\/strong><\/span><\/h2>\n<h2><span style=\"color: #000000;\"><strong>\u00a0<\/strong><\/span><\/h2>\n<h2><span style=\"text-decoration: underline;\"><strong><span style=\"color: #000000; text-decoration: underline;\">Cliquer pour t\u00e9l\u00e9charger<\/span>:<\/strong><\/span><\/h2>\n<h2><span style=\"color: #0000ff;\"><em><strong><a style=\"color: #0000ff;\" href=\"https:\/\/se.csbe.qc.ca\/universsocial\/files\/2015\/06\/Outil-Les-rep\u00e8res-de-temps1.pptx\" target=\"_blank\">Outil &#8211; Les rep\u00e8res de temps<\/a><\/strong><\/em><\/span><\/h2>\n<!-- WP Attachments -->\r\n        <div style=\"width:100%;margin:10px 0 10px 0;\">\r\n            <h3>Attachments<\/h3>\r\n        <ul class=\"post-attachments\"><li class=\"post-attachment mime-application-vnd-openxmlformats-officedocument-presentationml-presentation\"><a href=\"https:\/\/se.csbe.qc.ca\/universsocial\/files\/2015\/06\/Outil-Les-rep\u00e8res-de-temps1.pptx\">Outil - Les rep\u00e8res de temps<\/a> <small>(200 kB)<\/small><\/li><\/ul><\/div><\/div>","protected":false},"excerpt":{"rendered":"<div class=\"page-restrict-output\"><p>\u00c0 pr\u00e9senter absolument aux \u00e9l\u00e8ves en d\u00e9but d&rsquo;ann\u00e9e, adapt\u00e9 ou non selon le niveau enseign\u00e9! Merci \u00e0 Mme Sylvie Perron (CSDN) pour ce partage! \u00a0 Cliquer pour t\u00e9l\u00e9charger: Outil &#8211; Les rep\u00e8res de temps Attachments Outil &#8211; Les rep\u00e8res de temps (200 kB)<\/p>\n<\/div>","protected":false},"author":9,"featured_media":0,"parent":0,"menu_order":0,"comment_status":"open","ping_status":"open","template":"","meta":{"footnotes":""},"class_list":["post-3780","page","type-page","status-publish","hentry","nodate","item-wrap"],"_links":{"self":[{"href":"https:\/\/se.csbe.qc.ca\/universsocial\/wp-json\/wp\/v2\/pages\/3780","targetHints":{"allow":["GET"]}}],"collection":[{"href":"https:\/\/se.csbe.qc.ca\/universsocial\/wp-json\/wp\/v2\/pages"}],"about":[{"href":"https:\/\/se.csbe.qc.ca\/universsocial\/wp-json\/wp\/v2\/types\/page"}],"author":[{"embeddable":true,"href":"https:\/\/se.csbe.qc.ca\/universsocial\/wp-json\/wp\/v2\/users\/9"}],"replies":[{"embeddable":true,"href":"https:\/\/se.csbe.qc.ca\/universsocial\/wp-json\/wp\/v2\/comments?post=3780"}],"version-history":[{"count":1,"href":"https:\/\/se.csbe.qc.ca\/universsocial\/wp-json\/wp\/v2\/pages\/3780\/revisions"}],"predecessor-version":[{"id":3782,"href":"https:\/\/se.csbe.qc.ca\/universsocial\/wp-json\/wp\/v2\/pages\/3780\/revisions\/3782"}],"wp:attachment":[{"href":"https:\/\/se.csbe.qc.ca\/universsocial\/wp-json\/wp\/v2\/media?parent=3780"}],"curies":[{"name":"wp","href":"https:\/\/api.w.org\/{rel}","templated":true}]}}