{"id":3776,"date":"2015-06-23T15:06:07","date_gmt":"2015-06-23T19:06:07","guid":{"rendered":"https:\/\/se.csbe.qc.ca\/universsocial\/?page_id=3776"},"modified":"2015-06-23T15:06:07","modified_gmt":"2015-06-23T19:06:07","slug":"analyse-de-documents-faire-de-linference","status":"publish","type":"page","link":"https:\/\/se.csbe.qc.ca\/universsocial\/analyse-de-documents-faire-de-linference\/","title":{"rendered":"Analyse de documents &#8211; Faire de l&rsquo;inf\u00e9rence"},"content":{"rendered":"<div class=\"page-restrict-output\"><h2><strong><span style=\"color: #000000;\">Un bel outil pour l&rsquo;\u00e9l\u00e8ve!<\/span><\/strong><\/h2>\n<h2><\/h2>\n<h2><em><strong><span style=\"color: #000000;\">Merci \u00e0 Mme Sylvie Perron (CSDN) pour ce partage!<\/span><\/strong><\/em><\/h2>\n<h2><\/h2>\n<h2><span style=\"text-decoration: underline;\"><strong>Cliquer pour t\u00e9l\u00e9charger:<\/strong><\/span><\/h2>\n<h2><span style=\"color: #0000ff;\"><em><strong><a style=\"color: #0000ff;\" href=\"https:\/\/se.csbe.qc.ca\/universsocial\/files\/2015\/06\/Analyse-de-documents-Inf\u00e9rence.docx\" target=\"_blank\">Analyse de documents &#8211; Inf\u00e9rence<\/a><\/strong><\/em><\/span><\/h2>\n<!-- WP Attachments -->\r\n        <div style=\"width:100%;margin:10px 0 10px 0;\">\r\n            <h3>Attachments<\/h3>\r\n        <ul class=\"post-attachments\"><li class=\"post-attachment mime-application-vnd-openxmlformats-officedocument-wordprocessingml-document\"><a href=\"https:\/\/se.csbe.qc.ca\/universsocial\/files\/2015\/06\/Analyse-de-documents-Inf\u00e9rence.docx\">Analyse de documents - Inf\u00e9rence<\/a> <small>(41 kB)<\/small><\/li><\/ul><\/div><\/div>","protected":false},"excerpt":{"rendered":"<div class=\"page-restrict-output\"><p>Un bel outil pour l&rsquo;\u00e9l\u00e8ve! Merci \u00e0 Mme Sylvie Perron (CSDN) pour ce partage! Cliquer pour t\u00e9l\u00e9charger: Analyse de documents &#8211; Inf\u00e9rence Attachments Analyse de documents &#8211; Inf\u00e9rence (41 kB)<\/p>\n<\/div>","protected":false},"author":9,"featured_media":0,"parent":0,"menu_order":0,"comment_status":"open","ping_status":"open","template":"","meta":{"footnotes":""},"class_list":["post-3776","page","type-page","status-publish","hentry","nodate","item-wrap"],"_links":{"self":[{"href":"https:\/\/se.csbe.qc.ca\/universsocial\/wp-json\/wp\/v2\/pages\/3776","targetHints":{"allow":["GET"]}}],"collection":[{"href":"https:\/\/se.csbe.qc.ca\/universsocial\/wp-json\/wp\/v2\/pages"}],"about":[{"href":"https:\/\/se.csbe.qc.ca\/universsocial\/wp-json\/wp\/v2\/types\/page"}],"author":[{"embeddable":true,"href":"https:\/\/se.csbe.qc.ca\/universsocial\/wp-json\/wp\/v2\/users\/9"}],"replies":[{"embeddable":true,"href":"https:\/\/se.csbe.qc.ca\/universsocial\/wp-json\/wp\/v2\/comments?post=3776"}],"version-history":[{"count":1,"href":"https:\/\/se.csbe.qc.ca\/universsocial\/wp-json\/wp\/v2\/pages\/3776\/revisions"}],"predecessor-version":[{"id":3778,"href":"https:\/\/se.csbe.qc.ca\/universsocial\/wp-json\/wp\/v2\/pages\/3776\/revisions\/3778"}],"wp:attachment":[{"href":"https:\/\/se.csbe.qc.ca\/universsocial\/wp-json\/wp\/v2\/media?parent=3776"}],"curies":[{"name":"wp","href":"https:\/\/api.w.org\/{rel}","templated":true}]}}