{"id":3679,"date":"2015-04-27T10:05:50","date_gmt":"2015-04-27T14:05:50","guid":{"rendered":"https:\/\/se.csbe.qc.ca\/universsocial\/?page_id=3679"},"modified":"2017-05-23T13:57:34","modified_gmt":"2017-05-23T17:57:34","slug":"bande-annonce-historique-avec-imovie","status":"publish","type":"page","link":"https:\/\/se.csbe.qc.ca\/universsocial\/bande-annonce-historique-avec-imovie\/","title":{"rendered":"La bande-annonce historique avec iMovie"},"content":{"rendered":"<div class=\"page-restrict-output\"><h2><span style=\"color: #000000\"><strong>Voici tous les documents n\u00e9cessaires pour la r\u00e9alisation du projet \u00abBande-annonce historique avec iMovie\u00bb en classe, de \u00c0 \u00e0 Z.<\/strong><\/span><\/h2>\n<h2><em><span style=\"color: #000000\"><strong>Merci \u00e0 madame\u00a0Dominique Boulet pour la mise sur pied de ce superbe projet!<\/strong><\/span><\/em><\/h2>\n<h2>\u00a0<span style=\"text-decoration: underline\"><span style=\"color: #000000;text-decoration: underline\"><strong>Cliquez pour t\u00e9l\u00e9charger:<\/strong><\/span><\/span><\/h2>\n<h2><span style=\"color: #0000ff\"><em><strong><a style=\"color: #0000ff\" href=\"https:\/\/se.csbe.qc.ca\/universsocial\/files\/2015\/04\/Projet-Bande-annonce-Cahier-de-l\u00e9l\u00e8ve.docx\">Projet Bande annonce &#8211; Cahier de l&rsquo;\u00e9l\u00e8ve<\/a><\/strong><\/em><\/span><\/h2>\n<h2><span style=\"color: #0000ff\"><em><strong><a style=\"color: #0000ff\" href=\"https:\/\/se.csbe.qc.ca\/universsocial\/files\/2015\/04\/Projet-Bande-annonce-Grille-de-correction.docx\">Projet Bande annonce &#8211; Grille de correction<\/a><\/strong><\/em><\/span><\/h2>\n<h2><span style=\"color: #0000ff\"><em><strong><a style=\"color: #0000ff\" href=\"https:\/\/se.csbe.qc.ca\/universsocial\/files\/2015\/04\/Projet-Bande-annonce-Guide-de-lenseignant.docx\">Projet Bande annonce &#8211; Guide de l&rsquo;enseignant<\/a><\/strong><\/em><\/span><\/h2>\n<h2><span style=\"color: #0000ff\"><em><strong><a style=\"color: #0000ff\" href=\"https:\/\/se.csbe.qc.ca\/universsocial\/files\/2015\/04\/Projet-Bande-annonce-Synopsis.docx\">Projet Bande annonce &#8211; Synopsis<\/a><\/strong><\/em><\/span><\/h2>\n<h2><span style=\"color: #0000ff\"><em><strong><a style=\"color: #0000ff\" href=\"https:\/\/se.csbe.qc.ca\/universsocial\/files\/2015\/04\/Projet-Bande-annonce-Th\u00e9matiques-court.docx\">Projet Bande annonce &#8211; Th\u00e9matiques court<\/a><\/strong><\/em><\/span><\/h2>\n<h2><span style=\"color: #0000ff\"><em><strong><a style=\"color: #0000ff\" href=\"https:\/\/se.csbe.qc.ca\/universsocial\/files\/2015\/04\/Projet-Bande-annonce-Tutoriel-iMovie.docx\">Projet Bande annonce &#8211; Tutoriel iMovie<\/a><\/strong><\/em><\/span><\/h2>\n<h2><span style=\"color: #0000ff\"><em><strong><a style=\"color: #0000ff\" href=\"https:\/\/se.csbe.qc.ca\/universsocial\/files\/2015\/04\/Projet-Bande-annonce-Storyboards.docx\">Projet Bande-annonce &#8211; Storyboards<\/a><\/strong><\/em><\/span><\/h2>\n<p>______________________________________________________________________<\/p>\n<h2><span style=\"color: #800000\"><strong>NOUVELLES GRILLES D&rsquo;\u00c9VALUATION DU PROJET!<\/strong><\/span><\/h2>\n<h2><span style=\"color: #800000\"><strong>Pour le nouveau programme <em>Histoire du Qu\u00e9bec et du Canada<\/em> en 3e secondaire :<\/strong><\/span><\/h2>\n<h2><a href=\"https:\/\/se.csbe.qc.ca\/universsocial\/files\/2015\/04\/Bande-annonce_iMovie-Grilles-HQC.docx\">Bande-annonce_iMovie &#8211; Grilles (HQC)<\/a><\/h2>\n<h2><span style=\"color: #800000\"><strong>Pour le programme<em> Histoire et \u00e9ducation \u00e0 la citoyennet\u00e9<\/em> en 4e secondaire :<\/strong><\/span><\/h2>\n<h2><a href=\"https:\/\/se.csbe.qc.ca\/universsocial\/files\/2015\/04\/Bande-annonce_iMovie-Grilles-HEC.docx\">Bande-annonce_iMovie &#8211; Grilles (HEC)<\/a><\/h2>\n<!-- WP Attachments -->\r\n        <div style=\"width:100%;margin:10px 0 10px 0;\">\r\n            <h3>Attachments<\/h3>\r\n        <ul class=\"post-attachments\"><li class=\"post-attachment mime-application-vnd-openxmlformats-officedocument-wordprocessingml-document\"><a href=\"https:\/\/se.csbe.qc.ca\/universsocial\/files\/2015\/04\/Projet-Bande-annonce-Cahier-de-l\u00e9l\u00e8ve.docx\">Projet Bande annonce - Cahier de l'\u00e9l\u00e8ve<\/a> <small>(3 MB)<\/small><\/li><li class=\"post-attachment mime-application-vnd-openxmlformats-officedocument-wordprocessingml-document\"><a href=\"https:\/\/se.csbe.qc.ca\/universsocial\/files\/2015\/04\/Projet-Bande-annonce-Grille-de-correction.docx\">Projet Bande annonce - Grille de correction<\/a> <small>(15 kB)<\/small><\/li><li class=\"post-attachment mime-application-vnd-openxmlformats-officedocument-wordprocessingml-document\"><a href=\"https:\/\/se.csbe.qc.ca\/universsocial\/files\/2015\/04\/Projet-Bande-annonce-Guide-de-lenseignant.docx\">Projet Bande annonce - Guide de l'enseignant<\/a> <small>(8 MB)<\/small><\/li><li class=\"post-attachment mime-application-vnd-openxmlformats-officedocument-wordprocessingml-document\"><a href=\"https:\/\/se.csbe.qc.ca\/universsocial\/files\/2015\/04\/Projet-Bande-annonce-Synopsis.docx\">Projet Bande annonce - Synopsis<\/a> <small>(14 kB)<\/small><\/li><li class=\"post-attachment mime-application-vnd-openxmlformats-officedocument-wordprocessingml-document\"><a href=\"https:\/\/se.csbe.qc.ca\/universsocial\/files\/2015\/04\/Projet-Bande-annonce-Th\u00e9matiques-court.docx\">Projet Bande annonce - Th\u00e9matiques court<\/a> <small>(3 MB)<\/small><\/li><li class=\"post-attachment mime-application-vnd-openxmlformats-officedocument-wordprocessingml-document\"><a href=\"https:\/\/se.csbe.qc.ca\/universsocial\/files\/2015\/04\/Projet-Bande-annonce-Tutoriel-iMovie.docx\">Projet Bande annonce - Tutoriel iMovie<\/a> <small>(420 kB)<\/small><\/li><li class=\"post-attachment mime-application-vnd-openxmlformats-officedocument-wordprocessingml-document\"><a href=\"https:\/\/se.csbe.qc.ca\/universsocial\/files\/2015\/04\/Projet-Bande-annonce-Storyboards.docx\">Projet Bande-annonce - Storyboards<\/a> <small>(2 MB)<\/small><\/li><li class=\"post-attachment mime-application-vnd-openxmlformats-officedocument-wordprocessingml-document\"><a href=\"https:\/\/se.csbe.qc.ca\/universsocial\/files\/2015\/04\/Bande-anonce_iMovie-Grilles-HQC.docx\">Bande-anonce_iMovie - Grilles (HQC)<\/a> <small>(37 kB)<\/small><\/li><li class=\"post-attachment mime-application-vnd-openxmlformats-officedocument-wordprocessingml-document\"><a href=\"https:\/\/se.csbe.qc.ca\/universsocial\/files\/2015\/04\/Bande-annonce_iMovie-Grilles-HEC.docx\">Bande-annonce_iMovie - Grilles (HEC)<\/a> <small>(37 kB)<\/small><\/li><li class=\"post-attachment mime-application-vnd-openxmlformats-officedocument-wordprocessingml-document\"><a href=\"https:\/\/se.csbe.qc.ca\/universsocial\/files\/2015\/04\/Bande-annonce_iMovie-Grilles-HQC.docx\">Bande-annonce_iMovie - Grilles (HQC)<\/a> <small>(37 kB)<\/small><\/li><\/ul><\/div><\/div>","protected":false},"excerpt":{"rendered":"<div class=\"page-restrict-output\"><p>Voici tous les documents n\u00e9cessaires pour la r\u00e9alisation du projet \u00abBande-annonce historique avec iMovie\u00bb en classe, de \u00c0 \u00e0 Z. Merci \u00e0 madame\u00a0Dominique Boulet pour la mise sur pied de ce superbe projet! \u00a0Cliquez pour t\u00e9l\u00e9charger: Projet Bande annonce &#8211; Cahier de l&rsquo;\u00e9l\u00e8ve Projet Bande annonce &#8211; Grille de correction Projet Bande annonce &#8211; Guide &hellip; <\/p>\n<p><a class=\"more-link btn\" href=\"https:\/\/se.csbe.qc.ca\/universsocial\/bande-annonce-historique-avec-imovie\/\">Lire la suite<\/a><\/p>\n<\/div>","protected":false},"author":9,"featured_media":0,"parent":0,"menu_order":0,"comment_status":"open","ping_status":"open","template":"","meta":{"footnotes":""},"class_list":["post-3679","page","type-page","status-publish","hentry","nodate","item-wrap"],"_links":{"self":[{"href":"https:\/\/se.csbe.qc.ca\/universsocial\/wp-json\/wp\/v2\/pages\/3679","targetHints":{"allow":["GET"]}}],"collection":[{"href":"https:\/\/se.csbe.qc.ca\/universsocial\/wp-json\/wp\/v2\/pages"}],"about":[{"href":"https:\/\/se.csbe.qc.ca\/universsocial\/wp-json\/wp\/v2\/types\/page"}],"author":[{"embeddable":true,"href":"https:\/\/se.csbe.qc.ca\/universsocial\/wp-json\/wp\/v2\/users\/9"}],"replies":[{"embeddable":true,"href":"https:\/\/se.csbe.qc.ca\/universsocial\/wp-json\/wp\/v2\/comments?post=3679"}],"version-history":[{"count":6,"href":"https:\/\/se.csbe.qc.ca\/universsocial\/wp-json\/wp\/v2\/pages\/3679\/revisions"}],"predecessor-version":[{"id":5935,"href":"https:\/\/se.csbe.qc.ca\/universsocial\/wp-json\/wp\/v2\/pages\/3679\/revisions\/5935"}],"wp:attachment":[{"href":"https:\/\/se.csbe.qc.ca\/universsocial\/wp-json\/wp\/v2\/media?parent=3679"}],"curies":[{"name":"wp","href":"https:\/\/api.w.org\/{rel}","templated":true}]}}