{"id":3648,"date":"2015-04-09T09:11:58","date_gmt":"2015-04-09T13:11:58","guid":{"rendered":"https:\/\/se.csbe.qc.ca\/universsocial\/?page_id=3648"},"modified":"2015-04-09T09:11:58","modified_gmt":"2015-04-09T13:11:58","slug":"synthese-la-revolution-industrielle","status":"publish","type":"page","link":"https:\/\/se.csbe.qc.ca\/universsocial\/synthese-la-revolution-industrielle\/","title":{"rendered":"Synth\u00e8se &#8211; La r\u00e9volution industrielle"},"content":{"rendered":"<div class=\"page-restrict-output\"><h2><span style=\"color: #000000;\"><strong>Merci \u00e0 Mme Val\u00e9rie Ftouh-Ghammat pour ce superbe sch\u00e9ma-r\u00e9sum\u00e9!<\/strong><\/span><\/h2>\n<h2><\/h2>\n<h2><span style=\"text-decoration: underline;\"><span style=\"color: #000000; text-decoration: underline;\"><strong>Cliquer pour t\u00e9l\u00e9charger:<\/strong><\/span><\/span><\/h2>\n<h2><span style=\"color: #0000ff;\"><em><strong><a style=\"color: #0000ff;\" href=\"https:\/\/se.csbe.qc.ca\/universsocial\/files\/2015\/04\/Synth\u00e8se-R\u00e9volution-industrielle.docx\">Synth\u00e8se &#8211; R\u00e9volution industrielle<\/a><\/strong><\/em><\/span><\/h2>\n<h2><span style=\"color: #0000ff;\"><em><strong><a style=\"color: #0000ff;\" href=\"https:\/\/se.csbe.qc.ca\/universsocial\/files\/2015\/04\/Synth\u00e8se-R\u00e9volution-industrielle-Corrig\u00e9.docx\">Synth\u00e8se &#8211; R\u00e9volution industrielle &#8211; Corrig\u00e9<\/a><\/strong><\/em><\/span><\/h2>\n<!-- WP Attachments -->\r\n        <div style=\"width:100%;margin:10px 0 10px 0;\">\r\n            <h3>Attachments<\/h3>\r\n        <ul class=\"post-attachments\"><li class=\"post-attachment mime-application-vnd-openxmlformats-officedocument-wordprocessingml-document\"><a href=\"https:\/\/se.csbe.qc.ca\/universsocial\/files\/2015\/04\/Synth\u00e8se-R\u00e9volution-industrielle-Corrig\u00e9.docx\">Synth\u00e8se - R\u00e9volution industrielle - Corrig\u00e9<\/a> <small>(73 kB)<\/small><\/li><li class=\"post-attachment mime-application-vnd-openxmlformats-officedocument-wordprocessingml-document\"><a href=\"https:\/\/se.csbe.qc.ca\/universsocial\/files\/2015\/04\/Synth\u00e8se-R\u00e9volution-industrielle.docx\">Synth\u00e8se - R\u00e9volution industrielle<\/a> <small>(105 kB)<\/small><\/li><\/ul><\/div><\/div>","protected":false},"excerpt":{"rendered":"<div class=\"page-restrict-output\"><p>Merci \u00e0 Mme Val\u00e9rie Ftouh-Ghammat pour ce superbe sch\u00e9ma-r\u00e9sum\u00e9! Cliquer pour t\u00e9l\u00e9charger: Synth\u00e8se &#8211; R\u00e9volution industrielle Synth\u00e8se &#8211; R\u00e9volution industrielle &#8211; Corrig\u00e9 Attachments Synth\u00e8se &#8211; R\u00e9volution industrielle &#8211; Corrig\u00e9 (73 kB)Synth\u00e8se &#8211; R\u00e9volution industrielle (105 kB)<\/p>\n<\/div>","protected":false},"author":9,"featured_media":0,"parent":0,"menu_order":0,"comment_status":"open","ping_status":"open","template":"","meta":{"footnotes":""},"class_list":["post-3648","page","type-page","status-publish","hentry","nodate","item-wrap"],"_links":{"self":[{"href":"https:\/\/se.csbe.qc.ca\/universsocial\/wp-json\/wp\/v2\/pages\/3648","targetHints":{"allow":["GET"]}}],"collection":[{"href":"https:\/\/se.csbe.qc.ca\/universsocial\/wp-json\/wp\/v2\/pages"}],"about":[{"href":"https:\/\/se.csbe.qc.ca\/universsocial\/wp-json\/wp\/v2\/types\/page"}],"author":[{"embeddable":true,"href":"https:\/\/se.csbe.qc.ca\/universsocial\/wp-json\/wp\/v2\/users\/9"}],"replies":[{"embeddable":true,"href":"https:\/\/se.csbe.qc.ca\/universsocial\/wp-json\/wp\/v2\/comments?post=3648"}],"version-history":[{"count":1,"href":"https:\/\/se.csbe.qc.ca\/universsocial\/wp-json\/wp\/v2\/pages\/3648\/revisions"}],"predecessor-version":[{"id":3651,"href":"https:\/\/se.csbe.qc.ca\/universsocial\/wp-json\/wp\/v2\/pages\/3648\/revisions\/3651"}],"wp:attachment":[{"href":"https:\/\/se.csbe.qc.ca\/universsocial\/wp-json\/wp\/v2\/media?parent=3648"}],"curies":[{"name":"wp","href":"https:\/\/api.w.org\/{rel}","templated":true}]}}