{"id":359,"date":"2012-10-31T14:50:02","date_gmt":"2012-10-31T13:50:02","guid":{"rendered":"https:\/\/se.csbe.qc.ca\/universsocial\/?page_id=359"},"modified":"2013-01-14T08:59:04","modified_gmt":"2013-01-14T13:59:04","slug":"sae-population-et-peuplement","status":"publish","type":"page","link":"https:\/\/se.csbe.qc.ca\/universsocial\/sae-population-et-peuplement\/","title":{"rendered":"SA\u00c9 &#8211; Population et peuplement (Sec.4)"},"content":{"rendered":"<div class=\"page-restrict-output\"><h2><span style=\"color: #000000;\">Cette SA\u00c9 date de quelques ann\u00e9es, mais elle peut tr\u00e8s bien \u00eatre utilis\u00e9e partiellement, adapt\u00e9e, etc.<\/span><\/h2>\n<h2><\/h2>\n<h2><span style=\"color: #000000;\">C&rsquo;est une version adapt\u00e9e de la Table de l&rsquo;univers social de la Mont\u00e9r\u00e9gie<\/span><\/h2>\n<h2><\/h2>\n<h2><span style=\"text-decoration: underline; color: #000000;\">Pour y acc\u00e9der, cliquer sur le lien ci-dessous:<\/span><\/h2>\n<h2><em><a href=\"https:\/\/se.csbe.qc.ca\/universsocial\/files\/2012\/10\/SA\u00c9-Population-et-peuplement.zip\">SA\u00c9 &#8211; Population et peuplement<\/a><\/em><\/h2>\n<!-- WP Attachments -->\r\n        <div style=\"width:100%;margin:10px 0 10px 0;\">\r\n            <h3>Attachments<\/h3>\r\n        <ul class=\"post-attachments\"><li class=\"post-attachment mime-application-zip\"><a href=\"https:\/\/se.csbe.qc.ca\/universsocial\/files\/2012\/10\/SA\u00c9-Population-et-peuplement.zip\">SA\u00c9 - Population et peuplement<\/a> <small>(17 MB)<\/small><\/li><\/ul><\/div><\/div>","protected":false},"excerpt":{"rendered":"<div class=\"page-restrict-output\"><p>Cette SA\u00c9 date de quelques ann\u00e9es, mais elle peut tr\u00e8s bien \u00eatre utilis\u00e9e partiellement, adapt\u00e9e, etc. C&rsquo;est une version adapt\u00e9e de la Table de l&rsquo;univers social de la Mont\u00e9r\u00e9gie Pour y acc\u00e9der, cliquer sur le lien ci-dessous: SA\u00c9 &#8211; Population et peuplement Attachments SA\u00c9 &#8211; Population et peuplement (17 MB)<\/p>\n<\/div>","protected":false},"author":9,"featured_media":0,"parent":0,"menu_order":0,"comment_status":"open","ping_status":"closed","template":"","meta":{"footnotes":""},"class_list":["post-359","page","type-page","status-publish","hentry","nodate","item-wrap"],"_links":{"self":[{"href":"https:\/\/se.csbe.qc.ca\/universsocial\/wp-json\/wp\/v2\/pages\/359","targetHints":{"allow":["GET"]}}],"collection":[{"href":"https:\/\/se.csbe.qc.ca\/universsocial\/wp-json\/wp\/v2\/pages"}],"about":[{"href":"https:\/\/se.csbe.qc.ca\/universsocial\/wp-json\/wp\/v2\/types\/page"}],"author":[{"embeddable":true,"href":"https:\/\/se.csbe.qc.ca\/universsocial\/wp-json\/wp\/v2\/users\/9"}],"replies":[{"embeddable":true,"href":"https:\/\/se.csbe.qc.ca\/universsocial\/wp-json\/wp\/v2\/comments?post=359"}],"version-history":[{"count":9,"href":"https:\/\/se.csbe.qc.ca\/universsocial\/wp-json\/wp\/v2\/pages\/359\/revisions"}],"predecessor-version":[{"id":2113,"href":"https:\/\/se.csbe.qc.ca\/universsocial\/wp-json\/wp\/v2\/pages\/359\/revisions\/2113"}],"wp:attachment":[{"href":"https:\/\/se.csbe.qc.ca\/universsocial\/wp-json\/wp\/v2\/media?parent=359"}],"curies":[{"name":"wp","href":"https:\/\/api.w.org\/{rel}","templated":true}]}}