{"id":3557,"date":"2015-01-16T15:54:59","date_gmt":"2015-01-16T20:54:59","guid":{"rendered":"https:\/\/se.csbe.qc.ca\/universsocial\/?page_id=3557"},"modified":"2015-01-20T14:11:58","modified_gmt":"2015-01-20T19:11:58","slug":"byod-liste-dapplications-multiplateformes","status":"publish","type":"page","link":"https:\/\/se.csbe.qc.ca\/universsocial\/byod-liste-dapplications-multiplateformes\/","title":{"rendered":"Mobilit\u00e9 &#8211; Liste d&rsquo;applications multiplateformes"},"content":{"rendered":"<div class=\"page-restrict-output\"><h2><span style=\"color: #000000;\"><strong>Voici une liste d&rsquo;applications class\u00e9es selon qu&rsquo;elles sont accessibles sur iOS, Android ou en ligne.<\/strong><\/span><\/h2>\n<h2><\/h2>\n<h2><span style=\"text-decoration: underline;\"><span style=\"color: #000000;\"><strong>Cliquer pour t\u00e9l\u00e9charger:<\/strong><\/span><\/span><\/h2>\n<h2><span style=\"color: #0000ff;\"><em><strong><a style=\"color: #0000ff;\" href=\"https:\/\/se.csbe.qc.ca\/universsocial\/files\/2015\/01\/Liste-dapplications-en-US2.docx\">Liste d&rsquo;applications en US<\/a><\/strong><\/em><\/span><\/h2>\n<!-- WP Attachments -->\r\n        <div style=\"width:100%;margin:10px 0 10px 0;\">\r\n            <h3>Attachments<\/h3>\r\n        <ul class=\"post-attachments\"><li class=\"post-attachment mime-application-vnd-openxmlformats-officedocument-wordprocessingml-document\"><a href=\"https:\/\/se.csbe.qc.ca\/universsocial\/files\/2015\/01\/Liste-dapplications-en-US.docx\">Liste d'applications en US<\/a> <small>(24 kB)<\/small><\/li><li class=\"post-attachment mime-application-vnd-openxmlformats-officedocument-wordprocessingml-document\"><a href=\"https:\/\/se.csbe.qc.ca\/universsocial\/files\/2015\/01\/Liste-dapplications-en-US1.docx\">Liste d'applications en US<\/a> <small>(24 kB)<\/small><\/li><li class=\"post-attachment mime-application-vnd-openxmlformats-officedocument-wordprocessingml-document\"><a href=\"https:\/\/se.csbe.qc.ca\/universsocial\/files\/2015\/01\/Liste-dapplications-en-US2.docx\">Liste d'applications en US<\/a> <small>(24 kB)<\/small><\/li><\/ul><\/div><\/div>","protected":false},"excerpt":{"rendered":"<div class=\"page-restrict-output\"><p>Voici une liste d&rsquo;applications class\u00e9es selon qu&rsquo;elles sont accessibles sur iOS, Android ou en ligne. Cliquer pour t\u00e9l\u00e9charger: Liste d&rsquo;applications en US Attachments Liste d&rsquo;applications en US (24 kB)Liste d&rsquo;applications en US (24 kB)Liste d&rsquo;applications en US (24 kB)<\/p>\n<\/div>","protected":false},"author":9,"featured_media":0,"parent":0,"menu_order":0,"comment_status":"open","ping_status":"open","template":"","meta":{"footnotes":""},"class_list":["post-3557","page","type-page","status-publish","hentry","nodate","item-wrap"],"_links":{"self":[{"href":"https:\/\/se.csbe.qc.ca\/universsocial\/wp-json\/wp\/v2\/pages\/3557","targetHints":{"allow":["GET"]}}],"collection":[{"href":"https:\/\/se.csbe.qc.ca\/universsocial\/wp-json\/wp\/v2\/pages"}],"about":[{"href":"https:\/\/se.csbe.qc.ca\/universsocial\/wp-json\/wp\/v2\/types\/page"}],"author":[{"embeddable":true,"href":"https:\/\/se.csbe.qc.ca\/universsocial\/wp-json\/wp\/v2\/users\/9"}],"replies":[{"embeddable":true,"href":"https:\/\/se.csbe.qc.ca\/universsocial\/wp-json\/wp\/v2\/comments?post=3557"}],"version-history":[{"count":3,"href":"https:\/\/se.csbe.qc.ca\/universsocial\/wp-json\/wp\/v2\/pages\/3557\/revisions"}],"predecessor-version":[{"id":3586,"href":"https:\/\/se.csbe.qc.ca\/universsocial\/wp-json\/wp\/v2\/pages\/3557\/revisions\/3586"}],"wp:attachment":[{"href":"https:\/\/se.csbe.qc.ca\/universsocial\/wp-json\/wp\/v2\/media?parent=3557"}],"curies":[{"name":"wp","href":"https:\/\/api.w.org\/{rel}","templated":true}]}}