{"id":3554,"date":"2015-01-16T15:50:30","date_gmt":"2015-01-16T20:50:30","guid":{"rendered":"https:\/\/se.csbe.qc.ca\/universsocial\/?page_id=3554"},"modified":"2016-04-12T14:43:05","modified_gmt":"2016-04-12T18:43:05","slug":"les-appareils-mobiles-en-univers-social-13-fevrier-2015","status":"publish","type":"page","link":"https:\/\/se.csbe.qc.ca\/universsocial\/les-appareils-mobiles-en-univers-social-13-fevrier-2015\/","title":{"rendered":"Les appareils mobiles en univers social (13 f\u00e9vrier 2015)"},"content":{"rendered":"<div class=\"page-restrict-output\"><h2><span style=\"color: #000000;\"><strong>Voici le document du participant de la formation du 13 f\u00e9vrier 2015!<\/strong><\/span><\/h2>\n<h2><\/h2>\n<h2><span style=\"text-decoration: underline;\"><span style=\"color: #000000;\"><strong>Nous y avons abord\u00e9 notamment 5 applications:<\/strong><\/span><\/span><\/h2>\n<ul>\n<li>\n<h3><span style=\"color: #800000;\"><em><strong>Mindomo<\/strong><\/em><\/span><\/h3>\n<\/li>\n<li>\n<h3><span style=\"color: #800000;\"><em><strong>Skitch<\/strong><\/em><\/span><\/h3>\n<\/li>\n<li>\n<h3><span style=\"color: #800000;\"><em><strong>Thinglink<\/strong><\/em><\/span><\/h3>\n<\/li>\n<li>\n<h3><span style=\"color: #800000;\"><em><strong>Dropbox<\/strong><\/em><\/span><\/h3>\n<\/li>\n<li>\n<h3><span style=\"color: #800000;\"><em><strong>i-Nigma<\/strong><\/em><\/span><\/h3>\n<\/li>\n<\/ul>\n<h2><\/h2>\n<h2><span style=\"text-decoration: underline;\"><span style=\"color: #000000;\"><strong>Cliquer pour t\u00e9l\u00e9charger:<\/strong><\/span><\/span><\/h2>\n<h2><span style=\"text-decoration: underline;\"><span style=\"color: #000000;\"><strong><a href=\"https:\/\/se.csbe.qc.ca\/universsocial\/files\/2015\/01\/Formation-Appareils-mobiles-en-US.pdf\" rel=\"\">Formation &#8211; Appareils mobiles en US<\/a><\/strong><\/span><\/span><\/h2>\n<h2><\/h2>\n<!-- WP Attachments -->\r\n        <div style=\"width:100%;margin:10px 0 10px 0;\">\r\n            <h3>Attachments<\/h3>\r\n        <ul class=\"post-attachments\"><li class=\"post-attachment mime-application-pdf\"><a href=\"https:\/\/se.csbe.qc.ca\/universsocial\/files\/2015\/01\/Formation-Appareils-mobiles-en-US.pdf\">Formation - Appareils mobiles en US<\/a> <small>(27 MB)<\/small><\/li><\/ul><\/div><\/div>","protected":false},"excerpt":{"rendered":"<div class=\"page-restrict-output\"><p>Voici le document du participant de la formation du 13 f\u00e9vrier 2015! Nous y avons abord\u00e9 notamment 5 applications: Mindomo Skitch Thinglink Dropbox i-Nigma Cliquer pour t\u00e9l\u00e9charger: Formation &#8211; Appareils mobiles en US Attachments Formation &#8211; Appareils mobiles en US (27 MB)<\/p>\n<\/div>","protected":false},"author":9,"featured_media":0,"parent":0,"menu_order":0,"comment_status":"open","ping_status":"open","template":"","meta":{"footnotes":""},"class_list":["post-3554","page","type-page","status-publish","hentry","nodate","item-wrap"],"_links":{"self":[{"href":"https:\/\/se.csbe.qc.ca\/universsocial\/wp-json\/wp\/v2\/pages\/3554","targetHints":{"allow":["GET"]}}],"collection":[{"href":"https:\/\/se.csbe.qc.ca\/universsocial\/wp-json\/wp\/v2\/pages"}],"about":[{"href":"https:\/\/se.csbe.qc.ca\/universsocial\/wp-json\/wp\/v2\/types\/page"}],"author":[{"embeddable":true,"href":"https:\/\/se.csbe.qc.ca\/universsocial\/wp-json\/wp\/v2\/users\/9"}],"replies":[{"embeddable":true,"href":"https:\/\/se.csbe.qc.ca\/universsocial\/wp-json\/wp\/v2\/comments?post=3554"}],"version-history":[{"count":2,"href":"https:\/\/se.csbe.qc.ca\/universsocial\/wp-json\/wp\/v2\/pages\/3554\/revisions"}],"predecessor-version":[{"id":4483,"href":"https:\/\/se.csbe.qc.ca\/universsocial\/wp-json\/wp\/v2\/pages\/3554\/revisions\/4483"}],"wp:attachment":[{"href":"https:\/\/se.csbe.qc.ca\/universsocial\/wp-json\/wp\/v2\/media?parent=3554"}],"curies":[{"name":"wp","href":"https:\/\/api.w.org\/{rel}","templated":true}]}}